{"id":5488,"date":"2023-01-25T14:39:05","date_gmt":"2023-01-25T13:39:05","guid":{"rendered":"https:\/\/sjoarafting.no\/?page_id=5488"},"modified":"2026-03-24T11:04:16","modified_gmt":"2026-03-24T10:04:16","slug":"short-stay","status":"publish","type":"page","link":"https:\/\/sjoarafting.no\/en\/packages\/short-stay\/","title":{"rendered":"Short stay"},"content":{"rendered":"[et_pb_section fb_built=&#8221;1&#8243; fullwidth=&#8221;on&#8221; admin_label=&#8221;Tittelseksjon&#8221; _builder_version=&#8221;4.16&#8243; _module_preset=&#8221;default&#8221; bottom_divider_style=&#8221;arrow&#8221; bottom_divider_color=&#8221;#ebf6fa&#8221; global_colors_info=&#8221;{}&#8221;][et_pb_fullwidth_header title=&#8221;@ET-DC@eyJkeW5hbWljIjp0cnVlLCJjb250ZW50IjoicG9zdF90aXRsZSIsInNldHRpbmdzIjp7ImJlZm9yZSI6IiIsImFmdGVyIjoiIn19@&#8221; subhead=&#8221;rafting + accommodation + hot tub&#8221; header_scroll_down=&#8221;on&#8221; scroll_down_icon=&#8221;%%3%%&#8221; scroll_down_icon_color=&#8221;#00BDF2&#8243; scroll_down_icon_size=&#8221;30px&#8221; button_one_text=&#8221;See our images&#8221; button_one_url=&#8221;#insta&#8221; logo_image_url=&#8221;https:\/\/sjoarafting.no\/wp-content\/uploads\/Sjoa_rafting_logo_hvit_tekst-395&#215;143-1.png&#8221; disabled_on=&#8221;off|off|off&#8221; _builder_version=&#8221;4.27.4&#8243; _dynamic_attributes=&#8221;title&#8221; _module_preset=&#8221;default&#8221; title_font=&#8221;||||||||&#8221; title_font_size=&#8221;25px&#8221; background_color=&#8221;#0089B3&#8243; background_image=&#8221;https:\/\/sjoarafting.no\/wp-content\/uploads\/sjoa-rafting-snarvisitt-rafting.jpg&#8221; custom_margin=&#8221;||||false|false&#8221; custom_padding=&#8221;||4em||false|false&#8221; global_colors_info=&#8221;{}&#8221;][\/et_pb_fullwidth_header][\/et_pb_section][et_pb_section fb_built=&#8221;1&#8243; admin_label=&#8221;Innholdsseksjon&#8221; _builder_version=&#8221;4.16&#8243; background_color=&#8221;#ebf6fa&#8221; global_colors_info=&#8221;{}&#8221;][et_pb_row column_structure=&#8221;2_5,3_5&#8243; admin_label=&#8221;row&#8221; _builder_version=&#8221;4.16&#8243; background_size=&#8221;initial&#8221; background_position=&#8221;top_left&#8221; background_repeat=&#8221;repeat&#8221; global_colors_info=&#8221;{}&#8221;][et_pb_column type=&#8221;2_5&#8243; _builder_version=&#8221;4.16&#8243; background_color=&#8221;#0089B3&#8243; custom_padding=&#8221;1em||1em||true|false&#8221; box_shadow_style=&#8221;preset1&#8243; global_colors_info=&#8221;{}&#8221; custom_padding__hover=&#8221;|||&#8221;][et_pb_text admin_label=&#8221;Sm\u00e5fakta og priser&#8221; _builder_version=&#8221;4.27.5&#8243; _module_preset=&#8221;default&#8221; text_orientation=&#8221;center&#8221; background_layout=&#8221;dark&#8221; custom_margin=&#8221;||||false|false&#8221; custom_padding=&#8221;||||false|false&#8221; global_colors_info=&#8221;{}&#8221;]\n<p>\u200b<strong>Age limit<\/strong><br \/>15 years<\/p>\n<p><strong>Difficulty<br \/><\/strong>2-3, high water level 4<\/p>\n<p><strong>Duration<\/strong><br \/>3 hours rafting + accommodation<br \/>1.5 hour in the hot tub<\/p>\n<p><strong>Meals<\/strong><br \/>Breakfast<\/p>\n<p><strong>Price<\/strong><br \/>NOK 1595,- Room<\/p>\n[\/et_pb_text][et_pb_button button_url=&#8221;https:\/\/bestill.sjoarafting.no\/order\/package\/101\/&#8221; button_text=&#8221;Book here&#8221; button_alignment=&#8221;center&#8221; admin_label=&#8221;Foresp\u00f8rselsknapp&#8221; module_class=&#8221;popmake-694&#8243; _builder_version=&#8221;4.27.5&#8243; _module_preset=&#8221;default&#8221; global_colors_info=&#8221;{}&#8221;][\/et_pb_button][et_pb_button button_url=&#8221;\/en\/about-us\/#contact-us&#8221; button_text=&#8221;Send a request&#8221; button_alignment=&#8221;center&#8221; admin_label=&#8221;Foresp\u00f8rselsknapp&#8221; module_class=&#8221;popmake-694&#8243; _builder_version=&#8221;4.20.0&#8243; _module_preset=&#8221;default&#8221; global_colors_info=&#8221;{}&#8221;][\/et_pb_button][\/et_pb_column][et_pb_column type=&#8221;3_5&#8243; _builder_version=&#8221;4.16&#8243; custom_padding=&#8221;|||&#8221; global_colors_info=&#8221;{}&#8221; custom_padding__hover=&#8221;|||&#8221;][et_pb_text admin_label=&#8221;Faktatekst&#8221; _builder_version=&#8221;4.27.6&#8243; _module_preset=&#8221;default&#8221; hover_enabled=&#8221;0&#8243; global_colors_info=&#8221;{}&#8221; sticky_enabled=&#8221;0&#8243;]\n<p>\u200bArrival at Sjoa Rafting AS in the afternoon\/evening. Here you will be accommodated in pleasant rooms of a simple standard. It is possible to pre-order a two-course dinner, for NOK 370,- per person, served at 19.00 and must be booked no later than the day before you come to us.<\/p>\n<p>The hot tub will be warm from 19.00 to 23.00 and you can arrange a time to use this on arrival.<\/p>\n<p>After a good night&#8217;s sleep, breakfast is served in our dining hall at 09.00. Breakfast is a buffet consisting of a selection of bread and rolls, cold cuts, yoghurt and cereal.<\/p>\n<p>At 10.00 the white water rafting trip starts. We then transport you 11 km up Heidal, then you raft back to the camp on Sjoa&#8217;s best stretch. On arrival at the camp, you can enjoy a hot shower, before pictures from the trip are shown in the bar. If you want a hot lunch before departure, it is possible to buy this for NOK. 205,- per person.<\/p>\n<p>The basic package for those who want accommodation in addition to explore Sjoa&#8217;s best stretch with a short river rafting trip. The package includes an overnight stay in a <a href=\"https:\/\/sjoarafting.no\/en\/accommodation-and-food\/\">room<\/a>, a breakfast and a 3-hour white water <a href=\"https:\/\/sjoarafting.no\/en\/rafting\/short-trip-on-sjoa\/\">rafting trip<\/a> on Sjoa as well as a dip in the <a href=\"https:\/\/sjoarafting.no\/en\/accommodation-and-food\/#hot-tubs\">hot tub<\/a>.<\/p>\n<table style=\"width: 100%; border-collapse: collapse;\" border=\"0\">\n<tbody>\n<tr>\n<td style=\"width: 6.81114%;\">Kl. 19:00<\/td>\n<td style=\"width: 92.9825%;\">Arrival at camp and checking into your room. Bedlinen and washing is included.<\/td>\n<\/tr>\n<tr>\n<td style=\"width: 6.81114%;\">Kl. 09:00<\/td>\n<td style=\"width: 92.9825%;\">Breakfast in the dining hall<\/td>\n<\/tr>\n<tr>\n<td style=\"width: 6.81114%;\">Kl. 10:00<\/td>\n<td style=\"width: 92.9825%;\">Short trip on Sjoa&#8217;s best stretch. The trip lasts approx. 3 hours and has an age limit of 15 years.<\/td>\n<\/tr>\n<\/tbody>\n<\/table>\n[\/et_pb_text][\/et_pb_column][\/et_pb_row][et_pb_row _builder_version=&#8221;4.19.4&#8243; _module_preset=&#8221;default&#8221; custom_margin=&#8221;10px||||false|false&#8221; global_colors_info=&#8221;{}&#8221;][et_pb_column type=&#8221;4_4&#8243; _builder_version=&#8221;4.16&#8243; _module_preset=&#8221;default&#8221; global_colors_info=&#8221;{}&#8221;][et_pb_text admin_label=&#8221;Krav m.m.&#8221; _builder_version=&#8221;4.20.0&#8243; _module_preset=&#8221;default&#8221; global_colors_info=&#8221;{}&#8221;]\n<p><strong>Requirements for participants:<\/strong><\/p>\n<p>Rafting and other activities in Sjoa offer a lot of speed and excitement, and it is therefore extremely important to make sure that everything is in order and that safety is always put first. For you to be completely safe during the fun, there are requirements for you who participate in our trips.<\/p>\n<p><strong>Participants must:<\/strong><\/p>\n<ul>\n<li>not suffer from diseases that can be caused by stress or cold water<\/li>\n<li>be able to swim<\/li>\n<li>not be under the influence of intoxicants or narcotics<\/li>\n<\/ul>\n<p><strong>Participants should bring:<\/strong><\/p>\n<ul>\n<li>Wool or super underwear<\/li>\n<li>Wool socks<\/li>\n<li>Towel (can be rented)<\/li>\n<li>Sleeping pad and sleeping bag for overnight stay in lavvu<\/li>\n<li>Headlamp<\/li>\n<\/ul>\n<p><strong>We have the following safety equipment:<\/strong><\/p>\n<ul>\n<li>Approved helmet<\/li>\n<li>Life jacket (rafting)<\/li>\n<li>Wetsuit (Long John)<\/li>\n<li>Neoprene wet jacket<\/li>\n<li>Wet shoes in neoprene<\/li>\n<\/ul>\n[\/et_pb_text][\/et_pb_column][\/et_pb_row][\/et_pb_section][et_pb_section fb_built=&#8221;1&#8243; fullwidth=&#8221;on&#8221; module_id=&#8221;insta&#8221; _builder_version=&#8221;4.16&#8243; _module_preset=&#8221;default&#8221; background_color=&#8221;#ebf6fa&#8221; global_colors_info=&#8221;{}&#8221;][et_pb_fullwidth_code admin_label=&#8221;Fullbredde insta shortcode&#8221; _builder_version=&#8221;4.16&#8243; _module_preset=&#8221;default&#8221; global_colors_info=&#8221;{}&#8221;]\n\t\t\t\t<p class=\"rs-p-wp-fix\"><\/p>\n\t\t\t\t<sr7-module data-alias=\"rafting-overnatting\" data-id=\"34\" id=\"SR7_34_1\" data-version=\"6.7.52\">\n\t\t\t\t\t<sr7-adjuster><\/sr7-adjuster>\n\t\t\t\t\t<sr7-content>\n\t\t\t\t\t\t<sr7-carousel>\n\t\t\t\t\t\t<sr7-slide id=\"SR7_34_1-148\" data-key=\"148\">\n\t\t\t\t\t\t\t<sr7-bg id=\"SR7_34_1-148-slidebg\" class=\"sr7-layer\"><noscript><img decoding=\"async\" src=\"https:\/\/sjoarafting.no\/wp-content\/uploads\/243080126_375333020798359_7204427152791773905_n.-1.jpg\" alt=\"\" title=\"Short stay\"><\/noscript><\/sr7-bg>\n\t\t\t\t\t\t<\/sr7-slide>\n\t\t\t\t\t\t<sr7-slide id=\"SR7_34_1-149\" data-key=\"149\">\n\t\t\t\t\t\t\t<sr7-bg id=\"SR7_34_1-149-slidebg\" class=\"sr7-layer\"><noscript><img decoding=\"async\" src=\"https:\/\/sjoarafting.no\/wp-content\/uploads\/239497323_2978788292449146_8533232000240272324_n..jpg\" alt=\"\" title=\"Short stay\"><\/noscript><\/sr7-bg>\n\t\t\t\t\t\t<\/sr7-slide>\n\t\t\t\t\t\t<sr7-slide id=\"SR7_34_1-179\" data-key=\"179\">\n\t\t\t\t\t\t<\/sr7-slide>\n\t\t\t\t\t\t<sr7-slide id=\"SR7_34_1-150\" data-key=\"150\">\n\t\t\t\t\t\t\t<sr7-bg id=\"SR7_34_1-150-slidebg\" class=\"sr7-layer\"><noscript><img decoding=\"async\" src=\"https:\/\/sjoarafting.no\/wp-content\/uploads\/235163391_260808172286994_3136831165525106069_n..jpg\" alt=\"\" title=\"Short stay\"><\/noscript><\/sr7-bg>\n\t\t\t\t\t\t<\/sr7-slide>\n\t\t\t\t\t\t<sr7-slide id=\"SR7_34_1-177\" data-key=\"177\">\n\t\t\t\t\t\t<\/sr7-slide>\n\t\t\t\t\t\t<sr7-slide id=\"SR7_34_1-178\" data-key=\"178\">\n\t\t\t\t\t\t<\/sr7-slide>\n\t\t\t\t\t\t<sr7-slide id=\"SR7_34_1-272\" data-key=\"272\">\n\t\t\t\t\t\t<\/sr7-slide>\n\t\t\t\t\t\t<\/sr7-carousel>\n\t\t\t\t\t<\/sr7-content>\n\t\t\t\t<\/sr7-module>\n\t\t\t\t<script>\n\t\t\t\t\twindow.SR7 ??={};SR7.PMH ??={}; SR7.PMH[\"SR7_34_1\"] = {cn:100,state:false,fn: function() { if (window._tpt!==undefined && window._tpt.prepareModuleHeight !== undefined) {  _tpt.prepareModuleHeight({id:\"SR7_34_1\",el:[380,768,960,280],type:'carousel',shdw:'0',gh:[380,380,340,280],gw:[300,300,250,200],vpt:['-200px'],size:{fullWidth:true, fullHeight:false},mh:'0',onh:0,onw:0,bg:{color:'transparent'},carousel:{pt:'0',pb:'0'}});   SR7.PMH[\"SR7_34_1\"].state=true;} else if(SR7.PMH[\"SR7_34_1\"].cn-->0)\tsetTimeout( SR7.PMH[\"SR7_34_1\"].fn,19);}};SR7.PMH[\"SR7_34_1\" ].fn();\n\t\t\t\t<\/script>\n[\/et_pb_fullwidth_code][\/et_pb_section]\n","protected":false},"excerpt":{"rendered":"<p>Variert tur p\u00e5 Sjoas mest popul\u00e6re raftingstrekning. Rolig start og frisk avslutning. Turen avsluttes ved \u00e5 padle inn i leiren v\u00e5r.<\/p>\n<p>Deltakerne blir utstyrt med v\u00e5tdrakter, v\u00e5tsko, hjelm, redningsvest.<\/p>\n","protected":false},"author":4,"featured_media":3568,"parent":4094,"menu_order":0,"comment_status":"closed","ping_status":"closed","template":"","meta":{"_acf_changed":false,"_et_pb_use_builder":"on","_et_pb_old_content":"<p>[et_pb_section fb_built=\"1\" fullwidth=\"on\" admin_label=\"Tittelseksjon\" _builder_version=\"4.16\" _module_preset=\"default\" bottom_divider_style=\"arrow\" bottom_divider_color=\"#ebf6fa\" global_colors_info=\"{}\"][et_pb_fullwidth_header title=\"@ET-DC@eyJkeW5hbWljIjp0cnVlLCJjb250ZW50IjoicG9zdF90aXRsZSIsInNldHRpbmdzIjp7ImJlZm9yZSI6IiIsImFmdGVyIjoiIn19@\" subhead=\"3 timer rafting +overnatting \" header_scroll_down=\"on\" scroll_down_icon=\"%%3%%\" scroll_down_icon_color=\"#00BDF2\" scroll_down_icon_size=\"30px\" button_one_text=\"Se bilder\" button_one_url=\"#insta\" logo_image_url=\"https:\/\/sjoarafting.no\/wp-content\/uploads\/Sjoa_rafting_logo_hvit_tekst-395x143-1.png\" disabled_on=\"off|off|off\" _builder_version=\"4.19.4\" _dynamic_attributes=\"title\" _module_preset=\"default\" title_font=\"||||||||\" title_font_size=\"25px\" background_color=\"#0089B3\" background_image=\"https:\/\/sjoarafting.no\/wp-content\/uploads\/Rafting-pa-sjoa-hos-Sjoa-Rafting.jpg\" custom_margin=\"||||false|false\" custom_padding=\"||4em||false|false\" global_colors_info=\"{}\"][\/et_pb_fullwidth_header][\/et_pb_section][et_pb_section fb_built=\"1\" admin_label=\"Innholdsseksjon\" _builder_version=\"4.16\" background_color=\"#ebf6fa\" global_colors_info=\"{}\"][et_pb_row column_structure=\"2_5,3_5\" admin_label=\"row\" _builder_version=\"4.16\" background_size=\"initial\" background_position=\"top_left\" background_repeat=\"repeat\" global_colors_info=\"{}\"][et_pb_column type=\"2_5\" _builder_version=\"4.16\" background_color=\"#0089B3\" custom_padding=\"1em||1em||true|false\" box_shadow_style=\"preset1\" global_colors_info=\"{}\" custom_padding__hover=\"|||\"][et_pb_text admin_label=\"Sm\u00e5fakta og priser\" _builder_version=\"4.19.4\" _module_preset=\"default\" text_orientation=\"center\" background_layout=\"dark\" custom_margin=\"||||false|false\" custom_padding=\"||||false|false\" global_colors_info=\"{}\"]<\/p><p><strong>Aldersgrense<\/strong><br \/>15 \u00e5r<\/p><p><strong>Vanskelighetsgrad<br \/><\/strong>2-3, h\u00f8y vannstand 4<\/p><p><strong>Varighet<\/strong><br \/>3 timer rafting +overnatting<\/p><p><strong>Mat<\/strong><br \/>Frokost<\/p><p><strong>Pris<\/strong><br \/>1395,- Sov inne<\/p><p>[\/et_pb_text][et_pb_button button_url=\"\/om-oss\/#kontakt-oss\" button_text=\"Send foresp\u00f8rsel\" button_alignment=\"center\" admin_label=\"Foresp\u00f8rselsknapp\" module_class=\"popmake-694\" _builder_version=\"4.16\" _module_preset=\"default\" global_colors_info=\"{}\"][\/et_pb_button][\/et_pb_column][et_pb_column type=\"3_5\" _builder_version=\"4.16\" custom_padding=\"|||\" global_colors_info=\"{}\" custom_padding__hover=\"|||\"][et_pb_text admin_label=\"Faktatekst\" _builder_version=\"4.19.4\" _module_preset=\"default\" hover_enabled=\"0\" global_colors_info=\"{}\" sticky_enabled=\"0\"]<\/p><p>Ankomst hos Sjoa Rafting AS p\u00e5 ettermiddagen\/kvelden. Her vil dere bli innlosjert p\u00e5 hyggelige rom av enkel standard. Dersom dere er sultne etter reisen til oss, s\u00e5 er det muligheter for \u00e5 f\u00e5 kj\u00f8pt hjemmelaget pizza i baren. Det er ogs\u00e5 mulig \u00e5 forh\u00e5ndsbestille en to retters middag, til kr. 310,- pr. person, der serveres kl. 19.00 og m\u00e5 v\u00e6re bestilt senest dagen f\u00f8r dere kommer til oss.<\/p><p>Badestampen vil v\u00e6re varm fra kl. 19.00 til kl. 23.00og dere kan avtale tid for bruk av denne ved ankomst.<\/p><p>Etter en god natt s\u00f8vn blir det servert frokost i mathuset v\u00e5rt kl. 09.00. Frokosten er en buffet best\u00e5ende av et utvalg br\u00f8d og rundstykker, p\u00e5legg, yoghurt og frokostblanding.<\/p><p>Klokka 10.00 starter rafting turen. Vi frakter dere s\u00e5 11km oppover Heidal, s\u00e5 rafter dere tilbake til leiren p\u00e5 Sjoas beste strekning. Ved ankomst i leiren kan dere nyte en varm dusj, f\u00f8r det blir visning av bilder fra turen i baren. Dersom dere \u00f8nsker en varm lunsj f\u00f8r avreise, s\u00e5 er det mulig \u00e5 kj\u00f8pe dette til kr. 155,- pr. person.<\/p><p>Basispakken for deg som \u00f8nsker overnatting i tillegg til en kort raftingtur. Pakken inkluderer en overnatting p\u00e5 rom, en frokost og en 3 timers rafting tur p\u00e5 Sjoa samt en tur i badestampen.<\/p><p>\u00a0<\/p><table style=\"width: 100%; border-collapse: collapse;\" border=\"0\"><tbody><tr><td>Kl. 19:00<\/td><td>Innlosjering i hytte\/rom. Senget\u00f8y og utvask er inkludert<\/td><\/tr><tr><td>Kl. 09:00<\/td><td>Frokost i mathuset<\/td><\/tr><tr><td>Kl. 10:00<\/td><td>Korttur rafting p\u00e5 Sjoas beste strekning Turen varer i omtrent 3 timer og den har en aldersgrense p\u00e5 15 \u00e5r<\/td><\/tr><\/tbody><\/table><p>[\/et_pb_text][\/et_pb_column][\/et_pb_row][et_pb_row _builder_version=\"4.19.4\" _module_preset=\"default\" hover_enabled=\"0\" global_colors_info=\"{}\" custom_margin=\"10px||||false|false\" sticky_enabled=\"0\"][et_pb_column type=\"4_4\" _builder_version=\"4.16\" _module_preset=\"default\" global_colors_info=\"{}\"][et_pb_text admin_label=\"Krav m.m.\" _builder_version=\"4.16\" _module_preset=\"default\" global_colors_info=\"{}\"]<\/p><p><strong>Krav til deltakere:<\/strong><\/p><p>Rafting og andre aktiviteter i Sjoa byr p\u00e5 masse fart og spenning, og det er derfor ekstra viktig \u00e5 passe p\u00e5 at alt er i orden av utstyr og at sikkerheten settes aller f\u00f8rst. For at du skal v\u00e6re helt trygg underveis i moroa, stilles det krav til dere som deltar p\u00e5 v\u00e5re turer.<\/p><p><strong>Deltakere m\u00e5:<\/strong><\/p><ul><li>ikke lide av sykdommer som kan fremkalles under stress eller av kaldt vann<\/li><li>kunne sv\u00f8mme<\/li><li>ikke v\u00e6re p\u00e5virket av berusende eller bed\u00f8vende midler<\/li><\/ul><p><strong>Deltakere b\u00f8r ha med:<\/strong><\/p><ul><li>Ullgenser eller ull\/superundert\u00f8y<\/li><li>Ullsokker<\/li><li>H\u00e5ndkle (kan leies)<\/li><li>Liggeunderlag og sovepose ved overnatting i lavvu<\/li><li>Eventuelt hodelykt<\/li><\/ul><p><strong>Vi holder f\u00f8lgende sikkerhetsutstyr:<\/strong><\/p><ul><li>Godkjent hjelm<\/li><li>Redningsvest (rafting)<\/li><li>V\u00e5tdrakt (Long John)<\/li><li>V\u00e5tjakke i neopren<\/li><li>V\u00e5tsko i neopren<\/li><\/ul><p>[\/et_pb_text][\/et_pb_column][\/et_pb_row][\/et_pb_section][et_pb_section fb_built=\"1\" fullwidth=\"on\" module_id=\"insta\" _builder_version=\"4.16\" _module_preset=\"default\" background_color=\"#ebf6fa\" global_colors_info=\"{}\"][et_pb_fullwidth_code admin_label=\"Fullbredde insta shortcode\" _builder_version=\"4.16\" _module_preset=\"default\" global_colors_info=\"{}\"][rev_slider alias=\"rafting-overnatting\"][\/rev_slider][\/et_pb_fullwidth_code][\/et_pb_section]<\/p>","_et_gb_content_width":"","footnotes":""},"categories":[],"tags":[],"class_list":["post-5488","page","type-page","status-publish","has-post-thumbnail","hentry"],"acf":[],"yoast_head":"<!-- This site is optimized with the Yoast SEO Premium plugin v27.3 (Yoast SEO v27.3) - https:\/\/yoast.com\/product\/yoast-seo-premium-wordpress\/ -->\n<title>Short stay - Sjoa Rafting AS<\/title>\n<meta name=\"robots\" content=\"index, follow, max-snippet:-1, max-image-preview:large, max-video-preview:-1\" \/>\n<link rel=\"canonical\" href=\"https:\/\/sjoarafting.no\/en\/packages\/short-stay\/\" \/>\n<meta property=\"og:locale\" content=\"en_US\" \/>\n<meta property=\"og:type\" content=\"article\" \/>\n<meta property=\"og:title\" content=\"Short stay\" \/>\n<meta property=\"og:description\" content=\"Variert tur p\u00e5 Sjoas mest popul\u00e6re raftingstrekning. Rolig start og frisk avslutning. Turen avsluttes ved \u00e5 padle inn i leiren v\u00e5r.     Deltakerne blir utstyrt med v\u00e5tdrakter, v\u00e5tsko, hjelm, redningsvest.\" \/>\n<meta property=\"og:url\" content=\"https:\/\/sjoarafting.no\/en\/packages\/short-stay\/\" \/>\n<meta property=\"og:site_name\" content=\"Sjoa Rafting AS\" \/>\n<meta property=\"article:modified_time\" content=\"2026-03-24T10:04:16+00:00\" \/>\n<meta property=\"og:image\" content=\"https:\/\/sjoarafting.no\/wp-content\/uploads\/sjoa-rafting-dagstur-sjoa.jpg\" \/>\n\t<meta property=\"og:image:width\" content=\"980\" \/>\n\t<meta property=\"og:image:height\" content=\"1080\" \/>\n\t<meta property=\"og:image:type\" content=\"image\/jpeg\" \/>\n<meta name=\"twitter:card\" content=\"summary_large_image\" \/>\n<meta name=\"twitter:label1\" content=\"Est. reading time\" \/>\n\t<meta name=\"twitter:data1\" content=\"3 minutes\" \/>\n<script type=\"application\/ld+json\" class=\"yoast-schema-graph\">{\"@context\":\"https:\\\/\\\/schema.org\",\"@graph\":[{\"@type\":\"WebPage\",\"@id\":\"https:\\\/\\\/sjoarafting.no\\\/en\\\/packages\\\/short-stay\\\/\",\"url\":\"https:\\\/\\\/sjoarafting.no\\\/en\\\/packages\\\/short-stay\\\/\",\"name\":\"Short stay - Sjoa Rafting AS\",\"isPartOf\":{\"@id\":\"https:\\\/\\\/sjoarafting.no\\\/#website\"},\"primaryImageOfPage\":{\"@id\":\"https:\\\/\\\/sjoarafting.no\\\/en\\\/packages\\\/short-stay\\\/#primaryimage\"},\"image\":{\"@id\":\"https:\\\/\\\/sjoarafting.no\\\/en\\\/packages\\\/short-stay\\\/#primaryimage\"},\"thumbnailUrl\":\"https:\\\/\\\/sjoarafting.no\\\/wp-content\\\/uploads\\\/sjoa-rafting-dagstur-sjoa.jpg\",\"datePublished\":\"2023-01-25T13:39:05+00:00\",\"dateModified\":\"2026-03-24T10:04:16+00:00\",\"breadcrumb\":{\"@id\":\"https:\\\/\\\/sjoarafting.no\\\/en\\\/packages\\\/short-stay\\\/#breadcrumb\"},\"inLanguage\":\"en-US\",\"potentialAction\":[{\"@type\":\"ReadAction\",\"target\":[\"https:\\\/\\\/sjoarafting.no\\\/en\\\/packages\\\/short-stay\\\/\"]}]},{\"@type\":\"ImageObject\",\"inLanguage\":\"en-US\",\"@id\":\"https:\\\/\\\/sjoarafting.no\\\/en\\\/packages\\\/short-stay\\\/#primaryimage\",\"url\":\"https:\\\/\\\/sjoarafting.no\\\/wp-content\\\/uploads\\\/sjoa-rafting-dagstur-sjoa.jpg\",\"contentUrl\":\"https:\\\/\\\/sjoarafting.no\\\/wp-content\\\/uploads\\\/sjoa-rafting-dagstur-sjoa.jpg\",\"width\":980,\"height\":1080},{\"@type\":\"BreadcrumbList\",\"@id\":\"https:\\\/\\\/sjoarafting.no\\\/en\\\/packages\\\/short-stay\\\/#breadcrumb\",\"itemListElement\":[{\"@type\":\"ListItem\",\"position\":1,\"name\":\"Hjem\",\"item\":\"https:\\\/\\\/sjoarafting.no\\\/\"},{\"@type\":\"ListItem\",\"position\":2,\"name\":\"Packages\",\"item\":\"https:\\\/\\\/sjoarafting.no\\\/en\\\/packages\\\/\"},{\"@type\":\"ListItem\",\"position\":3,\"name\":\"Short stay\"}]},{\"@type\":\"WebSite\",\"@id\":\"https:\\\/\\\/sjoarafting.no\\\/#website\",\"url\":\"https:\\\/\\\/sjoarafting.no\\\/\",\"name\":\"Sjoa Rafting AS\",\"description\":\"Mer enn bare rafting\",\"potentialAction\":[{\"@type\":\"SearchAction\",\"target\":{\"@type\":\"EntryPoint\",\"urlTemplate\":\"https:\\\/\\\/sjoarafting.no\\\/?s={search_term_string}\"},\"query-input\":{\"@type\":\"PropertyValueSpecification\",\"valueRequired\":true,\"valueName\":\"search_term_string\"}}],\"inLanguage\":\"en-US\"}]}<\/script>\n<!-- \/ Yoast SEO Premium plugin. -->","yoast_head_json":{"title":"Short stay - Sjoa Rafting AS","robots":{"index":"index","follow":"follow","max-snippet":"max-snippet:-1","max-image-preview":"max-image-preview:large","max-video-preview":"max-video-preview:-1"},"canonical":"https:\/\/sjoarafting.no\/en\/packages\/short-stay\/","og_locale":"en_US","og_type":"article","og_title":"Short stay","og_description":"Variert tur p\u00e5 Sjoas mest popul\u00e6re raftingstrekning. Rolig start og frisk avslutning. Turen avsluttes ved \u00e5 padle inn i leiren v\u00e5r.     Deltakerne blir utstyrt med v\u00e5tdrakter, v\u00e5tsko, hjelm, redningsvest.","og_url":"https:\/\/sjoarafting.no\/en\/packages\/short-stay\/","og_site_name":"Sjoa Rafting AS","article_modified_time":"2026-03-24T10:04:16+00:00","og_image":[{"width":980,"height":1080,"url":"https:\/\/sjoarafting.no\/wp-content\/uploads\/sjoa-rafting-dagstur-sjoa.jpg","type":"image\/jpeg"}],"twitter_card":"summary_large_image","twitter_misc":{"Est. reading time":"3 minutes"},"schema":{"@context":"https:\/\/schema.org","@graph":[{"@type":"WebPage","@id":"https:\/\/sjoarafting.no\/en\/packages\/short-stay\/","url":"https:\/\/sjoarafting.no\/en\/packages\/short-stay\/","name":"Short stay - Sjoa Rafting AS","isPartOf":{"@id":"https:\/\/sjoarafting.no\/#website"},"primaryImageOfPage":{"@id":"https:\/\/sjoarafting.no\/en\/packages\/short-stay\/#primaryimage"},"image":{"@id":"https:\/\/sjoarafting.no\/en\/packages\/short-stay\/#primaryimage"},"thumbnailUrl":"https:\/\/sjoarafting.no\/wp-content\/uploads\/sjoa-rafting-dagstur-sjoa.jpg","datePublished":"2023-01-25T13:39:05+00:00","dateModified":"2026-03-24T10:04:16+00:00","breadcrumb":{"@id":"https:\/\/sjoarafting.no\/en\/packages\/short-stay\/#breadcrumb"},"inLanguage":"en-US","potentialAction":[{"@type":"ReadAction","target":["https:\/\/sjoarafting.no\/en\/packages\/short-stay\/"]}]},{"@type":"ImageObject","inLanguage":"en-US","@id":"https:\/\/sjoarafting.no\/en\/packages\/short-stay\/#primaryimage","url":"https:\/\/sjoarafting.no\/wp-content\/uploads\/sjoa-rafting-dagstur-sjoa.jpg","contentUrl":"https:\/\/sjoarafting.no\/wp-content\/uploads\/sjoa-rafting-dagstur-sjoa.jpg","width":980,"height":1080},{"@type":"BreadcrumbList","@id":"https:\/\/sjoarafting.no\/en\/packages\/short-stay\/#breadcrumb","itemListElement":[{"@type":"ListItem","position":1,"name":"Hjem","item":"https:\/\/sjoarafting.no\/"},{"@type":"ListItem","position":2,"name":"Packages","item":"https:\/\/sjoarafting.no\/en\/packages\/"},{"@type":"ListItem","position":3,"name":"Short stay"}]},{"@type":"WebSite","@id":"https:\/\/sjoarafting.no\/#website","url":"https:\/\/sjoarafting.no\/","name":"Sjoa Rafting AS","description":"Mer enn bare rafting","potentialAction":[{"@type":"SearchAction","target":{"@type":"EntryPoint","urlTemplate":"https:\/\/sjoarafting.no\/?s={search_term_string}"},"query-input":{"@type":"PropertyValueSpecification","valueRequired":true,"valueName":"search_term_string"}}],"inLanguage":"en-US"}]}},"_links":{"self":[{"href":"https:\/\/sjoarafting.no\/en\/wp-json\/wp\/v2\/pages\/5488","targetHints":{"allow":["GET"]}}],"collection":[{"href":"https:\/\/sjoarafting.no\/en\/wp-json\/wp\/v2\/pages"}],"about":[{"href":"https:\/\/sjoarafting.no\/en\/wp-json\/wp\/v2\/types\/page"}],"author":[{"embeddable":true,"href":"https:\/\/sjoarafting.no\/en\/wp-json\/wp\/v2\/users\/4"}],"replies":[{"embeddable":true,"href":"https:\/\/sjoarafting.no\/en\/wp-json\/wp\/v2\/comments?post=5488"}],"version-history":[{"count":21,"href":"https:\/\/sjoarafting.no\/en\/wp-json\/wp\/v2\/pages\/5488\/revisions"}],"predecessor-version":[{"id":7263,"href":"https:\/\/sjoarafting.no\/en\/wp-json\/wp\/v2\/pages\/5488\/revisions\/7263"}],"up":[{"embeddable":true,"href":"https:\/\/sjoarafting.no\/en\/wp-json\/wp\/v2\/pages\/4094"}],"wp:featuredmedia":[{"embeddable":true,"href":"https:\/\/sjoarafting.no\/en\/wp-json\/wp\/v2\/media\/3568"}],"wp:attachment":[{"href":"https:\/\/sjoarafting.no\/en\/wp-json\/wp\/v2\/media?parent=5488"}],"wp:term":[{"taxonomy":"category","embeddable":true,"href":"https:\/\/sjoarafting.no\/en\/wp-json\/wp\/v2\/categories?post=5488"},{"taxonomy":"post_tag","embeddable":true,"href":"https:\/\/sjoarafting.no\/en\/wp-json\/wp\/v2\/tags?post=5488"}],"curies":[{"name":"wp","href":"https:\/\/api.w.org\/{rel}","templated":true}]}}