{"id":4450,"date":"2022-02-18T10:31:02","date_gmt":"2022-02-18T09:31:02","guid":{"rendered":"https:\/\/sjoarafting.no\/?page_id=4450"},"modified":"2022-02-18T10:38:14","modified_gmt":"2022-02-18T09:38:14","slug":"privacy-protection","status":"publish","type":"page","link":"https:\/\/sjoarafting.no\/en\/privacy-protection\/","title":{"rendered":"Privacy protection"},"content":{"rendered":"[et_pb_section fb_built=&#8221;1&#8243; _builder_version=&#8221;4.10.4&#8243; _module_preset=&#8221;default&#8221; background_color=&#8221;gcid-91b3920f-8c20-402e-aad2-c8ac690c8052&#8243; custom_padding=&#8221;||0px|||&#8221; global_colors_info=&#8221;{%22gcid-91b3920f-8c20-402e-aad2-c8ac690c8052%22:%91%22background_color%22%93}&#8221;][et_pb_row _builder_version=&#8221;4.9.10&#8243; _module_preset=&#8221;default&#8221; global_colors_info=&#8221;{}&#8221;][et_pb_column type=&#8221;4_4&#8243; _builder_version=&#8221;4.9.10&#8243; _module_preset=&#8221;default&#8221; global_colors_info=&#8221;{}&#8221;][et_pb_text _builder_version=&#8221;4.14.7&#8243; _module_preset=&#8221;default&#8221; text_orientation=&#8221;center&#8221; custom_margin=&#8221;||-3px|||&#8221; global_colors_info=&#8221;{}&#8221;]\n<h1>Privacy protection<\/h1>\n[\/et_pb_text][\/et_pb_column][\/et_pb_row][\/et_pb_section][et_pb_section fb_built=&#8221;1&#8243; _builder_version=&#8221;4.10.4&#8243; _module_preset=&#8221;default&#8221; background_color=&#8221;gcid-91b3920f-8c20-402e-aad2-c8ac690c8052&#8243; custom_padding=&#8221;0px||3px|||&#8221; global_colors_info=&#8221;{%22gcid-91b3920f-8c20-402e-aad2-c8ac690c8052%22:%91%22background_color%22%93}&#8221;][et_pb_row _builder_version=&#8221;4.9.10&#8243; _module_preset=&#8221;default&#8221; custom_padding=&#8221;2px||5px|||&#8221; global_colors_info=&#8221;{}&#8221;][et_pb_column type=&#8221;4_4&#8243; _builder_version=&#8221;4.9.10&#8243; _module_preset=&#8221;default&#8221; global_colors_info=&#8221;{}&#8221;][et_pb_text _builder_version=&#8221;4.14.7&#8243; _module_preset=&#8221;default&#8221; hover_enabled=&#8221;0&#8243; global_colors_info=&#8221;{}&#8221; sticky_enabled=&#8221;0&#8243;]\n<p class=\"font_8\"><span class=\"color_20\">Privacy protection statement for Sjoa Rafting AS<\/span><\/p>\n<\/p>\n<p>The general manager is responsible for the company&#8217;s processing of personal data on behalf of Sjoa Rafting AS.<\/p>\n<p>Sjoa Rafting AS process the information in order to be able to carry out Sjoa Rafting AS\u2019s obligations by agreement with you.<\/p>\n<p>Sjoa Rafting AS also use the information to provide you with information, offers and service in connection with your purchase via e-mail, telephone and SMS.<\/p>\n<p>If photos are taken during the trip, these will be available for purchase after the trip, and can also be used for marketing (web, print or social media) This will then be to market our products.<\/p>\n<p>Information about name, address, telephone, e-mail address is used to fulfill the purchase agreement. The basis for this treatment is Article 6 (b) of the Privacy Ordinance.<\/p>\n<p>Where you have consented to it, the information is also used to provide you with information, offers and service in connection with your purchase via e-mail, telephone and SMS. The basis for this treatment is the Privacy Ordinance Art 6 (a). You can at any time refuse to receive such information from us.<\/p>\n<p>Sjoa Rafting AS store the personal information you have provided on Sjoa Rafting AS\u2019s website or to Sjoa Rafting AS\u2019s\u00a0 employees in connection with purchases or agreements.<\/p>\n<\/p>\n<h6>Cookies:<\/h6>\n<p>Cookies are small text files that are placed on your computer when you download a website. Sjoa Rafting AS use cookies on the websites to give you the best customer experience and service. The Electronic Communications Act requires that Sjoa Rafting AS inform Sjoa Rafting AS\u2019s visitors about the use of cookies. Sjoa Rafting AS uses cookies for the following purposes:<\/p>\n<p>* Analysis of how the websites are used by the visitors<\/p>\n<p>* Tailoring content based on how users use the site<\/p>\n<p>* Updating of shopping cart in connection with the use of our online store<\/p>\n<\/p>\n<h6>Disclosure of information to third parties:<\/h6>\n<p>For our online booking Sjoa Rafting AS use services from Turitop S.L. When booking via Sjoa Rafting AS\u2019s website, your name, telephone, email and IP address will be shared with TuriTop. This information is only used to reserve and confirm the orders that the customer wants to make.<\/p>\n<p>Sjoa Rafting AS will not share, sell, transfer or otherwise disclose personal information to others unless we are legally obliged to do so.<\/p>\n<p>When paying by card, payment information and card information will be processed by Sjoa Rafting AS\u2019s payment provider for cards, Stripe Inc. and PayPal Europe. Sjoa Rafting AS will, after completed payment, have access to name, address, telephone number, email, IP address, as well as the last 4 digits of the card number. Nothing is stored beyond what is necessary for handling any problems with payment, cancellation of reservation and credit. Payment and card details are only used to make a payment. If you choose to store card information during the purchase, these will be stored with Sjoa Rafting AS\u2019s payment provider, and will not be available to Sjoa Rafting AS.<\/p>\n<p>Information that Sjoa Rafting AS have received in connection with your purchase is stored in our customer register as long as you are a customer with Sjoa Rafting AS, and up to 3 years after you have been a customer with Sjoa Rafting AS.<\/p>\n<p>Information that Sjoa Rafting AS is obliged to retain under the Accounting Act will be stored in accordance with the requirements of the Act.<\/p>\n<\/p>\n<h6>Rights of the registered person:<\/h6>\n<p>Sjoa Rafting AS process your personal data in accordance with the Personal Data Act and current regulations. Please note that you can demand access to and transfer of your own personal information, as well as demand correction or demand information to be deleted.<\/p>\n<p>You can complain to the Data Inspectorate about processing in violation of the rules.<\/p>\n<\/p>\n<h6>Information security:<\/h6>\n<p>Sjoa Rafting AS secure your personal information through both physical and virtual access and access control.<\/p>\n<\/p>\n<h6>Contact information:<\/h6>\n<p>Inquiries about what information has been registered, corrected and deleted can be sent in writing to the following addresses:<\/p>\n<p class=\"font_8\"><span class=\"color_20\"><span>E-mail:<\/span><span>\u00a0<\/span><span style=\"text-decoration: underline;\"><span style=\"color: #0089b3;\"><a href=\"mailto:booking@sjoarafting.no\" style=\"color: #0089b3; text-decoration: underline;\">booking@sjoarafting.no<\/a><\/span><\/span><\/span><\/p>\n<p class=\"font_8\"><span class=\"color_20\"><span>Phone:\u00a0<\/span><span style=\"text-decoration: underline;\"><span style=\"color: #0089b3;\"><a href=\"tel:+47 900 71 000\" style=\"color: #0089b3; text-decoration: underline;\">+47 900 71 000<\/a><\/span><\/span><\/span><\/p>\n<p class=\"font_8\"><span class=\"color_20\">Heidalsvegen 736,\u00a0<\/span><span class=\"color_20\">2677 Nedre Heidal<\/span><\/p>\n<p class=\"font_8\"><span style=\"text-decoration: underline;\"><span class=\"color_20\" style=\"color: #0089b3;\"><a href=\"http:\/\/www.sjoarafting.no\/\" target=\"_blank\" rel=\"nofollow noopener\" style=\"color: #0089b3; text-decoration: underline;\">www.sjoarafting.no<\/a><\/span><\/span><\/p>\n[\/et_pb_text][\/et_pb_column][\/et_pb_row][\/et_pb_section]\n","protected":false},"excerpt":{"rendered":"<p>Privacy protectionPrivacy protection statement for Sjoa Rafting AS The general manager is responsible for the company&#8217;s processing of personal data on behalf of Sjoa Rafting AS. Sjoa Rafting AS process the information in order to be able to carry out Sjoa Rafting AS\u2019s obligations by agreement with you. Sjoa Rafting AS also use the information to provide you with information, offers and service in connection with your purchase via e-mail, telephone and SMS. If photos are taken during the trip, these will be available for purchase after the trip, and can also be used for marketing (web, print or social media) This will then be to market our products. Information about name, address, telephone, e-mail address is used to fulfill the purchase agreement. The basis for this treatment is Article 6 (b) of the Privacy Ordinance. Where you have consented to it, the information is also used to provide you with information, offers and service in connection with your purchase via e-mail, telephone and SMS. The basis for this treatment is the Privacy Ordinance Art 6 (a). You can at any time refuse to receive such information from us. Sjoa Rafting AS store the personal information you have provided on [&hellip;]<\/p>\n","protected":false},"author":4,"featured_media":0,"parent":0,"menu_order":0,"comment_status":"closed","ping_status":"closed","template":"","meta":{"_acf_changed":false,"_et_pb_use_builder":"on","_et_pb_old_content":"<p>[et_pb_section fb_built=\"1\" _builder_version=\"4.10.4\" _module_preset=\"default\" background_color=\"gcid-91b3920f-8c20-402e-aad2-c8ac690c8052\" custom_padding=\"||0px|||\" global_colors_info=\"{%22gcid-91b3920f-8c20-402e-aad2-c8ac690c8052%22:%91%22background_color%22%93}\"][et_pb_row _builder_version=\"4.9.10\" _module_preset=\"default\" global_colors_info=\"{}\"][et_pb_column type=\"4_4\" _builder_version=\"4.9.10\" _module_preset=\"default\" global_colors_info=\"{}\"][et_pb_text _builder_version=\"4.9.10\" _module_preset=\"default\" text_orientation=\"center\" custom_margin=\"||-3px|||\" global_colors_info=\"{}\"]<\/p><h1>Personvern<\/h1><p>[\/et_pb_text][\/et_pb_column][\/et_pb_row][\/et_pb_section][et_pb_section fb_built=\"1\" _builder_version=\"4.10.4\" _module_preset=\"default\" background_color=\"gcid-91b3920f-8c20-402e-aad2-c8ac690c8052\" custom_padding=\"0px||3px|||\" global_colors_info=\"{%22gcid-91b3920f-8c20-402e-aad2-c8ac690c8052%22:%91%22background_color%22%93}\"][et_pb_row _builder_version=\"4.9.10\" _module_preset=\"default\" global_colors_info=\"{}\" custom_padding=\"2px||5px|||\"][et_pb_column type=\"4_4\" _builder_version=\"4.9.10\" _module_preset=\"default\" global_colors_info=\"{}\"][et_pb_text _builder_version=\"4.10.8\" _module_preset=\"default\" global_colors_info=\"{}\"]<\/p><p class=\"font_8\"><span class=\"color_20\">Personvernerkl\u00e6ring for Sjoa Rafting\u00a0 AS<\/span><\/p><p class=\"font_8\"><span class=\"wixGuard\">\u200b<\/span><\/p><h6 class=\"font_6\">Behandlingsansvarlig:<\/h6><p class=\"font_8\"><span class=\"color_20\">Daglig leder er p\u00e5 vegne av Sjoa Rafting AS ansvarlig for selskapets behandling av personopplysninger.<br \/><\/span><span class=\"wixGuard\">\u200b<\/span><\/p><h6 class=\"font_6\">Form\u00e5l med behandlingen:<\/h6><p class=\"font_8\"><span class=\"color_20\">Vi behandler opplysningene for \u00e5 kunne gjennomf\u00f8re v\u00e5re forpliktelser etter avtale med deg.<br \/>Vi benytter ogs\u00e5 opplysningene for \u00e5 kunne gi deg informasjon, tilbud og service i forbindelse med ditt kj\u00f8p via e-post, telefon og SMS.<br \/>Dersom det blir tatt bilder under turen vil disse v\u00e6re tilgjengelige for kj\u00f8p etter endt tur, og kan ogs\u00e5 bli benyttet til markedsf\u00f8ring (web, print eller sosiale medier) Dette vil da v\u00e6re for \u00e5 markedsf\u00f8re produktene v\u00e5re.<\/span><\/p><p>\u00a0<\/p><h6 class=\"font_6\">Grunnlaget for behandlingen:<\/h6><p class=\"font_8\"><span class=\"color_20\">Informasjon om navn, adresse, telefon, e-postadresse benyttes for \u00e5 oppfylle kj\u00f8psavtalen. Grunnlaget for denne behandlingen er personvernforordningens artikkel Art 6 (b).<br \/>Der du har samtykket til det benyttes ogs\u00e5 opplysningene til \u00e5 gi deg informasjon, tilbud og service i forbindelse med ditt kj\u00f8p via e-post, telefon og SMS. Grunnlaget for denne behandlingen er personvernforordningen Art 6 (a). Du kan n\u00e5r som helst takke nei til \u00e5 motta slik informasjon fra oss.<\/span><\/p><p class=\"font_8\"><span class=\"wixGuard\">\u200b<\/span><\/p><h6 class=\"font_6\">Innhenting av personopplysninger:<\/h6><p class=\"font_8\"><span class=\"color_20\">Vi lagrer de personopplysningene du har avgitt p\u00e5 v\u00e5re nettsider eller til v\u00e5re ansatte i forbindelse med kj\u00f8p eller avtaleinng\u00e5else.<\/span><\/p><p class=\"font_8\"><span class=\"wixGuard\">\u200b<\/span><\/p><h6 class=\"font_6\">Informasjonskapsler:<\/h6><p class=\"font_8\"><span class=\"color_20\">Informasjonskapsler (cookies) er sm\u00e5 tekstfiler som plasseres p\u00e5 din datamaskin n\u00e5r du laster ned en nettside. Vi bruker informasjonskapsler (cookies) p\u00e5 v\u00e5re nettsider for \u00e5 gi deg som bes\u00f8ker siden best kundeopplevelse og service. Lov om elektronisk kommunikasjon krever at vi informerer v\u00e5re bes\u00f8kende om bruk av informasjonskapsler (cookies). benytter informasjonskapsler for f\u00f8lgende form\u00e5l:<br \/>* Analyse av hvordan hjemmesidene benyttes av de bes\u00f8kende<br \/>* Skredders\u00f8m av innhold basert p\u00e5 hvordan brukerne bruker nettstedet<br \/>* Oppdatering av handlekurv i forbindelse med bruk av v\u00e5r nettbutikk<\/span><\/p><p class=\"font_8\"><span class=\"wixGuard\">\u200b<\/span><\/p><h6 class=\"font_6\">Utlevering av opplysninger til tredjeparter:<\/h6><p class=\"font_8\"><span class=\"color_20\">For v\u00e5r onlinebooking benytter vi tjenester fra Turitop S.L. Ved en booking via v\u00e5re hjemmesider vil navn, telefon, epost og ip-adresse bli delt med TuriTop. Disse opplysninger benyttes kun til \u00e5 reserve og bekrefte de bestillinger som kunden \u00f8nsker \u00e5 gj\u00f8re.<br \/>Vi vil ikke dele, selge, overf\u00f8re eller p\u00e5 annen m\u00e5te utlevere personopplysninger til andre, med mindre vi er rettslig forpliktet til det<\/span><\/p><p class=\"font_8\"><span class=\"wixGuard\">\u200b<\/span><\/p><h6 class=\"font_6\">Betalingsl\u00f8sninger:<\/h6><p class=\"font_8\"><span class=\"color_20\">Ved betaling med kort vil betalingsopplysninger og kortopplysninger bli behandlet av v\u00e5r betalingsleverand\u00f8r for kort, Stripe Inc. Og PayPal Europe. Sjoa Rafting a.s. vil etter gjennomf\u00f8rt betaling ha tilgang til navn, adresse, telefonnummer epost, ip-adresse, samt de 4 siste sifrene av kortnummeret. Det lagres ingenting utover det som er n\u00f8dvendig for h\u00e5ndtering av evt. problemer med betaling, oppheving av reservasjon og kreditering. Betalings- og kortopplysninger blir kun brukt til \u00e5 utf\u00f8re en betaling. Velger du under kj\u00f8pet \u00e5 lagre kortopplysninger vil disse lagres hos v\u00e5r betalingsleverand\u00f8r, og vil ikke v\u00e6re tilgjengelige for oss.<\/span><\/p><p class=\"font_8\"><span class=\"wixGuard\">\u200b<\/span><\/p><h6 class=\"font_6\">Sletting av personopplysninger:<\/h6><p class=\"font_8\"><span class=\"color_20\">Opplysninger vi har mottatt i forbindelse med ditt kj\u00f8p lagres i v\u00e5rt kunderegister s\u00e5 lenge du er kunde hos oss, og inntil 3 \u00e5r etter at du har v\u00e6rt kunde.<br \/>Opplysninger vi etter bokf\u00f8ringsloven er forpliktet til \u00e5 bevare vil lagres i henhold til lovens krav.<\/span><\/p><p class=\"font_8\"><span class=\"wixGuard\">\u200b<\/span><\/p><h6 class=\"font_6\">Rettigheter for den registrerte:<\/h6><p class=\"font_8\"><span class=\"color_20\">Vi behandler dine personopplysninger i henhold til personopplysningsloven og gjeldende forskrifter. Det gj\u00f8res oppmerksom p\u00e5 at du kan kreve innsyn i og flytting av egne personopplysninger, samt kreve retting eller sletting av opplysninger.<br \/>Det kan klages til Datatilsynet p\u00e5 behandling i strid med reglene.<\/span><\/p><p class=\"font_8\"><span class=\"wixGuard\">\u200b<\/span><\/p><h6 class=\"font_6\">Informasjonssikkerhet:<\/h6><p class=\"font_8\"><span class=\"color_20\">Vi sikrer dine personopplysninger ved b\u00e5de fysisk og virtuell adgangs- og tilgangskontroll.<\/span><\/p><p class=\"font_8\"><span class=\"wixGuard\">\u200b<\/span><\/p><h6 class=\"font_6\">Kontaktinformasjon:<\/h6><p class=\"font_8\"><span class=\"color_20\">Henvendelser om hvilke opplysninger som er registrert, retting og sletting kan sende skriftlig til f\u00f8lgende adresser:<\/span><\/p><p class=\"font_8\"><span class=\"color_20\">E-post:\u00a0<span style=\"text-decoration: underline;\"><span style=\"color: #0089b3;\"><a style=\"color: #0089b3; text-decoration: underline;\" href=\"mailto:booking@sjoarafting.no\">booking@sjoarafting.no<\/a><\/span><\/span><\/span><\/p><p class=\"font_8\"><span class=\"color_20\">Telefon:\u00a0<span style=\"text-decoration: underline;\"><span style=\"color: #0089b3;\"><a style=\"color: #0089b3; text-decoration: underline;\" href=\"tel:+47 900 71 000\">+47 900 71 000<\/a><\/span><\/span><\/span><\/p><p class=\"font_8\"><span class=\"color_20\">Postadresse:<\/span><\/p><p class=\"font_8\"><span class=\"color_20\">Heidalsvegen 736,\u00a0<\/span><span class=\"color_20\">2677 Nedre Heidal<\/span><\/p><p class=\"font_8\"><span style=\"text-decoration: underline;\"><span class=\"color_20\" style=\"color: #0089b3;\"><a style=\"color: #0089b3; text-decoration: underline;\" href=\"http:\/\/www.sjoarafting.no\/\" target=\"_blank\" rel=\"nofollow noopener\">www.sjoarafting.no<\/a><\/span><\/span><\/p><p>[\/et_pb_text][\/et_pb_column][\/et_pb_row][\/et_pb_section]<\/p>","_et_gb_content_width":"","footnotes":""},"categories":[],"tags":[],"class_list":["post-4450","page","type-page","status-publish","hentry"],"acf":[],"yoast_head":"<!-- This site is optimized with the Yoast SEO Premium plugin v27.3 (Yoast SEO v27.3) - https:\/\/yoast.com\/product\/yoast-seo-premium-wordpress\/ -->\n<title>Privacy protection - Sjoa Rafting AS<\/title>\n<meta name=\"robots\" content=\"index, follow, max-snippet:-1, max-image-preview:large, max-video-preview:-1\" \/>\n<link rel=\"canonical\" href=\"https:\/\/sjoarafting.no\/en\/privacy-protection\/\" \/>\n<meta property=\"og:locale\" content=\"en_US\" \/>\n<meta property=\"og:type\" content=\"article\" \/>\n<meta property=\"og:title\" content=\"Privacy protection\" \/>\n<meta property=\"og:description\" content=\"Privacy protectionPrivacy protection statement for Sjoa Rafting AS The general manager is responsible for the company&#039;s processing of personal data on behalf of Sjoa Rafting AS. Sjoa Rafting AS process the information in order to be able to carry out Sjoa Rafting AS\u2019s obligations by agreement with you. Sjoa Rafting AS also use the information to provide you with information, offers and service in connection with your purchase via e-mail, telephone and SMS. If photos are taken during the trip, these will be available for purchase after the trip, and can also be used for marketing (web, print or social media) This will then be to market our products. Information about name, address, telephone, e-mail address is used to fulfill the purchase agreement. The basis for this treatment is Article 6 (b) of the Privacy Ordinance. Where you have consented to it, the information is also used to provide you with information, offers and service in connection with your purchase via e-mail, telephone and SMS. The basis for this treatment is the Privacy Ordinance Art 6 (a). You can at any time refuse to receive such information from us. Sjoa Rafting AS store the personal information you have provided on [&hellip;]\" \/>\n<meta property=\"og:url\" content=\"https:\/\/sjoarafting.no\/en\/privacy-protection\/\" \/>\n<meta property=\"og:site_name\" content=\"Sjoa Rafting AS\" \/>\n<meta property=\"article:modified_time\" content=\"2022-02-18T09:38:14+00:00\" \/>\n<meta property=\"og:image\" content=\"https:\/\/sjoarafting.no\/wp-content\/uploads\/sjoa-rafting-dronebilde-av-sjoa-rafting-camp-med-to-raftingbater-pa-vannet.jpg\" \/>\n\t<meta property=\"og:image:width\" content=\"1200\" \/>\n\t<meta property=\"og:image:height\" content=\"675\" \/>\n\t<meta property=\"og:image:type\" content=\"image\/jpeg\" \/>\n<meta name=\"twitter:card\" content=\"summary_large_image\" \/>\n<meta name=\"twitter:label1\" content=\"Est. reading time\" \/>\n\t<meta name=\"twitter:data1\" content=\"4 minutes\" \/>\n<script type=\"application\/ld+json\" class=\"yoast-schema-graph\">{\"@context\":\"https:\\\/\\\/schema.org\",\"@graph\":[{\"@type\":\"WebPage\",\"@id\":\"https:\\\/\\\/sjoarafting.no\\\/en\\\/privacy-protection\\\/\",\"url\":\"https:\\\/\\\/sjoarafting.no\\\/en\\\/privacy-protection\\\/\",\"name\":\"Privacy protection - Sjoa Rafting AS\",\"isPartOf\":{\"@id\":\"https:\\\/\\\/sjoarafting.no\\\/#website\"},\"datePublished\":\"2022-02-18T09:31:02+00:00\",\"dateModified\":\"2022-02-18T09:38:14+00:00\",\"breadcrumb\":{\"@id\":\"https:\\\/\\\/sjoarafting.no\\\/en\\\/privacy-protection\\\/#breadcrumb\"},\"inLanguage\":\"en-US\",\"potentialAction\":[{\"@type\":\"ReadAction\",\"target\":[\"https:\\\/\\\/sjoarafting.no\\\/en\\\/privacy-protection\\\/\"]}]},{\"@type\":\"BreadcrumbList\",\"@id\":\"https:\\\/\\\/sjoarafting.no\\\/en\\\/privacy-protection\\\/#breadcrumb\",\"itemListElement\":[{\"@type\":\"ListItem\",\"position\":1,\"name\":\"Hjem\",\"item\":\"https:\\\/\\\/sjoarafting.no\\\/en\\\/\"},{\"@type\":\"ListItem\",\"position\":2,\"name\":\"Privacy protection\"}]},{\"@type\":\"WebSite\",\"@id\":\"https:\\\/\\\/sjoarafting.no\\\/#website\",\"url\":\"https:\\\/\\\/sjoarafting.no\\\/\",\"name\":\"Sjoa Rafting AS\",\"description\":\"Mer enn bare rafting\",\"potentialAction\":[{\"@type\":\"SearchAction\",\"target\":{\"@type\":\"EntryPoint\",\"urlTemplate\":\"https:\\\/\\\/sjoarafting.no\\\/?s={search_term_string}\"},\"query-input\":{\"@type\":\"PropertyValueSpecification\",\"valueRequired\":true,\"valueName\":\"search_term_string\"}}],\"inLanguage\":\"en-US\"}]}<\/script>\n<!-- \/ Yoast SEO Premium plugin. -->","yoast_head_json":{"title":"Privacy protection - Sjoa Rafting AS","robots":{"index":"index","follow":"follow","max-snippet":"max-snippet:-1","max-image-preview":"max-image-preview:large","max-video-preview":"max-video-preview:-1"},"canonical":"https:\/\/sjoarafting.no\/en\/privacy-protection\/","og_locale":"en_US","og_type":"article","og_title":"Privacy protection","og_description":"Privacy protectionPrivacy protection statement for Sjoa Rafting AS The general manager is responsible for the company's processing of personal data on behalf of Sjoa Rafting AS. Sjoa Rafting AS process the information in order to be able to carry out Sjoa Rafting AS\u2019s obligations by agreement with you. Sjoa Rafting AS also use the information to provide you with information, offers and service in connection with your purchase via e-mail, telephone and SMS. If photos are taken during the trip, these will be available for purchase after the trip, and can also be used for marketing (web, print or social media) This will then be to market our products. Information about name, address, telephone, e-mail address is used to fulfill the purchase agreement. The basis for this treatment is Article 6 (b) of the Privacy Ordinance. Where you have consented to it, the information is also used to provide you with information, offers and service in connection with your purchase via e-mail, telephone and SMS. The basis for this treatment is the Privacy Ordinance Art 6 (a). You can at any time refuse to receive such information from us. Sjoa Rafting AS store the personal information you have provided on [&hellip;]","og_url":"https:\/\/sjoarafting.no\/en\/privacy-protection\/","og_site_name":"Sjoa Rafting AS","article_modified_time":"2022-02-18T09:38:14+00:00","og_image":[{"width":1200,"height":675,"url":"https:\/\/sjoarafting.no\/wp-content\/uploads\/sjoa-rafting-dronebilde-av-sjoa-rafting-camp-med-to-raftingbater-pa-vannet.jpg","type":"image\/jpeg"}],"twitter_card":"summary_large_image","twitter_misc":{"Est. reading time":"4 minutes"},"schema":{"@context":"https:\/\/schema.org","@graph":[{"@type":"WebPage","@id":"https:\/\/sjoarafting.no\/en\/privacy-protection\/","url":"https:\/\/sjoarafting.no\/en\/privacy-protection\/","name":"Privacy protection - Sjoa Rafting AS","isPartOf":{"@id":"https:\/\/sjoarafting.no\/#website"},"datePublished":"2022-02-18T09:31:02+00:00","dateModified":"2022-02-18T09:38:14+00:00","breadcrumb":{"@id":"https:\/\/sjoarafting.no\/en\/privacy-protection\/#breadcrumb"},"inLanguage":"en-US","potentialAction":[{"@type":"ReadAction","target":["https:\/\/sjoarafting.no\/en\/privacy-protection\/"]}]},{"@type":"BreadcrumbList","@id":"https:\/\/sjoarafting.no\/en\/privacy-protection\/#breadcrumb","itemListElement":[{"@type":"ListItem","position":1,"name":"Hjem","item":"https:\/\/sjoarafting.no\/en\/"},{"@type":"ListItem","position":2,"name":"Privacy protection"}]},{"@type":"WebSite","@id":"https:\/\/sjoarafting.no\/#website","url":"https:\/\/sjoarafting.no\/","name":"Sjoa Rafting AS","description":"Mer enn bare rafting","potentialAction":[{"@type":"SearchAction","target":{"@type":"EntryPoint","urlTemplate":"https:\/\/sjoarafting.no\/?s={search_term_string}"},"query-input":{"@type":"PropertyValueSpecification","valueRequired":true,"valueName":"search_term_string"}}],"inLanguage":"en-US"}]}},"_links":{"self":[{"href":"https:\/\/sjoarafting.no\/en\/wp-json\/wp\/v2\/pages\/4450","targetHints":{"allow":["GET"]}}],"collection":[{"href":"https:\/\/sjoarafting.no\/en\/wp-json\/wp\/v2\/pages"}],"about":[{"href":"https:\/\/sjoarafting.no\/en\/wp-json\/wp\/v2\/types\/page"}],"author":[{"embeddable":true,"href":"https:\/\/sjoarafting.no\/en\/wp-json\/wp\/v2\/users\/4"}],"replies":[{"embeddable":true,"href":"https:\/\/sjoarafting.no\/en\/wp-json\/wp\/v2\/comments?post=4450"}],"version-history":[{"count":0,"href":"https:\/\/sjoarafting.no\/en\/wp-json\/wp\/v2\/pages\/4450\/revisions"}],"wp:attachment":[{"href":"https:\/\/sjoarafting.no\/en\/wp-json\/wp\/v2\/media?parent=4450"}],"wp:term":[{"taxonomy":"category","embeddable":true,"href":"https:\/\/sjoarafting.no\/en\/wp-json\/wp\/v2\/categories?post=4450"},{"taxonomy":"post_tag","embeddable":true,"href":"https:\/\/sjoarafting.no\/en\/wp-json\/wp\/v2\/tags?post=4450"}],"curies":[{"name":"wp","href":"https:\/\/api.w.org\/{rel}","templated":true}]}}