{"id":4423,"date":"2022-02-16T15:14:15","date_gmt":"2022-02-16T14:14:15","guid":{"rendered":"https:\/\/sjoarafting.no\/?page_id=4423"},"modified":"2022-02-21T08:42:59","modified_gmt":"2022-02-21T07:42:59","slug":"booking-conditions","status":"publish","type":"page","link":"https:\/\/sjoarafting.no\/en\/booking-conditions\/","title":{"rendered":"Booking conditions"},"content":{"rendered":"[et_pb_section fb_built=&#8221;1&#8243; _builder_version=&#8221;4.10.4&#8243; _module_preset=&#8221;default&#8221; background_color=&#8221;gcid-91b3920f-8c20-402e-aad2-c8ac690c8052&#8243; custom_padding=&#8221;||0px|||&#8221; global_colors_info=&#8221;{%22gcid-91b3920f-8c20-402e-aad2-c8ac690c8052%22:%91%22background_color%22%93}&#8221;][et_pb_row _builder_version=&#8221;4.9.10&#8243; _module_preset=&#8221;default&#8221; custom_padding=&#8221;||4px|||&#8221; global_colors_info=&#8221;{}&#8221;][et_pb_column type=&#8221;4_4&#8243; _builder_version=&#8221;4.9.10&#8243; _module_preset=&#8221;default&#8221; global_colors_info=&#8221;{}&#8221;][et_pb_text _builder_version=&#8221;4.14.7&#8243; _module_preset=&#8221;default&#8221; text_orientation=&#8221;center&#8221; custom_margin=&#8221;||-3px|||&#8221; hover_enabled=&#8221;0&#8243; global_colors_info=&#8221;{}&#8221; sticky_enabled=&#8221;0&#8243;]\n<h1>Booking conditions<\/h1>\n[\/et_pb_text][\/et_pb_column][\/et_pb_row][\/et_pb_section][et_pb_section fb_built=&#8221;1&#8243; _builder_version=&#8221;4.10.4&#8243; _module_preset=&#8221;default&#8221; background_color=&#8221;gcid-91b3920f-8c20-402e-aad2-c8ac690c8052&#8243; custom_padding=&#8221;0px||1px|||&#8221; global_colors_info=&#8221;{%22gcid-91b3920f-8c20-402e-aad2-c8ac690c8052%22:%91%22background_color%22%93}&#8221;][et_pb_row _builder_version=&#8221;4.9.10&#8243; _module_preset=&#8221;default&#8221; custom_padding=&#8221;||3px|||&#8221; global_colors_info=&#8221;{}&#8221;][et_pb_column type=&#8221;4_4&#8243; _builder_version=&#8221;4.9.10&#8243; _module_preset=&#8221;default&#8221; global_colors_info=&#8221;{}&#8221;][et_pb_text _builder_version=&#8221;4.14.7&#8243; _module_preset=&#8221;default&#8221; hover_enabled=&#8221;0&#8243; global_colors_info=&#8221;{}&#8221; sticky_enabled=&#8221;0&#8243;]\n<h6 class=\"font_6\">When will my order become binding?<\/h6>\n<p class=\"font_8\"><span class=\"color_20\">The order is binding on both parties as soon as it is confirmed by us, primarily per e-mail. You will then receive an email with the booking number. The confirmation can also take place per phone if you do not have access to email. The confirmation is normally sent immediately after the deposit (see below) or the order in full has been registered paid.<br \/><\/span><span class=\"wixGuard\">\u200b<\/span><\/p>\n<h6 class=\"font_6\">What amount, when and to whom should I pay?<\/h6>\n<p class=\"font_8\"><span class=\"color_20\">When ordering, a deposit of NOK is calculated. 250, \u2013 per person, if the trip is not paid in full. This amount is paid into our account: <br \/>2095\u00a048\u00a038219, Sjoa Rafting AS. We send out payment information for the deposit.<\/span><\/p>\n<p class=\"font_8\"><span class=\"color_20\">The remaining amount is paid on arrival, unless otherwise agreed. Remember to state the payment under which name the trip is booked, which trip is booked, and date of the trip. Be careful with this. Receipt that states that the deposit has been paid is valid as a participant certificate. <\/span><\/p>\n<p class=\"font_8\"><span class=\"color_20\">The registration is binding for both parties when the deposit or the trip in full has been paid. If booked so shortly before the start of the trip that a deposit cannot be registered in our account, the full amount will be paid on arrival.<br \/>We accept cash, Visa, Mastercard, American Express, Eurocard.<br \/><\/span><span class=\"wixGuard\">\u200b<\/span><\/p>\n<h6 class=\"font_6\">What do I do if I want to cancel?<\/h6>\n<p class=\"font_8\"><span class=\"color_20\">You can cancel in writing to us per e-mail. If you do not have access to e-mail, we can accept the cancellation per telephone. In case of cancellation, we need the booking number stated.<\/span><span class=\"wixGuard\">\u200b<\/span><\/p>\n<ul class=\"color_20 font_6\">\n<li>\n<p class=\"font_6\"><span class=\"color_20\">If canceled more than 4 weeks before the start of the tour, a fee of NOK is retained. 100, \u2013 pr. person.<\/span><\/p>\n<\/li>\n<li>\n<p class=\"font_6\"><span class=\"color_20\">If canceled between 28 and 14 days before the start of the tour, the paid deposit will be retained (NOK 250 per person).<\/span><\/p>\n<\/li>\n<li>\n<p class=\"font_6\"><span class=\"color_20\">If canceled later than 14 days before the start of the tour, the entire cost of the tour may be charged.<\/span><\/p>\n<\/li>\n<li>\n<p class=\"font_6\"><span class=\"color_20\">Cancellations due to illness or death in the participant\u2019s immediate family must be confirmed by a doctor. In that case <\/span><span class=\"color_20\"> then only a fee of NOK is retained. 100, \u2013<br \/><\/span><span style=\"font-size: 20px;\">\u200b<\/span><\/p>\n<\/li>\n<\/ul>\n<h6 class=\"font_6\">What do I do if I just want to change information or number of participants?<\/h6>\n<p class=\"font_8\"><span class=\"color_20\">Changes happens per e-mail, possibly telephone.<br \/><\/span><span class=\"wixGuard\">\u200b<\/span><\/p>\n<h6 class=\"font_6\">But if something happens to me?<\/h6>\n<p class=\"font_8\"><span class=\"color_20\">You can cancel without any other fee than a handling fee of NOK. 100, -, if the following occurs: <\/span><\/p>\n<p class=\"font_8\"><span class=\"color_20\">a) death, illness or accident of a serious nature that affects yourself, your spouse, cohabitant, your or your spouse\u2019s parents, children, siblings or travel companion. <\/span><\/p>\n<p class=\"font_8\"><span class=\"color_20\">b) summons to military service or the Civil Defense.<\/span><\/p>\n<p class=\"font_8\"><span class=\"color_20\">c) if there is any other serious event beyond your control, which you could not foresee when you ordered and which means that it is not reasonable to require you to maintain your order, e.g. extensive fire or flooding of your home. You must be able to present a certificate e.g. from a doctor, government or insurance company that explains your cancellation. <\/span><span class=\"wixGuard\">\u200b<\/span><\/p>\n<p class=\"font_8\"><span class=\"color_20\">The certificate should be sent to us as soon as possible, but not later than 14 days after the cancellation date.<br \/><\/span><span class=\"wixGuard\">\u200b<\/span><\/p>\n<h6 class=\"font_6\">What happens in case of cancellation?<\/h6>\n<p class=\"font_8\"><span class=\"color_20\">Sjoa Rafting AS can cancel trips if there are not enough participants on the trip (generally min. 4), or due to force majeure or too demanding water flow \/ weather conditions. Participants must then be notified of this as soon as possible. Paid deposit \/ amount will be refunded.<\/span><\/p>\n[\/et_pb_text][\/et_pb_column][\/et_pb_row][\/et_pb_section]\n","protected":false},"excerpt":{"rendered":"<p>Booking conditionsWhen will my order become binding? The order is binding on both parties as soon as it is confirmed by us, primarily per e-mail. You will then receive an email with the booking number. The confirmation can also take place per phone if you do not have access to email. The confirmation is normally sent immediately after the deposit (see below) or the order in full has been registered paid.\u200b What amount, when and to whom should I pay? When ordering, a deposit of NOK is calculated. 250, \u2013 per person, if the trip is not paid in full. This amount is paid into our account: 2095\u00a048\u00a038219, Sjoa Rafting AS. We send out payment information for the deposit. The remaining amount is paid on arrival, unless otherwise agreed. Remember to state the payment under which name the trip is booked, which trip is booked, and date of the trip. Be careful with this. Receipt that states that the deposit has been paid is valid as a participant certificate. The registration is binding for both parties when the deposit or the trip in full has been paid. If booked so shortly before the start of the trip that a deposit [&hellip;]<\/p>\n","protected":false},"author":4,"featured_media":0,"parent":0,"menu_order":0,"comment_status":"closed","ping_status":"closed","template":"","meta":{"_acf_changed":false,"_et_pb_use_builder":"on","_et_pb_old_content":"[et_pb_section fb_built=\"1\" _builder_version=\"4.10.4\" _module_preset=\"default\" background_color=\"gcid-91b3920f-8c20-402e-aad2-c8ac690c8052\" custom_padding=\"||0px|||\" global_colors_info=\"{%22gcid-91b3920f-8c20-402e-aad2-c8ac690c8052%22:%91%22background_color%22%93}\"][et_pb_row _builder_version=\"4.9.10\" _module_preset=\"default\" custom_padding=\"||4px|||\" global_colors_info=\"{}\"][et_pb_column type=\"4_4\" _builder_version=\"4.9.10\" _module_preset=\"default\" global_colors_info=\"{}\"][et_pb_text _builder_version=\"4.9.10\" _module_preset=\"default\" text_orientation=\"center\" custom_margin=\"||-3px|||\" hover_enabled=\"0\" global_colors_info=\"{}\" sticky_enabled=\"0\"]<h1>Bestillinger og vilk\u00e5r<\/h1>[\/et_pb_text][\/et_pb_column][\/et_pb_row][\/et_pb_section][et_pb_section fb_built=\"1\" _builder_version=\"4.10.4\" _module_preset=\"default\" background_color=\"gcid-91b3920f-8c20-402e-aad2-c8ac690c8052\" custom_padding=\"0px||1px|||\" global_colors_info=\"{%22gcid-91b3920f-8c20-402e-aad2-c8ac690c8052%22:%91%22background_color%22%93}\"][et_pb_row _builder_version=\"4.9.10\" _module_preset=\"default\" custom_padding=\"||3px|||\" global_colors_info=\"{}\"][et_pb_column type=\"4_4\" _builder_version=\"4.9.10\" _module_preset=\"default\" global_colors_info=\"{}\"][et_pb_text _builder_version=\"4.14.6\" _module_preset=\"default\" hover_enabled=\"0\" global_colors_info=\"{}\" sticky_enabled=\"0\"]<h6 class=\"font_6\">N\u00e5r blir bestillingen min bindende?<\/h6>\r\n<p class=\"font_8\"><span class=\"color_20\">Bestillingen er bindende for begge parter s\u00e5 snart den er bekreftet av oss, prim\u00e6rt pr. e-post. Du vil da motta en e-post med bookingnummer. Bekreftelsen kan ogs\u00e5 skje pr. telefon hvis du ikke har tilgang til e-post. Bekreftelsen sendes normalt straks etter at depositum (se nedenfor) eller bestillingen i sin helhet er registrert betalt.<br \/><\/span><span class=\"wixGuard\">\u200b<\/span><\/p>\r\n<h6 class=\"font_6\">Hvilket bel\u00f8p, n\u00e5r og til hvem skal jeg betale?<\/h6>\r\n<p class=\"font_8\"><span class=\"color_20\">Ved bestilling beregnes et depositum p\u00e5 kr. 250,- pr. person, dersom turen ikke betales i sin helhet. Dette bel\u00f8pet betales inn til v\u00e5r konto:<br \/>2095\u00a048\u00a038219, Sjoa Rafting AS. Vi sender ut betalingsinformasjon for depositum.<\/span><\/p>\r\n<p class=\"font_8\"><span class=\"color_20\">Resterende bel\u00f8p betales ved framm\u00f8te, hvis ikke annet avtales. Husk \u00e5 f\u00f8r opp ved innbetaling hvilket navn som turen er bestilt under, hvilken tur som er bestilt, og dato for turen. V\u00e6r n\u00f8ye med dette. Kvittering for at depositum er betalt gjelder som deltakerbevis.<\/span><\/p>\r\n<p class=\"font_8\"><span class=\"color_20\">P\u00e5meldingen er bindende for begge parter n\u00e5r depositum eller turen i sin helhet er betalt. Ved bestilling s\u00e5 kort tid f\u00f8r turens start at et depositum ikke kan registreres p\u00e5 v\u00e5r konto, betales hele bel\u00f8pet ved framm\u00f8te.<br \/>Vi tar kontanter, Visa, Mastercard, American Express, Eurocard.<br \/><\/span><span class=\"wixGuard\">\u200b<\/span><\/p>\r\n<h6 class=\"font_6\">Hva gj\u00f8r jeg hvis jeg vil avbestille?<\/h6>\r\n<p class=\"font_8\"><span class=\"color_20\">Du kan avbestille skriftlig til oss pr. e-post. Hvis du ikke har tilgang til e-post, tar vi i mot avbestillingen pr. telefon. Ved avbestilling \u00f8nsker vi bookingnummeret oppgitt.<\/span><span class=\"wixGuard\">\u200b<\/span><\/p>\r\n<ul class=\"color_20 font_6\">\r\n<li>\r\n<p class=\"font_6\"><span class=\"color_20\">Ved avbestilling mer enn 4 uker f\u00f8r turstart, beholdes et gebyr p\u00e5 kr. 100,- pr. person.<\/span><\/p>\r\n<\/li>\r\n<li>\r\n<p class=\"font_6\"><span class=\"color_20\">Ved avbestilling mellom 28 og 14 dager f\u00f8r turstart, beholdes innbetalt depositum (kr. 250,- per pers.).<\/span><\/p>\r\n<\/li>\r\n<li>\r\n<p class=\"font_6\"><span class=\"color_20\">Ved avbestilling senere enn 14 dager f\u00f8r turstart, kan hele turens kostnad bli belastet.<\/span><\/p>\r\n<\/li>\r\n<li>\r\n<p class=\"font_6\"><span class=\"color_20\">Avbestilling som skyldes sykdom eller d\u00f8d i deltakerens n\u00e6rmeste familie m\u00e5 bekreftes av lege. I s\u00e5 fall<\/span><span class=\"color_20\"> beholdes kun et gebyr p\u00e5 kr. 100,-<br \/><\/span><span style=\"font-size: 20px;\">\u200b<\/span><\/p>\r\n<\/li>\r\n<\/ul>\r\n<h6 class=\"font_6\">Hva gj\u00f8r jeg om jeg bare vil endre opplysninger eller deltakere?<\/h6>\r\n<p class=\"font_8\"><span class=\"color_20\">Endringer skjer per e-post evt. telefon<br \/><\/span><span class=\"wixGuard\">\u200b<\/span><\/p>\r\n<h6 class=\"font_6\">Men hvis det skjer noe med meg?<\/h6>\r\n<p class=\"font_8\"><span class=\"color_20\">Du kan avbestille uten annen avgift enn et ekspedisjonsgebyr p\u00e5 kr. 100,-, dersom f\u00f8lgende skjer:<\/span><\/p>\r\n<p class=\"font_8\"><span class=\"color_20\">a) d\u00f8dsfall, sykdom eller ulykke av alvorlig art som rammer deg selv, din make, samboer, dine eller din makes foreldre, barn, s\u00f8sken eller reisef\u00f8lge.<\/span><\/p>\r\n<p class=\"font_8\"><span class=\"color_20\">b) innkallelse til milit\u00e6rtjeneste eller Sivilforsvaret.<\/span><\/p>\r\n<p class=\"font_8\"><span class=\"color_20\">c) annen alvorlig hendelse utenfor din kontroll, som du ikke kunne forutse n\u00e5r du bestilte og som medf\u00f8rer at det ikke er rimelig \u00e5 kreve at du skal fastholde din bestilling, f.eks. omfattende brannskade eller oversv\u00f8mmelse av din bolig. Du m\u00e5 kunne fremvise en attest f.eks. fra lege, myndigheter eller forsikringsselskap som forklarer ditt avbud.<\/span><span class=\"wixGuard\">\u200b<\/span><\/p>\r\n<p class=\"font_8\"><span class=\"color_20\">Attesten b\u00f8r sendes til oss snarest mulig, men ikke senere enn 14 dager etter avbestillingsdagen.<br \/><\/span><span class=\"wixGuard\">\u200b<\/span><\/p>\r\n<h6 class=\"font_6\">Hva skjer ved avlysning?<\/h6>\r\n<p class=\"font_8\"><span class=\"color_20\">Sjoa Rafting AS kan avlyse turer dersom det ikke melder seg nok deltakere p\u00e5 turen (generelt min. 4), eller p\u00e5 grunn av force majeure eller for krevende vannf\u00f8ring\/v\u00e6rforhold. Deltakerne skal da underrettes om dette s\u00e5 snart som mulig. Betalt depositum\/bel\u00f8p blir refundert.<\/span><\/p>[\/et_pb_text][\/et_pb_column][\/et_pb_row][\/et_pb_section]","_et_gb_content_width":"","footnotes":""},"categories":[],"tags":[],"class_list":["post-4423","page","type-page","status-publish","hentry"],"acf":[],"yoast_head":"<!-- This site is optimized with the Yoast SEO Premium plugin v27.3 (Yoast SEO v27.3) - https:\/\/yoast.com\/product\/yoast-seo-premium-wordpress\/ -->\n<title>Booking conditions - Sjoa Rafting AS<\/title>\n<meta name=\"robots\" content=\"index, follow, max-snippet:-1, max-image-preview:large, max-video-preview:-1\" \/>\n<link rel=\"canonical\" href=\"https:\/\/sjoarafting.no\/en\/booking-conditions\/\" \/>\n<meta property=\"og:locale\" content=\"en_US\" \/>\n<meta property=\"og:type\" content=\"article\" \/>\n<meta property=\"og:title\" content=\"Booking conditions\" \/>\n<meta property=\"og:description\" content=\"Booking conditionsWhen will my order become binding? The order is binding on both parties as soon as it is confirmed by us, primarily per e-mail. You will then receive an email with the booking number. The confirmation can also take place per phone if you do not have access to email. The confirmation is normally sent immediately after the deposit (see below) or the order in full has been registered paid.\u200b What amount, when and to whom should I pay? When ordering, a deposit of NOK is calculated. 250, \u2013 per person, if the trip is not paid in full. This amount is paid into our account: 2095\u00a048\u00a038219, Sjoa Rafting AS. We send out payment information for the deposit. The remaining amount is paid on arrival, unless otherwise agreed. Remember to state the payment under which name the trip is booked, which trip is booked, and date of the trip. Be careful with this. Receipt that states that the deposit has been paid is valid as a participant certificate. The registration is binding for both parties when the deposit or the trip in full has been paid. If booked so shortly before the start of the trip that a deposit [&hellip;]\" \/>\n<meta property=\"og:url\" content=\"https:\/\/sjoarafting.no\/en\/booking-conditions\/\" \/>\n<meta property=\"og:site_name\" content=\"Sjoa Rafting AS\" \/>\n<meta property=\"article:modified_time\" content=\"2022-02-21T07:42:59+00:00\" \/>\n<meta property=\"og:image\" content=\"https:\/\/sjoarafting.no\/wp-content\/uploads\/sjoa-rafting-dronebilde-av-sjoa-rafting-camp-med-to-raftingbater-pa-vannet.jpg\" \/>\n\t<meta property=\"og:image:width\" content=\"1200\" \/>\n\t<meta property=\"og:image:height\" content=\"675\" \/>\n\t<meta property=\"og:image:type\" content=\"image\/jpeg\" \/>\n<meta name=\"twitter:card\" content=\"summary_large_image\" \/>\n<meta name=\"twitter:label1\" content=\"Est. reading time\" \/>\n\t<meta name=\"twitter:data1\" content=\"4 minutes\" \/>\n<script type=\"application\/ld+json\" class=\"yoast-schema-graph\">{\"@context\":\"https:\\\/\\\/schema.org\",\"@graph\":[{\"@type\":\"WebPage\",\"@id\":\"https:\\\/\\\/sjoarafting.no\\\/en\\\/booking-conditions\\\/\",\"url\":\"https:\\\/\\\/sjoarafting.no\\\/en\\\/booking-conditions\\\/\",\"name\":\"Booking conditions - Sjoa Rafting AS\",\"isPartOf\":{\"@id\":\"https:\\\/\\\/sjoarafting.no\\\/#website\"},\"datePublished\":\"2022-02-16T14:14:15+00:00\",\"dateModified\":\"2022-02-21T07:42:59+00:00\",\"breadcrumb\":{\"@id\":\"https:\\\/\\\/sjoarafting.no\\\/en\\\/booking-conditions\\\/#breadcrumb\"},\"inLanguage\":\"en-US\",\"potentialAction\":[{\"@type\":\"ReadAction\",\"target\":[\"https:\\\/\\\/sjoarafting.no\\\/en\\\/booking-conditions\\\/\"]}]},{\"@type\":\"BreadcrumbList\",\"@id\":\"https:\\\/\\\/sjoarafting.no\\\/en\\\/booking-conditions\\\/#breadcrumb\",\"itemListElement\":[{\"@type\":\"ListItem\",\"position\":1,\"name\":\"Hjem\",\"item\":\"https:\\\/\\\/sjoarafting.no\\\/en\\\/\"},{\"@type\":\"ListItem\",\"position\":2,\"name\":\"Booking conditions\"}]},{\"@type\":\"WebSite\",\"@id\":\"https:\\\/\\\/sjoarafting.no\\\/#website\",\"url\":\"https:\\\/\\\/sjoarafting.no\\\/\",\"name\":\"Sjoa Rafting AS\",\"description\":\"Mer enn bare rafting\",\"potentialAction\":[{\"@type\":\"SearchAction\",\"target\":{\"@type\":\"EntryPoint\",\"urlTemplate\":\"https:\\\/\\\/sjoarafting.no\\\/?s={search_term_string}\"},\"query-input\":{\"@type\":\"PropertyValueSpecification\",\"valueRequired\":true,\"valueName\":\"search_term_string\"}}],\"inLanguage\":\"en-US\"}]}<\/script>\n<!-- \/ Yoast SEO Premium plugin. -->","yoast_head_json":{"title":"Booking conditions - Sjoa Rafting AS","robots":{"index":"index","follow":"follow","max-snippet":"max-snippet:-1","max-image-preview":"max-image-preview:large","max-video-preview":"max-video-preview:-1"},"canonical":"https:\/\/sjoarafting.no\/en\/booking-conditions\/","og_locale":"en_US","og_type":"article","og_title":"Booking conditions","og_description":"Booking conditionsWhen will my order become binding? The order is binding on both parties as soon as it is confirmed by us, primarily per e-mail. You will then receive an email with the booking number. The confirmation can also take place per phone if you do not have access to email. The confirmation is normally sent immediately after the deposit (see below) or the order in full has been registered paid.\u200b What amount, when and to whom should I pay? When ordering, a deposit of NOK is calculated. 250, \u2013 per person, if the trip is not paid in full. This amount is paid into our account: 2095\u00a048\u00a038219, Sjoa Rafting AS. We send out payment information for the deposit. The remaining amount is paid on arrival, unless otherwise agreed. Remember to state the payment under which name the trip is booked, which trip is booked, and date of the trip. Be careful with this. Receipt that states that the deposit has been paid is valid as a participant certificate. The registration is binding for both parties when the deposit or the trip in full has been paid. If booked so shortly before the start of the trip that a deposit [&hellip;]","og_url":"https:\/\/sjoarafting.no\/en\/booking-conditions\/","og_site_name":"Sjoa Rafting AS","article_modified_time":"2022-02-21T07:42:59+00:00","og_image":[{"width":1200,"height":675,"url":"https:\/\/sjoarafting.no\/wp-content\/uploads\/sjoa-rafting-dronebilde-av-sjoa-rafting-camp-med-to-raftingbater-pa-vannet.jpg","type":"image\/jpeg"}],"twitter_card":"summary_large_image","twitter_misc":{"Est. reading time":"4 minutes"},"schema":{"@context":"https:\/\/schema.org","@graph":[{"@type":"WebPage","@id":"https:\/\/sjoarafting.no\/en\/booking-conditions\/","url":"https:\/\/sjoarafting.no\/en\/booking-conditions\/","name":"Booking conditions - Sjoa Rafting AS","isPartOf":{"@id":"https:\/\/sjoarafting.no\/#website"},"datePublished":"2022-02-16T14:14:15+00:00","dateModified":"2022-02-21T07:42:59+00:00","breadcrumb":{"@id":"https:\/\/sjoarafting.no\/en\/booking-conditions\/#breadcrumb"},"inLanguage":"en-US","potentialAction":[{"@type":"ReadAction","target":["https:\/\/sjoarafting.no\/en\/booking-conditions\/"]}]},{"@type":"BreadcrumbList","@id":"https:\/\/sjoarafting.no\/en\/booking-conditions\/#breadcrumb","itemListElement":[{"@type":"ListItem","position":1,"name":"Hjem","item":"https:\/\/sjoarafting.no\/en\/"},{"@type":"ListItem","position":2,"name":"Booking conditions"}]},{"@type":"WebSite","@id":"https:\/\/sjoarafting.no\/#website","url":"https:\/\/sjoarafting.no\/","name":"Sjoa Rafting AS","description":"Mer enn bare rafting","potentialAction":[{"@type":"SearchAction","target":{"@type":"EntryPoint","urlTemplate":"https:\/\/sjoarafting.no\/?s={search_term_string}"},"query-input":{"@type":"PropertyValueSpecification","valueRequired":true,"valueName":"search_term_string"}}],"inLanguage":"en-US"}]}},"_links":{"self":[{"href":"https:\/\/sjoarafting.no\/en\/wp-json\/wp\/v2\/pages\/4423","targetHints":{"allow":["GET"]}}],"collection":[{"href":"https:\/\/sjoarafting.no\/en\/wp-json\/wp\/v2\/pages"}],"about":[{"href":"https:\/\/sjoarafting.no\/en\/wp-json\/wp\/v2\/types\/page"}],"author":[{"embeddable":true,"href":"https:\/\/sjoarafting.no\/en\/wp-json\/wp\/v2\/users\/4"}],"replies":[{"embeddable":true,"href":"https:\/\/sjoarafting.no\/en\/wp-json\/wp\/v2\/comments?post=4423"}],"version-history":[{"count":0,"href":"https:\/\/sjoarafting.no\/en\/wp-json\/wp\/v2\/pages\/4423\/revisions"}],"wp:attachment":[{"href":"https:\/\/sjoarafting.no\/en\/wp-json\/wp\/v2\/media?parent=4423"}],"wp:term":[{"taxonomy":"category","embeddable":true,"href":"https:\/\/sjoarafting.no\/en\/wp-json\/wp\/v2\/categories?post=4423"},{"taxonomy":"post_tag","embeddable":true,"href":"https:\/\/sjoarafting.no\/en\/wp-json\/wp\/v2\/tags?post=4423"}],"curies":[{"name":"wp","href":"https:\/\/api.w.org\/{rel}","templated":true}]}}