{"id":4228,"date":"2022-02-07T10:29:28","date_gmt":"2022-02-07T09:29:28","guid":{"rendered":"https:\/\/sjoarafting.no\/?page_id=4228"},"modified":"2026-01-06T15:37:28","modified_gmt":"2026-01-06T14:37:28","slug":"heidal-classic","status":"publish","type":"page","link":"https:\/\/sjoarafting.no\/en\/rafting\/heidal-classic\/","title":{"rendered":"Heidal Classic"},"content":{"rendered":"[et_pb_section fb_built=&#8221;1&#8243; fullwidth=&#8221;on&#8221; admin_label=&#8221;Tittelseksjon&#8221; _builder_version=&#8221;4.16&#8243; _module_preset=&#8221;default&#8221; bottom_divider_style=&#8221;arrow&#8221; bottom_divider_color=&#8221;#ebf6fa&#8221; global_colors_info=&#8221;{}&#8221;][et_pb_fullwidth_header title=&#8221;Heidal Classic&#8221; subhead=&#8221;1 og 1\/2 day&#8221; header_scroll_down=&#8221;on&#8221; scroll_down_icon=&#8221;%%3%%&#8221; scroll_down_icon_color=&#8221;#00BDF2&#8243; scroll_down_icon_size=&#8221;30px&#8221; button_one_text=&#8221;See our images&#8221; button_one_url=&#8221;#insta&#8221; logo_image_url=&#8221;https:\/\/sjoarafting.no\/wp-content\/uploads\/Sjoa_rafting_logo_hvit_tekst-395&#215;143-1.png&#8221; disabled_on=&#8221;off|off|off&#8221; _builder_version=&#8221;4.27.5&#8243; _module_preset=&#8221;default&#8221; title_font=&#8221;||||||||&#8221; title_font_size=&#8221;25px&#8221; background_color=&#8221;#0089B3&#8243; background_image=&#8221;https:\/\/sjoarafting.no\/wp-content\/uploads\/DSC6880-scaled.jpg&#8221; custom_margin=&#8221;||||false|false&#8221; custom_padding=&#8221;||4em||false|false&#8221; global_colors_info=&#8221;{}&#8221;][\/et_pb_fullwidth_header][\/et_pb_section][et_pb_section fb_built=&#8221;1&#8243; admin_label=&#8221;Innholdsseksjon&#8221; _builder_version=&#8221;4.16&#8243; background_color=&#8221;#ebf6fa&#8221; global_colors_info=&#8221;{}&#8221;][et_pb_row column_structure=&#8221;2_5,3_5&#8243; admin_label=&#8221;row&#8221; _builder_version=&#8221;4.16&#8243; background_size=&#8221;initial&#8221; background_position=&#8221;top_left&#8221; background_repeat=&#8221;repeat&#8221; global_colors_info=&#8221;{}&#8221;][et_pb_column type=&#8221;2_5&#8243; _builder_version=&#8221;4.16&#8243; background_color=&#8221;#0089B3&#8243; custom_padding=&#8221;1em||1em||true|false&#8221; box_shadow_style=&#8221;preset1&#8243; global_colors_info=&#8221;{}&#8221; custom_padding__hover=&#8221;|||&#8221;][et_pb_text admin_label=&#8221;Sm\u00e5fakta og priser&#8221; _builder_version=&#8221;4.27.5&#8243; _module_preset=&#8221;default&#8221; text_orientation=&#8221;center&#8221; background_layout=&#8221;dark&#8221; custom_margin=&#8221;||||false|false&#8221; custom_padding=&#8221;||||false|false&#8221; global_colors_info=&#8221;{}&#8221;]\n<p><strong>Age limit<\/strong><br \/>18 years<\/p>\n<p><strong>Difficulty<br \/><\/strong>2-4, high water level 5<\/p>\n<p><strong>Duration<\/strong><br \/>1 og 1\/2 day<\/p>\n<p><strong>Meals<\/strong><br \/>Dinner, Breakfast, Lunch<\/p>\n<p><strong>Price per person<\/strong><br \/>NOK 3495,-<\/p>\n[\/et_pb_text][et_pb_button button_url=&#8221;https:\/\/bestill.sjoarafting.no\/order\/package\/97\/&#8221; button_text=&#8221;Book here&#8221; button_alignment=&#8221;center&#8221; admin_label=&#8221;Foresp\u00f8rselsknapp&#8221; module_class=&#8221;popmake-694&#8243; _builder_version=&#8221;4.27.5&#8243; _module_preset=&#8221;default&#8221; global_colors_info=&#8221;{}&#8221;][\/et_pb_button][et_pb_button button_url=&#8221;https:\/\/sjoarafting.no\/en\/about-us\/#contact-us&#8221; button_text=&#8221;Send a request&#8221; button_alignment=&#8221;center&#8221; admin_label=&#8221;Foresp\u00f8rselsknapp&#8221; module_class=&#8221;popmake-694&#8243; _builder_version=&#8221;4.16&#8243; _module_preset=&#8221;default&#8221; global_colors_info=&#8221;{}&#8221;][\/et_pb_button][\/et_pb_column][et_pb_column type=&#8221;3_5&#8243; _builder_version=&#8221;4.16&#8243; custom_padding=&#8221;|||&#8221; global_colors_info=&#8221;{}&#8221; custom_padding__hover=&#8221;|||&#8221;][et_pb_text admin_label=&#8221;Faktatekst&#8221; _builder_version=&#8221;4.27.5&#8243; _module_preset=&#8221;default&#8221; global_colors_info=&#8221;{}&#8221;]\n<p><strong>Day 1:<\/strong><br \/>We warm up with a 3 hour short river rafting trip in the afternoon on the first day. The participants will get a good introduction to the commands and paddling techniques and will take a swimming test in Sjoa. In the evening, a nice two-course dinner is served in the dining hall. Accommodation will be in a <a href=\"https:\/\/sjoarafting.no\/en\/accommodation-and-food\/\">lavvu<\/a> in the camp with the opportunity of gathering around the fire on the shores of Sjoa.<\/p>\n<p><strong>Day 2:<\/strong><br \/>We gather for a hearty breakfast before we head for the famous Aasengjuvet. We then raft Aasengjuvet and the trip ends in our camp. During a break from the journey down Sjoa, a hot lunch will be served.<\/p>\n<p>Included in the trip is a day and a half of white water rafting, a hot lunch, a two-course dinner, a breakfast and one overnight stay in lavvu.<\/p>\n<p>Participants are equipped with wetsuits, wet shoes, helmet, life jacket.<\/p>\n[\/et_pb_text][\/et_pb_column][\/et_pb_row][et_pb_row _builder_version=&#8221;4.16&#8243; _module_preset=&#8221;default&#8221; global_colors_info=&#8221;{}&#8221;][et_pb_column type=&#8221;4_4&#8243; _builder_version=&#8221;4.16&#8243; _module_preset=&#8221;default&#8221; global_colors_info=&#8221;{}&#8221;][et_pb_text admin_label=&#8221;Krav m.m.&#8221; _builder_version=&#8221;4.16&#8243; _module_preset=&#8221;default&#8221; global_colors_info=&#8221;{}&#8221;]\n<p><strong>Requirements for participants:<\/strong><\/p>\n<p>We are deeply committed to conducting safe activities. Therefore, we make certain demands on the people participating in our trips.<\/p>\n<p><strong>Participants must confirm that they:<\/strong><\/p>\n<ul>\n<li>do not suffer from diseases that can be caused by stress or cold water<\/li>\n<li>are able to swim<\/li>\n<li>are not under the influence of intoxicants or narcotics<\/li>\n<\/ul>\n<p>&nbsp;<\/p>\n[\/et_pb_text][\/et_pb_column][\/et_pb_row][\/et_pb_section][et_pb_section fb_built=&#8221;1&#8243; fullwidth=&#8221;on&#8221; module_id=&#8221;insta&#8221; _builder_version=&#8221;4.16&#8243; _module_preset=&#8221;default&#8221; background_color=&#8221;#ebf6fa&#8221; global_colors_info=&#8221;{}&#8221;][et_pb_fullwidth_code admin_label=&#8221;Fullbredde insta shortcode&#8221; _builder_version=&#8221;4.16&#8243; _module_preset=&#8221;default&#8221; global_colors_info=&#8221;{}&#8221;]\n\t\t\t\t<p class=\"rs-p-wp-fix\"><\/p>\n\t\t\t\t<sr7-module data-alias=\"klassiker-sjoa\" data-id=\"33\" id=\"SR7_33_1\" data-version=\"6.7.53\">\n\t\t\t\t\t<sr7-adjuster><\/sr7-adjuster>\n\t\t\t\t\t<sr7-content>\n\t\t\t\t\t\t<sr7-carousel>\n\t\t\t\t\t\t<sr7-slide id=\"SR7_33_1-113\" data-key=\"113\">\n\t\t\t\t\t\t\t<sr7-bg id=\"SR7_33_1-113-slidebg\" class=\"sr7-layer\"><noscript><img decoding=\"async\" src=\"https:\/\/sjoarafting.no\/wp-content\/uploads\/235163391_260808172286994_3136831165525106069_n..jpg\" alt=\"\" title=\"Heidal Classic\"><\/noscript><\/sr7-bg>\n\t\t\t\t\t\t<\/sr7-slide>\n\t\t\t\t\t\t<sr7-slide id=\"SR7_33_1-114\" data-key=\"114\">\n\t\t\t\t\t\t\t<sr7-bg id=\"SR7_33_1-114-slidebg\" class=\"sr7-layer\"><noscript><img decoding=\"async\" src=\"https:\/\/sjoarafting.no\/wp-content\/uploads\/236452530_3076289959361667_7188898026560036479_n..jpg\" alt=\"\" title=\"Heidal Classic\"><\/noscript><\/sr7-bg>\n\t\t\t\t\t\t<\/sr7-slide>\n\t\t\t\t\t\t<sr7-slide id=\"SR7_33_1-115\" data-key=\"115\">\n\t\t\t\t\t\t\t<sr7-bg id=\"SR7_33_1-115-slidebg\" class=\"sr7-layer\"><noscript><img decoding=\"async\" src=\"https:\/\/sjoarafting.no\/wp-content\/uploads\/239497323_2978788292449146_8533232000240272324_n.-1.jpg\" alt=\"\" title=\"Heidal Classic\"><\/noscript><\/sr7-bg>\n\t\t\t\t\t\t<\/sr7-slide>\n\t\t\t\t\t\t<sr7-slide id=\"SR7_33_1-116\" data-key=\"116\">\n\t\t\t\t\t\t\t<sr7-bg id=\"SR7_33_1-116-slidebg\" class=\"sr7-layer\"><noscript><img decoding=\"async\" src=\"https:\/\/sjoarafting.no\/wp-content\/uploads\/239670635_839765503376865_8151076920155216609_n.-1.jpg\" alt=\"\" title=\"Heidal Classic\"><\/noscript><\/sr7-bg>\n\t\t\t\t\t\t<\/sr7-slide>\n\t\t\t\t\t\t<sr7-slide id=\"SR7_33_1-117\" data-key=\"117\">\n\t\t\t\t\t\t\t<sr7-bg id=\"SR7_33_1-117-slidebg\" class=\"sr7-layer\"><noscript><img decoding=\"async\" src=\"https:\/\/sjoarafting.no\/wp-content\/uploads\/240421384_363955511971490_4408418045428149293_n.-1.jpg\" alt=\"\" title=\"Heidal Classic\"><\/noscript><\/sr7-bg>\n\t\t\t\t\t\t<\/sr7-slide>\n\t\t\t\t\t\t<sr7-slide id=\"SR7_33_1-118\" data-key=\"118\">\n\t\t\t\t\t\t\t<sr7-bg id=\"SR7_33_1-118-slidebg\" class=\"sr7-layer\"><noscript><img decoding=\"async\" src=\"https:\/\/sjoarafting.no\/wp-content\/uploads\/240654380_1063296047541709_6770526310498524744_n.-1.jpg\" alt=\"\" title=\"Heidal Classic\"><\/noscript><\/sr7-bg>\n\t\t\t\t\t\t<\/sr7-slide>\n\t\t\t\t\t\t<sr7-slide id=\"SR7_33_1-119\" data-key=\"119\">\n\t\t\t\t\t\t\t<sr7-bg id=\"SR7_33_1-119-slidebg\" class=\"sr7-layer\"><noscript><img decoding=\"async\" src=\"https:\/\/sjoarafting.no\/wp-content\/uploads\/241674663_364013448778014_4118732518152162375_n.-1.jpg\" alt=\"\" title=\"Heidal Classic\"><\/noscript><\/sr7-bg>\n\t\t\t\t\t\t<\/sr7-slide>\n\t\t\t\t\t\t<sr7-slide id=\"SR7_33_1-271\" data-key=\"271\">\n\t\t\t\t\t\t<\/sr7-slide>\n\t\t\t\t\t\t<\/sr7-carousel>\n\t\t\t\t\t<\/sr7-content>\n\t\t\t\t<\/sr7-module>\n\t\t\t\t<script>\n\t\t\t\t\twindow.SR7 ??={};SR7.PMH ??={}; SR7.PMH[\"SR7_33_1\"] = {cn:100,state:false,fn: function() { if (window._tpt!==undefined && window._tpt.prepareModuleHeight !== undefined) {  _tpt.prepareModuleHeight({id:\"SR7_33_1\",el:[380,768,960,720],type:'carousel',shdw:'0',gh:[380,380,340,280],gw:[300,300,250,200],vpt:['-200px'],size:{fullWidth:true, fullHeight:false},mh:'0',onh:0,onw:0,bg:{color:'transparent'},carousel:{pt:'0',pb:'0'}});   SR7.PMH[\"SR7_33_1\"].state=true;} else if(SR7.PMH[\"SR7_33_1\"].cn-->0)\tsetTimeout( SR7.PMH[\"SR7_33_1\"].fn,19);}};SR7.PMH[\"SR7_33_1\" ].fn();\n\t\t\t\t<\/script>\n[\/et_pb_fullwidth_code][\/et_pb_section]\n","protected":false},"excerpt":{"rendered":"<p>Best of Sjoa! Dette er elveeventyret for deg som \u00f8nsker \u00e5 oppleve alt Sjoa har \u00e5 by p\u00e5 i ett jafs. Turen starter med en korttur p\u00e5 ettermiddagen p\u00e5 dag en og p\u00e5 dag to rafter vi dramatiske og krevende Aasengjuvet. Vil du v\u00e6re med s\u00e5 heng p\u00e5!<\/p>\n","protected":false},"author":4,"featured_media":3570,"parent":4022,"menu_order":0,"comment_status":"closed","ping_status":"closed","template":"","meta":{"_acf_changed":false,"_et_pb_use_builder":"on","_et_pb_old_content":"[et_pb_section fb_built=\"1\" fullwidth=\"on\" admin_label=\"Tittelseksjon\" _builder_version=\"4.9.4\" _module_preset=\"default\" bottom_divider_style=\"arrow\" bottom_divider_color=\"#ebf6fa\" global_colors_info=\"{}\"][et_pb_fullwidth_header title=\"Klassikeren p\u00e5 Sjoa\" subhead=\"1 og 1\/2 dag\" header_scroll_down=\"on\" scroll_down_icon=\"%%3%%\" scroll_down_icon_color=\"#00BDF2\" scroll_down_icon_size=\"30px\" button_one_text=\"Se bilder\" button_one_url=\"#insta\" logo_image_url=\"https:\/\/sjoarafting.no\/wp-content\/uploads\/Sjoa_rafting_logo_hvit_tekst-395x143-1.png\" disabled_on=\"off|off|off\" _builder_version=\"4.14.2\" _module_preset=\"default\" title_font=\"||||||||\" title_font_size=\"25px\" background_color=\"#0089B3\" background_image=\"https:\/\/sjoarafting.no\/wp-content\/uploads\/DSC6880-scaled.jpg\" custom_margin=\"||||false|false\" custom_padding=\"||4em||false|false\" hover_enabled=\"0\" global_colors_info=\"{}\" sticky_enabled=\"0\"][\/et_pb_fullwidth_header][\/et_pb_section][et_pb_section fb_built=\"1\" admin_label=\"Innholdsseksjon\" _builder_version=\"4.9.4\" background_color=\"#ebf6fa\" global_colors_info=\"{}\"][et_pb_row column_structure=\"2_5,3_5\" admin_label=\"row\" _builder_version=\"4.9.4\" background_size=\"initial\" background_position=\"top_left\" background_repeat=\"repeat\" global_colors_info=\"{}\"][et_pb_column type=\"2_5\" _builder_version=\"4.9.4\" background_color=\"#0089B3\" custom_padding=\"1em||1em||true|false\" box_shadow_style=\"preset1\" global_colors_info=\"{}\" custom_padding__hover=\"|||\"][et_pb_text admin_label=\"Sm\u00e5fakta og priser\" _builder_version=\"4.14.4\" _module_preset=\"default\" text_orientation=\"center\" background_layout=\"dark\" custom_margin=\"||||false|false\" custom_padding=\"||||false|false\" hover_enabled=\"0\" global_colors_info=\"{}\" sticky_enabled=\"0\"]<p><strong>Aldersgrense<\/strong><br \/>18 \u00e5r<\/p>\r\n<p><strong>Vanskelighetsgrad<br \/><\/strong>2-4, h\u00f8y vannstand 5<\/p>\r\n<p><strong>Varighet<\/strong><br \/>1 og 1\/2 dag<\/p>\r\n<p><strong>Mat<\/strong><br \/>Varm lunsj<\/p>\r\n<p><strong>Pris<\/strong><br \/>2750,- (man-fre)<br \/>2970,- (l\u00f8r-s\u00f8n)<\/p>[\/et_pb_text][et_pb_button button_url=\"\/om-oss\/#kontakt-oss\" button_text=\"Send foresp\u00f8rsel\" button_alignment=\"center\" admin_label=\"Foresp\u00f8rselsknapp\" module_class=\"popmake-694\" _builder_version=\"4.11.2\" _module_preset=\"default\" global_colors_info=\"{}\"][\/et_pb_button][\/et_pb_column][et_pb_column type=\"3_5\" _builder_version=\"3.25\" custom_padding=\"|||\" global_colors_info=\"{}\" custom_padding__hover=\"|||\"][et_pb_text admin_label=\"Faktatekst\" _builder_version=\"4.14.2\" _module_preset=\"default\" global_colors_info=\"{}\"]<p><strong>Dag 1:<\/strong><br \/>Vi varmer opp med en korttur p\u00e5 ettermiddagen. Her f\u00e5r deltakerne en god innf\u00f8ring i kommandoer og padleteknikk, samt en sv\u00f8mmetest i hvitt elvevann. P\u00e5 kvelden blir det servert en god to-retters middag i mathuset. Det blir overnatting i lavvo i leiren med muligheter for kos rundt b\u00e5let ved Sjoas bredd.<\/p>\r\n<p><strong>Dag 2:<\/strong><br \/>Vi samles rundt en solid frokost, f\u00f8r vi setter nesen mot kjente Aasengjuvet. Vi rafter da Aasengjuvet i all sin dramatiske helhet og turen avsluttes i leiren v\u00e5r. Underveis p\u00e5 ferden ned Sjoa blir det servert varm lunsj.<\/p>\r\n<p>Inkludert i turen er en og en halv dag med rafting, varm lunsj, to-retters middag, frokost og overnatting i lavvo. Deltakerne blir utstyrt med v\u00e5tdrakter, v\u00e5tsko, hjelm, redningsvest.\u00a0<\/p>[\/et_pb_text][\/et_pb_column][\/et_pb_row][et_pb_row _builder_version=\"4.9.4\" _module_preset=\"default\" global_colors_info=\"{}\"][et_pb_column type=\"4_4\" _builder_version=\"4.9.4\" _module_preset=\"default\" global_colors_info=\"{}\"][et_pb_text admin_label=\"Krav m.m.\" _builder_version=\"4.14.2\" _module_preset=\"default\" global_colors_info=\"{}\"]<p><strong>Krav til deltakere:<\/strong><\/p>\r\n<p>V\u00e5r profil er \u00e5 drive sikre aktiviteter. Derfor stiller vi enkelte krav til deltakerne p\u00e5 v\u00e5re turer.<\/p>\r\n<p><strong>Deltakere m\u00e5:<\/strong><\/p>\r\n<ul>\r\n<li>ikke lide av sykdommer som kan fremkalles under stress eller av kaldt vann<\/li>\r\n<li>kunne sv\u00f8mme<\/li>\r\n<li>ikke v\u00e6re p\u00e5virket av berusende eller bed\u00f8vende midler<\/li>\r\n<\/ul>\r\n<p>\u00a0<\/p>[\/et_pb_text][\/et_pb_column][\/et_pb_row][\/et_pb_section][et_pb_section fb_built=\"1\" fullwidth=\"on\" module_id=\"insta\" _builder_version=\"4.9.4\" _module_preset=\"default\" background_color=\"#ebf6fa\" global_colors_info=\"{}\"][et_pb_fullwidth_code admin_label=\"Fullbredde insta shortcode\" _builder_version=\"4.11.4\" _module_preset=\"default\" global_colors_info=\"{}\"][rev_slider alias=\"klassiker-sjoa\"][\/rev_slider][\/et_pb_fullwidth_code][\/et_pb_section]","_et_gb_content_width":"","footnotes":""},"categories":[],"tags":[],"class_list":["post-4228","page","type-page","status-publish","has-post-thumbnail","hentry"],"acf":[],"yoast_head":"<!-- This site is optimized with the Yoast SEO Premium plugin v27.4 (Yoast SEO v27.4) - https:\/\/yoast.com\/product\/yoast-seo-premium-wordpress\/ -->\n<title>Heidal Classic - Sjoa Rafting AS<\/title>\n<meta name=\"robots\" content=\"index, follow, max-snippet:-1, max-image-preview:large, max-video-preview:-1\" \/>\n<link rel=\"canonical\" href=\"https:\/\/sjoarafting.no\/en\/rafting\/heidal-classic\/\" \/>\n<meta property=\"og:locale\" content=\"en_US\" \/>\n<meta property=\"og:type\" content=\"article\" \/>\n<meta property=\"og:title\" content=\"Heidal Classic\" \/>\n<meta property=\"og:description\" content=\"Best of Sjoa! Dette er elveeventyret for deg som \u00f8nsker \u00e5 oppleve alt Sjoa har \u00e5 by p\u00e5 i ett jafs. Turen starter med en korttur p\u00e5 ettermiddagen p\u00e5 dag en og p\u00e5 dag to rafter vi dramatiske og krevende Aasengjuvet. Vil du v\u00e6re med s\u00e5 heng p\u00e5!\" \/>\n<meta property=\"og:url\" content=\"https:\/\/sjoarafting.no\/en\/rafting\/heidal-classic\/\" \/>\n<meta property=\"og:site_name\" content=\"Sjoa Rafting AS\" \/>\n<meta property=\"article:modified_time\" content=\"2026-01-06T14:37:28+00:00\" \/>\n<meta property=\"og:image\" content=\"https:\/\/sjoarafting.no\/wp-content\/uploads\/klassikerensjoa.jpg\" \/>\n\t<meta property=\"og:image:width\" content=\"980\" \/>\n\t<meta property=\"og:image:height\" content=\"1080\" \/>\n\t<meta property=\"og:image:type\" content=\"image\/jpeg\" \/>\n<meta name=\"twitter:card\" content=\"summary_large_image\" \/>\n<meta name=\"twitter:label1\" content=\"Est. reading time\" \/>\n\t<meta name=\"twitter:data1\" content=\"4 minutes\" \/>\n<script type=\"application\/ld+json\" class=\"yoast-schema-graph\">{\"@context\":\"https:\\\/\\\/schema.org\",\"@graph\":[{\"@type\":\"WebPage\",\"@id\":\"https:\\\/\\\/sjoarafting.no\\\/en\\\/rafting\\\/heidal-classic\\\/\",\"url\":\"https:\\\/\\\/sjoarafting.no\\\/en\\\/rafting\\\/heidal-classic\\\/\",\"name\":\"Heidal Classic - Sjoa Rafting AS\",\"isPartOf\":{\"@id\":\"https:\\\/\\\/sjoarafting.no\\\/#website\"},\"primaryImageOfPage\":{\"@id\":\"https:\\\/\\\/sjoarafting.no\\\/en\\\/rafting\\\/heidal-classic\\\/#primaryimage\"},\"image\":{\"@id\":\"https:\\\/\\\/sjoarafting.no\\\/en\\\/rafting\\\/heidal-classic\\\/#primaryimage\"},\"thumbnailUrl\":\"https:\\\/\\\/sjoarafting.no\\\/wp-content\\\/uploads\\\/klassikerensjoa.jpg\",\"datePublished\":\"2022-02-07T09:29:28+00:00\",\"dateModified\":\"2026-01-06T14:37:28+00:00\",\"breadcrumb\":{\"@id\":\"https:\\\/\\\/sjoarafting.no\\\/en\\\/rafting\\\/heidal-classic\\\/#breadcrumb\"},\"inLanguage\":\"en-US\",\"potentialAction\":[{\"@type\":\"ReadAction\",\"target\":[\"https:\\\/\\\/sjoarafting.no\\\/en\\\/rafting\\\/heidal-classic\\\/\"]}]},{\"@type\":\"ImageObject\",\"inLanguage\":\"en-US\",\"@id\":\"https:\\\/\\\/sjoarafting.no\\\/en\\\/rafting\\\/heidal-classic\\\/#primaryimage\",\"url\":\"https:\\\/\\\/sjoarafting.no\\\/wp-content\\\/uploads\\\/klassikerensjoa.jpg\",\"contentUrl\":\"https:\\\/\\\/sjoarafting.no\\\/wp-content\\\/uploads\\\/klassikerensjoa.jpg\",\"width\":980,\"height\":1080,\"caption\":\"Den klassiske raftingturen p\u00e5 Sjoas elva\"},{\"@type\":\"BreadcrumbList\",\"@id\":\"https:\\\/\\\/sjoarafting.no\\\/en\\\/rafting\\\/heidal-classic\\\/#breadcrumb\",\"itemListElement\":[{\"@type\":\"ListItem\",\"position\":1,\"name\":\"Hjem\",\"item\":\"https:\\\/\\\/sjoarafting.no\\\/\"},{\"@type\":\"ListItem\",\"position\":2,\"name\":\"Rafting\",\"item\":\"https:\\\/\\\/sjoarafting.no\\\/en\\\/rafting\\\/\"},{\"@type\":\"ListItem\",\"position\":3,\"name\":\"Heidal Classic\"}]},{\"@type\":\"WebSite\",\"@id\":\"https:\\\/\\\/sjoarafting.no\\\/#website\",\"url\":\"https:\\\/\\\/sjoarafting.no\\\/\",\"name\":\"Sjoa Rafting AS\",\"description\":\"Mer enn bare rafting\",\"potentialAction\":[{\"@type\":\"SearchAction\",\"target\":{\"@type\":\"EntryPoint\",\"urlTemplate\":\"https:\\\/\\\/sjoarafting.no\\\/?s={search_term_string}\"},\"query-input\":{\"@type\":\"PropertyValueSpecification\",\"valueRequired\":true,\"valueName\":\"search_term_string\"}}],\"inLanguage\":\"en-US\"}]}<\/script>\n<!-- \/ Yoast SEO Premium plugin. -->","yoast_head_json":{"title":"Heidal Classic - Sjoa Rafting AS","robots":{"index":"index","follow":"follow","max-snippet":"max-snippet:-1","max-image-preview":"max-image-preview:large","max-video-preview":"max-video-preview:-1"},"canonical":"https:\/\/sjoarafting.no\/en\/rafting\/heidal-classic\/","og_locale":"en_US","og_type":"article","og_title":"Heidal Classic","og_description":"Best of Sjoa! Dette er elveeventyret for deg som \u00f8nsker \u00e5 oppleve alt Sjoa har \u00e5 by p\u00e5 i ett jafs. Turen starter med en korttur p\u00e5 ettermiddagen p\u00e5 dag en og p\u00e5 dag to rafter vi dramatiske og krevende Aasengjuvet. Vil du v\u00e6re med s\u00e5 heng p\u00e5!","og_url":"https:\/\/sjoarafting.no\/en\/rafting\/heidal-classic\/","og_site_name":"Sjoa Rafting AS","article_modified_time":"2026-01-06T14:37:28+00:00","og_image":[{"width":980,"height":1080,"url":"https:\/\/sjoarafting.no\/wp-content\/uploads\/klassikerensjoa.jpg","type":"image\/jpeg"}],"twitter_card":"summary_large_image","twitter_misc":{"Est. reading time":"4 minutes"},"schema":{"@context":"https:\/\/schema.org","@graph":[{"@type":"WebPage","@id":"https:\/\/sjoarafting.no\/en\/rafting\/heidal-classic\/","url":"https:\/\/sjoarafting.no\/en\/rafting\/heidal-classic\/","name":"Heidal Classic - Sjoa Rafting AS","isPartOf":{"@id":"https:\/\/sjoarafting.no\/#website"},"primaryImageOfPage":{"@id":"https:\/\/sjoarafting.no\/en\/rafting\/heidal-classic\/#primaryimage"},"image":{"@id":"https:\/\/sjoarafting.no\/en\/rafting\/heidal-classic\/#primaryimage"},"thumbnailUrl":"https:\/\/sjoarafting.no\/wp-content\/uploads\/klassikerensjoa.jpg","datePublished":"2022-02-07T09:29:28+00:00","dateModified":"2026-01-06T14:37:28+00:00","breadcrumb":{"@id":"https:\/\/sjoarafting.no\/en\/rafting\/heidal-classic\/#breadcrumb"},"inLanguage":"en-US","potentialAction":[{"@type":"ReadAction","target":["https:\/\/sjoarafting.no\/en\/rafting\/heidal-classic\/"]}]},{"@type":"ImageObject","inLanguage":"en-US","@id":"https:\/\/sjoarafting.no\/en\/rafting\/heidal-classic\/#primaryimage","url":"https:\/\/sjoarafting.no\/wp-content\/uploads\/klassikerensjoa.jpg","contentUrl":"https:\/\/sjoarafting.no\/wp-content\/uploads\/klassikerensjoa.jpg","width":980,"height":1080,"caption":"Den klassiske raftingturen p\u00e5 Sjoas elva"},{"@type":"BreadcrumbList","@id":"https:\/\/sjoarafting.no\/en\/rafting\/heidal-classic\/#breadcrumb","itemListElement":[{"@type":"ListItem","position":1,"name":"Hjem","item":"https:\/\/sjoarafting.no\/"},{"@type":"ListItem","position":2,"name":"Rafting","item":"https:\/\/sjoarafting.no\/en\/rafting\/"},{"@type":"ListItem","position":3,"name":"Heidal Classic"}]},{"@type":"WebSite","@id":"https:\/\/sjoarafting.no\/#website","url":"https:\/\/sjoarafting.no\/","name":"Sjoa Rafting AS","description":"Mer enn bare rafting","potentialAction":[{"@type":"SearchAction","target":{"@type":"EntryPoint","urlTemplate":"https:\/\/sjoarafting.no\/?s={search_term_string}"},"query-input":{"@type":"PropertyValueSpecification","valueRequired":true,"valueName":"search_term_string"}}],"inLanguage":"en-US"}]}},"_links":{"self":[{"href":"https:\/\/sjoarafting.no\/en\/wp-json\/wp\/v2\/pages\/4228","targetHints":{"allow":["GET"]}}],"collection":[{"href":"https:\/\/sjoarafting.no\/en\/wp-json\/wp\/v2\/pages"}],"about":[{"href":"https:\/\/sjoarafting.no\/en\/wp-json\/wp\/v2\/types\/page"}],"author":[{"embeddable":true,"href":"https:\/\/sjoarafting.no\/en\/wp-json\/wp\/v2\/users\/4"}],"replies":[{"embeddable":true,"href":"https:\/\/sjoarafting.no\/en\/wp-json\/wp\/v2\/comments?post=4228"}],"version-history":[{"count":15,"href":"https:\/\/sjoarafting.no\/en\/wp-json\/wp\/v2\/pages\/4228\/revisions"}],"predecessor-version":[{"id":7198,"href":"https:\/\/sjoarafting.no\/en\/wp-json\/wp\/v2\/pages\/4228\/revisions\/7198"}],"up":[{"embeddable":true,"href":"https:\/\/sjoarafting.no\/en\/wp-json\/wp\/v2\/pages\/4022"}],"wp:featuredmedia":[{"embeddable":true,"href":"https:\/\/sjoarafting.no\/en\/wp-json\/wp\/v2\/media\/3570"}],"wp:attachment":[{"href":"https:\/\/sjoarafting.no\/en\/wp-json\/wp\/v2\/media?parent=4228"}],"wp:term":[{"taxonomy":"category","embeddable":true,"href":"https:\/\/sjoarafting.no\/en\/wp-json\/wp\/v2\/categories?post=4228"},{"taxonomy":"post_tag","embeddable":true,"href":"https:\/\/sjoarafting.no\/en\/wp-json\/wp\/v2\/tags?post=4228"}],"curies":[{"name":"wp","href":"https:\/\/api.w.org\/{rel}","templated":true}]}}