{"id":4186,"date":"2022-02-03T15:25:31","date_gmt":"2022-02-03T14:25:31","guid":{"rendered":"https:\/\/sjoarafting.no\/?page_id=4186"},"modified":"2025-12-12T15:14:08","modified_gmt":"2025-12-12T14:14:08","slug":"checklist","status":"publish","type":"page","link":"https:\/\/sjoarafting.no\/en\/checklist\/","title":{"rendered":"Checklist"},"content":{"rendered":"[et_pb_section fb_built=&#8221;1&#8243; _builder_version=&#8221;4.16&#8243; _module_preset=&#8221;default&#8221; background_color=&#8221;gcid-91b3920f-8c20-402e-aad2-c8ac690c8052&#8243; custom_padding=&#8221;||0px|||&#8221; global_colors_info=&#8221;{%22gcid-91b3920f-8c20-402e-aad2-c8ac690c8052%22:%91%22background_color%22%93}&#8221;][et_pb_row _builder_version=&#8221;4.16&#8243; _module_preset=&#8221;default&#8221; custom_padding=&#8221;||18px|||&#8221; global_colors_info=&#8221;{}&#8221;][et_pb_column type=&#8221;4_4&#8243; _builder_version=&#8221;4.16&#8243; _module_preset=&#8221;default&#8221; global_colors_info=&#8221;{}&#8221;][et_pb_text _builder_version=&#8221;4.16&#8243; _module_preset=&#8221;default&#8221; text_orientation=&#8221;center&#8221; custom_margin=&#8221;||-3px|||&#8221; global_colors_info=&#8221;{}&#8221;]\n<h1>Checklist<\/h1>\n[\/et_pb_text][\/et_pb_column][\/et_pb_row][\/et_pb_section][et_pb_section fb_built=&#8221;1&#8243; _builder_version=&#8221;4.16&#8243; _module_preset=&#8221;default&#8221; background_color=&#8221;gcid-91b3920f-8c20-402e-aad2-c8ac690c8052&#8243; custom_margin=&#8221;-15px||||false|false&#8221; custom_padding=&#8221;0px||5px|||&#8221; global_colors_info=&#8221;{%22gcid-91b3920f-8c20-402e-aad2-c8ac690c8052%22:%91%22background_color%22%93}&#8221;][et_pb_row _builder_version=&#8221;4.16&#8243; _module_preset=&#8221;default&#8221; width=&#8221;60%&#8221; max_width=&#8221;60%&#8221; custom_padding=&#8221;2px||7px|||&#8221; global_colors_info=&#8221;{}&#8221;][et_pb_column type=&#8221;4_4&#8243; _builder_version=&#8221;4.16&#8243; _module_preset=&#8221;default&#8221; global_colors_info=&#8221;{}&#8221;][et_pb_text _builder_version=&#8221;4.27.5&#8243; _module_preset=&#8221;default&#8221; text_orientation=&#8221;center&#8221; hover_enabled=&#8221;0&#8243; global_colors_info=&#8221;{}&#8221; sticky_enabled=&#8221;0&#8243;]\n<p class=\"font_8\" style=\"text-align: left;\"><span class=\"color_20\">This is a list of the things you should bring yourself. Feel free to use the checklist below when planning an event. That way we will easily be able to suggest ideas as well as the best alternative. <\/span><\/p>\n<h6 class=\"font_6\" style=\"text-align: left;\"><span class=\"wixGuard\">\u200b<\/span><\/h6>\n<h6 class=\"font_6\" style=\"text-align: left;\">The purpose<\/h6>\n<p class=\"font_8\" style=\"text-align: left;\"><span class=\"color_20\">What is the purpose of the event? Is it team building, kick off, birthday, reward trip,<br \/>or simply an ordinary company trip or a trip with friends.<\/span><\/p>\n<h6 class=\"font_6\" style=\"text-align: left;\">Participants<\/h6>\n<p class=\"font_8\" style=\"text-align: left;\"><span class=\"color_20\">Who will participate and how many will there be? Are they women and \/ or men, and what is the approximate age? <\/span><\/p>\n<h6 class=\"font_6\" style=\"text-align: left;\">Budget<\/h6>\n<p class=\"font_8\" style=\"text-align: left;\"><span class=\"color_20\">How much may the event cost? An approximate amount per person will make the planning<br \/>simpler.<br \/>Rafting and Kick-off<\/span><span style=\"font-size: 20px;\">\u200b<\/span><\/p>\n<h6 class=\"font_6\" style=\"text-align: left;\">Time<\/h6>\n<p class=\"font_8\" style=\"text-align: left;\"><span class=\"color_20\">When do you want the event to take place? Please contact us well in advance, that way the chances of the event being exactly the way you want it are bigger, especially with regards to the accommodation.<\/span><\/p>\n<h6 class=\"font_6\" style=\"text-align: left;\">Activities \/ meeting<\/h6>\n<p class=\"font_8\" style=\"text-align: left;\">What activities are desired for the event and of what duration? Will there be a meeting in connection with the event and if so, what facilities are needed?<\/p>\n<h6 class=\"font_6\" style=\"text-align: left;\">Living conditions<\/h6>\n<p class=\"font_8\" style=\"text-align: left;\">What standard of accommodation does the group want? Should they live indoors, or do they prefer cottage, dormitory, hotel or mountain lodge? Beds made or sleeping bags?<\/p>\n<h6 class=\"font_6\" style=\"text-align: left;\">Food<\/h6>\n<p class=\"font_8\" style=\"text-align: left;\">What meals does the group want? And possibly what kind of dinner would you like? Should it be a standard menu or a special menu? And what kind of drinks should be served with the meal? Are there vegetarians or anyone with food allergy?<\/p>\n<h6 class=\"font_6\" style=\"text-align: left;\">Travel<\/h6>\n<p class=\"font_8\" style=\"text-align: left;\">Will the group travel by own cars, rental cars or by bus? Trains can be taken to Otta, and we can arrange pick up from there. We can pick up with our own tour bus.<br \/>A price overview can be found <a href=\"https:\/\/sjoarafting.no\/en\/prices\/\">here<\/a>.<\/p>\n[\/et_pb_text][\/et_pb_column][\/et_pb_row][\/et_pb_section]\n","protected":false},"excerpt":{"rendered":"<p>ChecklistThis is a list of the things you should bring yourself. Feel free to use the checklist below when planning an event. That way we will easily be able to suggest ideas as well as the best alternative. \u200b The purpose What is the purpose of the event? Is it team building, kick off, birthday, reward trip,or simply an ordinary company trip or a trip with friends. Participants Who will participate and how many will there be? Are they women and \/ or men, and what is the approximate age? Budget How much may the event cost? An approximate amount per person will make the planningsimpler.Rafting and Kick-off\u200b Time When do you want the event to take place? Please contact us well in advance, that way the chances of the event being exactly the way you want it are bigger, especially with regards to the accommodation. Activities \/ meeting What activities are desired for the event and of what duration? Will there be a meeting in connection with the event and if so, what facilities are needed? Living conditions What standard of accommodation does the group want? Should they live indoors, or do they prefer cottage, dormitory, hotel or mountain [&hellip;]<\/p>\n","protected":false},"author":4,"featured_media":0,"parent":0,"menu_order":0,"comment_status":"closed","ping_status":"closed","template":"","meta":{"_acf_changed":false,"_et_pb_use_builder":"on","_et_pb_old_content":"[et_pb_section fb_built=\"1\" _builder_version=\"4.10.4\" _module_preset=\"default\" background_color=\"gcid-91b3920f-8c20-402e-aad2-c8ac690c8052\" custom_padding=\"||0px|||\" global_colors_info=\"{%22gcid-91b3920f-8c20-402e-aad2-c8ac690c8052%22:%91%22background_color%22%93}\"][et_pb_row _builder_version=\"4.9.10\" _module_preset=\"default\" custom_padding=\"||18px|||\" global_colors_info=\"{}\"][et_pb_column type=\"4_4\" _builder_version=\"4.9.10\" _module_preset=\"default\" global_colors_info=\"{}\"][et_pb_text _builder_version=\"4.9.10\" _module_preset=\"default\" text_orientation=\"center\" custom_margin=\"||-3px|||\" global_colors_info=\"{}\"]<h1>Sjekkliste<\/h1>[\/et_pb_text][\/et_pb_column][\/et_pb_row][\/et_pb_section][et_pb_section fb_built=\"1\" _builder_version=\"4.14.4\" _module_preset=\"default\" background_color=\"gcid-91b3920f-8c20-402e-aad2-c8ac690c8052\" custom_padding=\"0px||5px|||\" hover_enabled=\"0\" global_colors_info=\"{%22gcid-91b3920f-8c20-402e-aad2-c8ac690c8052%22:%91%22background_color%22%93}\" custom_margin=\"-15px||||false|false\" sticky_enabled=\"0\"][et_pb_row _builder_version=\"4.9.10\" _module_preset=\"default\" width=\"60%\" max_width=\"60%\" custom_padding=\"2px||7px|||\" global_colors_info=\"{}\"][et_pb_column type=\"4_4\" _builder_version=\"4.9.10\" _module_preset=\"default\" global_colors_info=\"{}\"][et_pb_text _builder_version=\"4.14.4\" _module_preset=\"default\" text_orientation=\"center\" global_colors_info=\"{}\"]<p style=\"text-align: left;\">\r\n<p style=\"text-align: left;\">\r\n<p class=\"font_8\" style=\"text-align: left;\"><span class=\"color_20\">Bruk gjerne nedenforst\u00e5ende sjekkliste ved planleggingen av et arrangement. I fellesskap kan vi da raskere komme fram til et forslag og det beste alternativet.<\/span><\/p>\r\n<h6 class=\"font_6\" style=\"text-align: left;\"><span class=\"wixGuard\">\u200b<\/span><\/h6>\r\n<h6 class=\"font_6\" style=\"text-align: left;\">Hensikten<\/h6>\r\n<p class=\"font_8\" style=\"text-align: left;\"><span class=\"color_20\">Hva er form\u00e5let med arrangementet. Er det teambuilding, kick off, f\u00f8dselsdag, bel\u00f8nningstur, eller helt enkelt en ordin\u00e6r firmatur eller en tur med venner.<\/span><\/p>\r\n<h6 class=\"font_6\" style=\"text-align: left;\">Deltakere<\/h6>\r\n<p class=\"font_8\" style=\"text-align: left;\"><span class=\"color_20\">Hvem skal v\u00e6re med og hvor mange blir det? Er det kvinner og\/eller menn , og gjerne omtrentlig alder.<\/span><\/p>\r\n<h6 class=\"font_6\" style=\"text-align: left;\">Budsjett<\/h6>\r\n<p class=\"font_8\" style=\"text-align: left;\"><span class=\"color_20\">Hvor mye skal arrangementet koste? Et omtrentlig bel\u00f8p pr. person vil gj\u00f8re planleggingen enklere.<br \/>Rafting og Kick-off<\/span><span style=\"font-size: 20px;\">\u200b<\/span><\/p>\r\n<h6 class=\"font_6\" style=\"text-align: left;\">Tid<\/h6>\r\n<p class=\"font_8\" style=\"text-align: left;\"><span class=\"color_20\">N\u00e5r \u00f8nsker dere arrangementet? Og v\u00e6r ute i god tid. Da er sjansene for \u00e5 f\u00e5 arrangementet slik dere \u00f8nsker, s\u00e6rlig med tanke p\u00e5 overnatting.<\/span><\/p>\r\n<h6 class=\"font_6\" style=\"text-align: left;\">Aktiviteter\/m\u00f8te<\/h6>\r\n<p class=\"font_8\" style=\"text-align: left;\">Hvilke aktiviteter er \u00f8nsket til arrangementet og av hvilken varighet? Skal det holdes noe m\u00f8te i forbindelse med arrangementet og i s\u00e5 fall hvilke fasiliteter er \u00f8nsket?<\/p>\r\n<h6 class=\"font_6\" style=\"text-align: left;\">Boforhold<\/h6>\r\n<p class=\"font_8\" style=\"text-align: left;\">Hvilken standard p\u00e5 overnattingen \u00f8nsker gruppen? Skal de bo innend\u00f8rs eller er lavvu \u00e5 foretrekke? Hytte, overrnattingshus, hotell eller fjellstue? Oppredde senger eller soveposer?<\/p>\r\n<h6 class=\"font_6\" style=\"text-align: left;\">Mat<\/h6>\r\n<p class=\"font_8\" style=\"text-align: left;\">Hvilke m\u00e5ltider \u00f8nsker gruppen? Og eventuelt hvilken middag er \u00f8nsket? Skal det v\u00e6re standardmeny eller en spesiell meny? Og hva skal det drikkes til? Er det noen vegetarianere med eller noen med matallergi?<\/p>\r\n<h6 class=\"font_6\" style=\"text-align: left;\">Reise<\/h6>\r\n<p class=\"font_8\" style=\"text-align: left;\">Skal gruppen komme i egne biler, leiebil eller -buss? Tog kan brukes til Otta, og vi kan avtale henting der. Og vi kan hente med egen turbuss.<br \/>Prisoversikt finner du <a href=\"\/priser\">her<\/a>.<\/p>[\/et_pb_text][\/et_pb_column][\/et_pb_row][\/et_pb_section]","_et_gb_content_width":"","footnotes":""},"categories":[],"tags":[],"class_list":["post-4186","page","type-page","status-publish","hentry"],"acf":[],"yoast_head":"<!-- This site is optimized with the Yoast SEO Premium plugin v27.3 (Yoast SEO v27.3) - https:\/\/yoast.com\/product\/yoast-seo-premium-wordpress\/ -->\n<title>Checklist - Sjoa Rafting AS<\/title>\n<meta name=\"robots\" content=\"index, follow, max-snippet:-1, max-image-preview:large, max-video-preview:-1\" \/>\n<link rel=\"canonical\" href=\"https:\/\/sjoarafting.no\/sjekkliste\/\" \/>\n<meta property=\"og:locale\" content=\"en_US\" \/>\n<meta property=\"og:type\" content=\"article\" \/>\n<meta property=\"og:title\" content=\"Checklist\" \/>\n<meta property=\"og:description\" content=\"ChecklistThis is a list of the things you should bring yourself. Feel free to use the checklist below when planning an event. That way we will easily be able to suggest ideas as well as the best alternative. \u200b The purpose What is the purpose of the event? Is it team building, kick off, birthday, reward trip,or simply an ordinary company trip or a trip with friends. Participants Who will participate and how many will there be? Are they women and \/ or men, and what is the approximate age? Budget How much may the event cost? An approximate amount per person will make the planningsimpler.Rafting and Kick-off\u200b Time When do you want the event to take place? Please contact us well in advance, that way the chances of the event being exactly the way you want it are bigger, especially with regards to the accommodation. Activities \/ meeting What activities are desired for the event and of what duration? Will there be a meeting in connection with the event and if so, what facilities are needed? Living conditions What standard of accommodation does the group want? Should they live indoors, or do they prefer cottage, dormitory, hotel or mountain [&hellip;]\" \/>\n<meta property=\"og:url\" content=\"https:\/\/sjoarafting.no\/sjekkliste\/\" \/>\n<meta property=\"og:site_name\" content=\"Sjoa Rafting AS\" \/>\n<meta property=\"article:modified_time\" content=\"2025-12-12T14:14:08+00:00\" \/>\n<meta property=\"og:image\" content=\"https:\/\/sjoarafting.no\/wp-content\/uploads\/sjoa-rafting-dronebilde-av-sjoa-rafting-camp-med-to-raftingbater-pa-vannet.jpg\" \/>\n\t<meta property=\"og:image:width\" content=\"1200\" \/>\n\t<meta property=\"og:image:height\" content=\"675\" \/>\n\t<meta property=\"og:image:type\" content=\"image\/jpeg\" \/>\n<meta name=\"twitter:card\" content=\"summary_large_image\" \/>\n<meta name=\"twitter:label1\" content=\"Est. reading time\" \/>\n\t<meta name=\"twitter:data1\" content=\"2 minutes\" \/>\n<script type=\"application\/ld+json\" class=\"yoast-schema-graph\">{\"@context\":\"https:\\\/\\\/schema.org\",\"@graph\":[{\"@type\":\"WebPage\",\"@id\":\"https:\\\/\\\/sjoarafting.no\\\/sjekkliste\\\/\",\"url\":\"https:\\\/\\\/sjoarafting.no\\\/sjekkliste\\\/\",\"name\":\"Checklist - Sjoa Rafting AS\",\"isPartOf\":{\"@id\":\"https:\\\/\\\/sjoarafting.no\\\/#website\"},\"datePublished\":\"2022-02-03T14:25:31+00:00\",\"dateModified\":\"2025-12-12T14:14:08+00:00\",\"breadcrumb\":{\"@id\":\"https:\\\/\\\/sjoarafting.no\\\/sjekkliste\\\/#breadcrumb\"},\"inLanguage\":\"en-US\",\"potentialAction\":[{\"@type\":\"ReadAction\",\"target\":[\"https:\\\/\\\/sjoarafting.no\\\/sjekkliste\\\/\"]}]},{\"@type\":\"BreadcrumbList\",\"@id\":\"https:\\\/\\\/sjoarafting.no\\\/sjekkliste\\\/#breadcrumb\",\"itemListElement\":[{\"@type\":\"ListItem\",\"position\":1,\"name\":\"Hjem\",\"item\":\"https:\\\/\\\/sjoarafting.no\\\/en\\\/\"},{\"@type\":\"ListItem\",\"position\":2,\"name\":\"Checklist\"}]},{\"@type\":\"WebSite\",\"@id\":\"https:\\\/\\\/sjoarafting.no\\\/#website\",\"url\":\"https:\\\/\\\/sjoarafting.no\\\/\",\"name\":\"Sjoa Rafting AS\",\"description\":\"Mer enn bare rafting\",\"potentialAction\":[{\"@type\":\"SearchAction\",\"target\":{\"@type\":\"EntryPoint\",\"urlTemplate\":\"https:\\\/\\\/sjoarafting.no\\\/?s={search_term_string}\"},\"query-input\":{\"@type\":\"PropertyValueSpecification\",\"valueRequired\":true,\"valueName\":\"search_term_string\"}}],\"inLanguage\":\"en-US\"}]}<\/script>\n<!-- \/ Yoast SEO Premium plugin. -->","yoast_head_json":{"title":"Checklist - Sjoa Rafting AS","robots":{"index":"index","follow":"follow","max-snippet":"max-snippet:-1","max-image-preview":"max-image-preview:large","max-video-preview":"max-video-preview:-1"},"canonical":"https:\/\/sjoarafting.no\/sjekkliste\/","og_locale":"en_US","og_type":"article","og_title":"Checklist","og_description":"ChecklistThis is a list of the things you should bring yourself. Feel free to use the checklist below when planning an event. That way we will easily be able to suggest ideas as well as the best alternative. \u200b The purpose What is the purpose of the event? Is it team building, kick off, birthday, reward trip,or simply an ordinary company trip or a trip with friends. Participants Who will participate and how many will there be? Are they women and \/ or men, and what is the approximate age? Budget How much may the event cost? An approximate amount per person will make the planningsimpler.Rafting and Kick-off\u200b Time When do you want the event to take place? Please contact us well in advance, that way the chances of the event being exactly the way you want it are bigger, especially with regards to the accommodation. Activities \/ meeting What activities are desired for the event and of what duration? Will there be a meeting in connection with the event and if so, what facilities are needed? Living conditions What standard of accommodation does the group want? Should they live indoors, or do they prefer cottage, dormitory, hotel or mountain [&hellip;]","og_url":"https:\/\/sjoarafting.no\/sjekkliste\/","og_site_name":"Sjoa Rafting AS","article_modified_time":"2025-12-12T14:14:08+00:00","og_image":[{"width":1200,"height":675,"url":"https:\/\/sjoarafting.no\/wp-content\/uploads\/sjoa-rafting-dronebilde-av-sjoa-rafting-camp-med-to-raftingbater-pa-vannet.jpg","type":"image\/jpeg"}],"twitter_card":"summary_large_image","twitter_misc":{"Est. reading time":"2 minutes"},"schema":{"@context":"https:\/\/schema.org","@graph":[{"@type":"WebPage","@id":"https:\/\/sjoarafting.no\/sjekkliste\/","url":"https:\/\/sjoarafting.no\/sjekkliste\/","name":"Checklist - Sjoa Rafting AS","isPartOf":{"@id":"https:\/\/sjoarafting.no\/#website"},"datePublished":"2022-02-03T14:25:31+00:00","dateModified":"2025-12-12T14:14:08+00:00","breadcrumb":{"@id":"https:\/\/sjoarafting.no\/sjekkliste\/#breadcrumb"},"inLanguage":"en-US","potentialAction":[{"@type":"ReadAction","target":["https:\/\/sjoarafting.no\/sjekkliste\/"]}]},{"@type":"BreadcrumbList","@id":"https:\/\/sjoarafting.no\/sjekkliste\/#breadcrumb","itemListElement":[{"@type":"ListItem","position":1,"name":"Hjem","item":"https:\/\/sjoarafting.no\/en\/"},{"@type":"ListItem","position":2,"name":"Checklist"}]},{"@type":"WebSite","@id":"https:\/\/sjoarafting.no\/#website","url":"https:\/\/sjoarafting.no\/","name":"Sjoa Rafting AS","description":"Mer enn bare rafting","potentialAction":[{"@type":"SearchAction","target":{"@type":"EntryPoint","urlTemplate":"https:\/\/sjoarafting.no\/?s={search_term_string}"},"query-input":{"@type":"PropertyValueSpecification","valueRequired":true,"valueName":"search_term_string"}}],"inLanguage":"en-US"}]}},"_links":{"self":[{"href":"https:\/\/sjoarafting.no\/en\/wp-json\/wp\/v2\/pages\/4186","targetHints":{"allow":["GET"]}}],"collection":[{"href":"https:\/\/sjoarafting.no\/en\/wp-json\/wp\/v2\/pages"}],"about":[{"href":"https:\/\/sjoarafting.no\/en\/wp-json\/wp\/v2\/types\/page"}],"author":[{"embeddable":true,"href":"https:\/\/sjoarafting.no\/en\/wp-json\/wp\/v2\/users\/4"}],"replies":[{"embeddable":true,"href":"https:\/\/sjoarafting.no\/en\/wp-json\/wp\/v2\/comments?post=4186"}],"version-history":[{"count":1,"href":"https:\/\/sjoarafting.no\/en\/wp-json\/wp\/v2\/pages\/4186\/revisions"}],"predecessor-version":[{"id":7155,"href":"https:\/\/sjoarafting.no\/en\/wp-json\/wp\/v2\/pages\/4186\/revisions\/7155"}],"wp:attachment":[{"href":"https:\/\/sjoarafting.no\/en\/wp-json\/wp\/v2\/media?parent=4186"}],"wp:term":[{"taxonomy":"category","embeddable":true,"href":"https:\/\/sjoarafting.no\/en\/wp-json\/wp\/v2\/categories?post=4186"},{"taxonomy":"post_tag","embeddable":true,"href":"https:\/\/sjoarafting.no\/en\/wp-json\/wp\/v2\/tags?post=4186"}],"curies":[{"name":"wp","href":"https:\/\/api.w.org\/{rel}","templated":true}]}}