{"id":4153,"date":"2022-02-03T11:56:08","date_gmt":"2022-02-03T10:56:08","guid":{"rendered":"https:\/\/sjoarafting.no\/?page_id=4153"},"modified":"2022-03-03T12:41:00","modified_gmt":"2022-03-03T11:41:00","slug":"trip-with-friends","status":"publish","type":"page","link":"https:\/\/sjoarafting.no\/en\/group-tours\/trip-with-friends\/","title":{"rendered":"Trip with friends"},"content":{"rendered":"[et_pb_section fb_built=&#8221;1&#8243; fullwidth=&#8221;on&#8221; admin_label=&#8221;Tittelseksjon&#8221; _builder_version=&#8221;4.9.4&#8243; _module_preset=&#8221;default&#8221; bottom_divider_style=&#8221;arrow&#8221; bottom_divider_color=&#8221;#ebf6fa&#8221; global_colors_info=&#8221;{}&#8221;][et_pb_fullwidth_header title=&#8221;Trip with friends&#8221; header_scroll_down=&#8221;on&#8221; scroll_down_icon=&#8221;%%3%%&#8221; scroll_down_icon_color=&#8221;#00BDF2&#8243; scroll_down_icon_size=&#8221;30px&#8221; button_one_text=&#8221;See our images&#8221; button_one_url=&#8221;#galleri&#8221; logo_image_url=&#8221;https:\/\/sjoarafting.no\/wp-content\/uploads\/Sjoa_rafting_logo_hvit_tekst-395&#215;143-1.png&#8221; disabled_on=&#8221;off|off|off&#8221; _builder_version=&#8221;4.14.7&#8243; _dynamic_attributes=&#8221;content&#8221; _module_preset=&#8221;default&#8221; title_font=&#8221;||||||||&#8221; title_font_size=&#8221;25px&#8221; background_color=&#8221;#0089B3&#8243; background_image=&#8221;https:\/\/sjoarafting.no\/wp-content\/uploads\/b8bf93_9c3cb2c1884c4459b1076476718cf51d_mv2-2.jpg&#8221; custom_margin=&#8221;||||false|false&#8221; custom_padding=&#8221;||4em||false|false&#8221; global_colors_info=&#8221;{}&#8221;]@ET-DC@eyJkeW5hbWljIjp0cnVlLCJjb250ZW50IjoicG9zdF9leGNlcnB0Iiwic2V0dGluZ3MiOnsiYmVmb3JlIjoiIiwiYWZ0ZXIiOiIiLCJ3b3JkcyI6IiIsInJlYWRfbW9yZV9sYWJlbCI6IiJ9fQ==@[\/et_pb_fullwidth_header][\/et_pb_section][et_pb_section fb_built=&#8221;1&#8243; admin_label=&#8221;Innholdsseksjon&#8221; _builder_version=&#8221;4.9.4&#8243; background_color=&#8221;#ebf6fa&#8221; global_colors_info=&#8221;{}&#8221;][et_pb_row column_structure=&#8221;2_5,3_5&#8243; admin_label=&#8221;row&#8221; _builder_version=&#8221;4.10.7&#8243; background_size=&#8221;initial&#8221; background_position=&#8221;top_left&#8221; background_repeat=&#8221;repeat&#8221; global_colors_info=&#8221;{}&#8221;][et_pb_column type=&#8221;2_5&#8243; _builder_version=&#8221;4.10.7&#8243; background_enable_color=&#8221;off&#8221; custom_padding=&#8221;|1em||1em|true|false&#8221; global_colors_info=&#8221;{}&#8221; custom_padding__hover=&#8221;|||&#8221;][et_pb_text _builder_version=&#8221;4.14.7&#8243; _module_preset=&#8221;default&#8221; global_colors_info=&#8221;{}&#8221;]\n<h1>Trip with friends<\/h1>\n[\/et_pb_text][et_pb_text _builder_version=&#8221;4.14.7&#8243; _module_preset=&#8221;default&#8221; global_colors_info=&#8221;{}&#8221;]\n<p><span style=\"color: #00bdf2;\">It&#8217;s nice to bring friends on a trip. It strengthens the bonds of the friendship.<\/span><\/p>\n[\/et_pb_text][et_pb_button button_url=&#8221;\/en\/about-us\/#contact-us&#8221; button_text=&#8221;Send a request&#8221; _builder_version=&#8221;4.14.7&#8243; _module_preset=&#8221;default&#8221; hover_enabled=&#8221;0&#8243; global_colors_info=&#8221;{}&#8221; sticky_enabled=&#8221;0&#8243;][\/et_pb_button][\/et_pb_column][et_pb_column type=&#8221;3_5&#8243; _builder_version=&#8221;3.25&#8243; custom_padding=&#8221;|||&#8221; global_colors_info=&#8221;{}&#8221; custom_padding__hover=&#8221;|||&#8221;][et_pb_text admin_label=&#8221;Faktatekst&#8221; _builder_version=&#8221;4.14.7&#8243; _module_preset=&#8221;default&#8221; custom_padding=&#8221;50px||||false|false&#8221; global_colors_info=&#8221;{}&#8221;]\n<p>A trip with friends can be a simple gathering of a bunch of friends or it can be a celebration: birthday, silver wedding anniversary, graduation, etc. We make sure that you get the most out of the occasion. If you want an indoor event, we can easily accommodate 100+ guests in the dining hall, or you can reserve the campfire site, also big enough for 100+ people. Contact us for suggestions.<\/p>\n[\/et_pb_text][\/et_pb_column][\/et_pb_row][\/et_pb_section][et_pb_section fb_built=&#8221;1&#8243; module_id=&#8221;galleri&#8221; _builder_version=&#8221;4.12.0&#8243; _module_preset=&#8221;default&#8221; background_color=&#8221;gcid-91b3920f-8c20-402e-aad2-c8ac690c8052&#8243; custom_padding=&#8221;0px||0px|||&#8221; global_colors_info=&#8221;{%22gcid-91b3920f-8c20-402e-aad2-c8ac690c8052%22:%91%22background_color%22%93}&#8221;][et_pb_row _builder_version=&#8221;4.10.7&#8243; _module_preset=&#8221;default&#8221; max_width=&#8221;80%&#8221; global_colors_info=&#8221;{}&#8221;][et_pb_column type=&#8221;4_4&#8243; _builder_version=&#8221;4.10.7&#8243; _module_preset=&#8221;default&#8221; global_colors_info=&#8221;{}&#8221;][et_pb_text _builder_version=&#8221;4.14.2&#8243; _module_preset=&#8221;default&#8221; global_colors_info=&#8221;{}&#8221;]\n\n\t\t\t\t<p class=\"rs-p-wp-fix\"><\/p>\n\t\t\t\t<sr7-module data-alias=\"firma-1\" data-id=\"41\" id=\"SR7_41_1\" data-version=\"6.7.52\">\n\t\t\t\t\t<sr7-adjuster><\/sr7-adjuster>\n\t\t\t\t\t<sr7-content>\n\t\t\t\t\t\t<sr7-carousel>\n\t\t\t\t\t\t<sr7-slide id=\"SR7_41_1-165\" data-key=\"165\">\n\t\t\t\t\t\t\t<sr7-bg id=\"SR7_41_1-165-slidebg\" class=\"sr7-layer\"><noscript><img decoding=\"async\" src=\"https:\/\/sjoarafting.no\/wp-content\/uploads\/glad-jente-sjoa-rafting-as-scaled.jpg\" alt=\"Smilende jente med gul Sjoa Rafting hjelm\" title=\"glad-jente-sjoa-rafting-as\"><\/noscript><\/sr7-bg>\n\t\t\t\t\t\t<\/sr7-slide>\n\t\t\t\t\t\t<sr7-slide id=\"SR7_41_1-166\" data-key=\"166\">\n\t\t\t\t\t\t\t<sr7-bg id=\"SR7_41_1-166-slidebg\" class=\"sr7-layer\"><noscript><img decoding=\"async\" src=\"https:\/\/sjoarafting.no\/wp-content\/uploads\/2K3A4258-scaled.jpg\" alt=\"Person som svinger seg i brupendelen over\" title=\"Person som svinger seg i brupendelen over\"><\/noscript><\/sr7-bg>\n\t\t\t\t\t\t<\/sr7-slide>\n\t\t\t\t\t\t<sr7-slide id=\"SR7_41_1-173\" data-key=\"173\">\n\t\t\t\t\t\t<\/sr7-slide>\n\t\t\t\t\t\t<sr7-slide id=\"SR7_41_1-167\" data-key=\"167\">\n\t\t\t\t\t\t<\/sr7-slide>\n\t\t\t\t\t\t<sr7-slide id=\"SR7_41_1-172\" data-key=\"172\">\n\t\t\t\t\t\t<\/sr7-slide>\n\t\t\t\t\t\t<sr7-slide id=\"SR7_41_1-168\" data-key=\"168\">\n\t\t\t\t\t\t<\/sr7-slide>\n\t\t\t\t\t\t<sr7-slide id=\"SR7_41_1-189\" data-key=\"189\">\n\t\t\t\t\t\t<\/sr7-slide>\n\t\t\t\t\t\t<sr7-slide id=\"SR7_41_1-169\" data-key=\"169\">\n\t\t\t\t\t\t<\/sr7-slide>\n\t\t\t\t\t\t<sr7-slide id=\"SR7_41_1-174\" data-key=\"174\">\n\t\t\t\t\t\t<\/sr7-slide>\n\t\t\t\t\t\t<sr7-slide id=\"SR7_41_1-170\" data-key=\"170\">\n\t\t\t\t\t\t<\/sr7-slide>\n\t\t\t\t\t\t<sr7-slide id=\"SR7_41_1-171\" data-key=\"171\">\n\t\t\t\t\t\t<\/sr7-slide>\n\t\t\t\t\t\t<sr7-slide id=\"SR7_41_1-175\" data-key=\"175\">\n\t\t\t\t\t\t<\/sr7-slide>\n\t\t\t\t\t\t<sr7-slide id=\"SR7_41_1-176\" data-key=\"176\">\n\t\t\t\t\t\t<\/sr7-slide>\n\t\t\t\t\t\t<sr7-slide id=\"SR7_41_1-279\" data-key=\"279\">\n\t\t\t\t\t\t<\/sr7-slide>\n\t\t\t\t\t\t<\/sr7-carousel>\n\t\t\t\t\t<\/sr7-content>\n\t\t\t\t<\/sr7-module>\n\t\t\t\t<script>\n\t\t\t\t\twindow.SR7 ??={};SR7.PMH ??={}; SR7.PMH[\"SR7_41_1\"] = {cn:100,state:false,fn: function() { if (window._tpt!==undefined && window._tpt.prepareModuleHeight !== undefined) {  _tpt.prepareModuleHeight({id:\"SR7_41_1\",el:[380,380,340,280],type:'carousel',shdw:'0',gh:[380,380,340,280],gw:[300,300,250,200],vpt:['-200px'],size:{fullWidth:true, fullHeight:false},mh:'0',onh:0,onw:0,bg:{color:'transparent'},carousel:{pt:'0',pb:'0'}});   SR7.PMH[\"SR7_41_1\"].state=true;} else if(SR7.PMH[\"SR7_41_1\"].cn-->0)\tsetTimeout( SR7.PMH[\"SR7_41_1\"].fn,19);}};SR7.PMH[\"SR7_41_1\" ].fn();\n\t\t\t\t<\/script>\n\n[\/et_pb_text][\/et_pb_column][\/et_pb_row][\/et_pb_section]\n","protected":false},"excerpt":{"rendered":"<p>Trip with friendsIt&#8217;s nice to bring friends on a trip. It strengthens the bonds of the friendship.A trip with friends can be a simple gathering of a bunch of friends or it can be a celebration: birthday, silver wedding anniversary, graduation, etc. We make sure that you get the most out of the occasion. If you want an indoor event, we can easily accommodate 100+ guests in the dining hall, or you can reserve the campfire site, also big enough for 100+ people. Contact us for suggestions.\n\t\t\t\t<p class=\"rs-p-wp-fix\"><\/p>\n\t\t\t\t<sr7-module data-alias=\"firma-1\" data-id=\"41\" id=\"SR7_41_2\" data-version=\"6.7.52\">\n\t\t\t\t\t<sr7-adjuster><\/sr7-adjuster>\n\t\t\t\t\t<sr7-content>\n\t\t\t\t\t\t<sr7-carousel>\n\t\t\t\t\t\t<sr7-slide id=\"SR7_41_2-165\" data-key=\"165\">\n\t\t\t\t\t\t\t<sr7-bg id=\"SR7_41_2-165-slidebg\" class=\"sr7-layer\"><noscript><img decoding=\"async\" src=\"https:\/\/sjoarafting.no\/wp-content\/uploads\/glad-jente-sjoa-rafting-as-scaled.jpg\" alt=\"Smilende jente med gul Sjoa Rafting hjelm\" title=\"glad-jente-sjoa-rafting-as\"><\/noscript><\/sr7-bg>\n\t\t\t\t\t\t<\/sr7-slide>\n\t\t\t\t\t\t<sr7-slide id=\"SR7_41_2-166\" data-key=\"166\">\n\t\t\t\t\t\t\t<sr7-bg id=\"SR7_41_2-166-slidebg\" class=\"sr7-layer\"><noscript><img decoding=\"async\" src=\"https:\/\/sjoarafting.no\/wp-content\/uploads\/2K3A4258-scaled.jpg\" alt=\"Person som svinger seg i brupendelen over\" title=\"Person som svinger seg i brupendelen over\"><\/noscript><\/sr7-bg>\n\t\t\t\t\t\t<\/sr7-slide>\n\t\t\t\t\t\t<sr7-slide id=\"SR7_41_2-173\" data-key=\"173\">\n\t\t\t\t\t\t<\/sr7-slide>\n\t\t\t\t\t\t<sr7-slide id=\"SR7_41_2-167\" data-key=\"167\">\n\t\t\t\t\t\t<\/sr7-slide>\n\t\t\t\t\t\t<sr7-slide id=\"SR7_41_2-172\" data-key=\"172\">\n\t\t\t\t\t\t<\/sr7-slide>\n\t\t\t\t\t\t<sr7-slide id=\"SR7_41_2-168\" data-key=\"168\">\n\t\t\t\t\t\t<\/sr7-slide>\n\t\t\t\t\t\t<sr7-slide id=\"SR7_41_2-189\" data-key=\"189\">\n\t\t\t\t\t\t<\/sr7-slide>\n\t\t\t\t\t\t<sr7-slide id=\"SR7_41_2-169\" data-key=\"169\">\n\t\t\t\t\t\t<\/sr7-slide>\n\t\t\t\t\t\t<sr7-slide id=\"SR7_41_2-174\" data-key=\"174\">\n\t\t\t\t\t\t<\/sr7-slide>\n\t\t\t\t\t\t<sr7-slide id=\"SR7_41_2-170\" data-key=\"170\">\n\t\t\t\t\t\t<\/sr7-slide>\n\t\t\t\t\t\t<sr7-slide id=\"SR7_41_2-171\" data-key=\"171\">\n\t\t\t\t\t\t<\/sr7-slide>\n\t\t\t\t\t\t<sr7-slide id=\"SR7_41_2-175\" data-key=\"175\">\n\t\t\t\t\t\t<\/sr7-slide>\n\t\t\t\t\t\t<sr7-slide id=\"SR7_41_2-176\" data-key=\"176\">\n\t\t\t\t\t\t<\/sr7-slide>\n\t\t\t\t\t\t<sr7-slide id=\"SR7_41_2-279\" data-key=\"279\">\n\t\t\t\t\t\t<\/sr7-slide>\n\t\t\t\t\t\t<\/sr7-carousel>\n\t\t\t\t\t<\/sr7-content>\n\t\t\t\t<\/sr7-module>\n\t\t\t\t<script>\n\t\t\t\t\twindow.SR7 ??={};SR7.PMH ??={}; SR7.PMH[\"SR7_41_2\"] = {cn:100,state:false,fn: function() { if (window._tpt!==undefined && window._tpt.prepareModuleHeight !== undefined) {  _tpt.prepareModuleHeight({id:\"SR7_41_2\",el:[380,380,340,280],type:'carousel',shdw:'0',gh:[380,380,340,280],gw:[300,300,250,200],vpt:['-200px'],size:{fullWidth:true, fullHeight:false},mh:'0',onh:0,onw:0,bg:{color:'transparent'},carousel:{pt:'0',pb:'0'}});   SR7.PMH[\"SR7_41_2\"].state=true;} else if(SR7.PMH[\"SR7_41_2\"].cn-->0)\tsetTimeout( SR7.PMH[\"SR7_41_2\"].fn,19);}};SR7.PMH[\"SR7_41_2\" ].fn();\n\t\t\t\t<\/script>\n<\/p>\n","protected":false},"author":4,"featured_media":0,"parent":4127,"menu_order":0,"comment_status":"closed","ping_status":"closed","template":"","meta":{"_acf_changed":false,"_et_pb_use_builder":"on","_et_pb_old_content":"[et_pb_section fb_built=\"1\" fullwidth=\"on\" admin_label=\"Tittelseksjon\" _builder_version=\"4.9.4\" _module_preset=\"default\" bottom_divider_style=\"arrow\" bottom_divider_color=\"#ebf6fa\" global_colors_info=\"{}\"][et_pb_fullwidth_header title=\"Vennetur\" header_scroll_down=\"on\" scroll_down_icon=\"%%3%%\" scroll_down_icon_color=\"#00BDF2\" scroll_down_icon_size=\"30px\" button_one_text=\"Se bilder\" button_one_url=\"#galleri\" logo_image_url=\"https:\/\/sjoarafting.no\/wp-content\/uploads\/Sjoa_rafting_logo_hvit_tekst-395x143-1.png\" disabled_on=\"off|off|off\" _builder_version=\"4.11.3\" _dynamic_attributes=\"content\" _module_preset=\"default\" title_font=\"||||||||\" title_font_size=\"25px\" background_color=\"#0089B3\" background_image=\"https:\/\/sjoarafting.no\/wp-content\/uploads\/b8bf93_9c3cb2c1884c4459b1076476718cf51d_mv2-2.jpg\" custom_margin=\"||||false|false\" custom_padding=\"||4em||false|false\" global_colors_info=\"{}\"]@ET-DC@eyJkeW5hbWljIjp0cnVlLCJjb250ZW50IjoicG9zdF9leGNlcnB0Iiwic2V0dGluZ3MiOnsiYmVmb3JlIjoiIiwiYWZ0ZXIiOiIiLCJ3b3JkcyI6IiIsInJlYWRfbW9yZV9sYWJlbCI6IiJ9fQ==@[\/et_pb_fullwidth_header][\/et_pb_section][et_pb_section fb_built=\"1\" admin_label=\"Innholdsseksjon\" _builder_version=\"4.9.4\" background_color=\"#ebf6fa\" global_colors_info=\"{}\"][et_pb_row column_structure=\"2_5,3_5\" admin_label=\"row\" _builder_version=\"4.10.7\" background_size=\"initial\" background_position=\"top_left\" background_repeat=\"repeat\" global_colors_info=\"{}\"][et_pb_column type=\"2_5\" _builder_version=\"4.10.7\" background_enable_color=\"off\" custom_padding=\"|1em||1em|true|false\" global_colors_info=\"{}\" custom_padding__hover=\"|||\"][et_pb_text _builder_version=\"4.10.7\" _module_preset=\"default\" global_colors_info=\"{}\"]<h1>Vennetur<\/h1>[\/et_pb_text][et_pb_text _builder_version=\"4.14.2\" _module_preset=\"default\" global_colors_info=\"{}\"]<p><span style=\"color: #00bdf2;\">Det er hyggelig \u00e5 ta med seg venner p\u00e5 tur. Det styrker vennskapsb\u00e5ndene.<\/span><\/p>[\/et_pb_text][et_pb_button button_url=\"\/om-oss\/#kontakt-oss\" button_text=\"Send foresp\u00f8rsel\" _builder_version=\"4.10.7\" _module_preset=\"default\" global_colors_info=\"{}\"][\/et_pb_button][\/et_pb_column][et_pb_column type=\"3_5\" _builder_version=\"3.25\" custom_padding=\"|||\" global_colors_info=\"{}\" custom_padding__hover=\"|||\"][et_pb_text admin_label=\"Faktatekst\" _builder_version=\"4.14.2\" _module_preset=\"default\" custom_padding=\"50px||||false|false\" global_colors_info=\"{}\"]<p>En vennetur kan bare v\u00e6re en gjeng venner\/venninner. Det kan ogs\u00e5 v\u00e6re en feiring; f\u00f8dselsdag, s\u00f8lvbryllup, ferdig med studier etc. Vi vil legge til rette for at dere skal f\u00e5 det maksimale ut av anledningen. \u00d8nsker dere et arrangement innend\u00f8rs s\u00e5 kan vi greit ta i mot 100+ gjester i mathuset, eller kan dere reservere b\u00e5lplassen, ogs\u00e5 100+. Kontakt oss for forslag.\u200b<\/p>[\/et_pb_text][\/et_pb_column][\/et_pb_row][\/et_pb_section][et_pb_section fb_built=\"1\" module_id=\"galleri\" _builder_version=\"4.12.0\" _module_preset=\"default\" background_color=\"gcid-91b3920f-8c20-402e-aad2-c8ac690c8052\" custom_padding=\"0px||0px|||\" global_colors_info=\"{%22gcid-91b3920f-8c20-402e-aad2-c8ac690c8052%22:%91%22background_color%22%93}\"][et_pb_row _builder_version=\"4.10.7\" _module_preset=\"default\" max_width=\"80%\" global_colors_info=\"{}\"][et_pb_column type=\"4_4\" _builder_version=\"4.10.7\" _module_preset=\"default\" global_colors_info=\"{}\"][et_pb_text _builder_version=\"4.14.2\" _module_preset=\"default\" hover_enabled=\"0\" global_colors_info=\"{}\" sticky_enabled=\"0\"]<p>[rev_slider alias=\"firma-1\"][\/rev_slider]<\/p>[\/et_pb_text][\/et_pb_column][\/et_pb_row][\/et_pb_section]","_et_gb_content_width":"","footnotes":""},"categories":[],"tags":[],"class_list":["post-4153","page","type-page","status-publish","hentry"],"acf":[],"yoast_head":"<!-- This site is optimized with the Yoast SEO Premium plugin v27.3 (Yoast SEO v27.3) - https:\/\/yoast.com\/product\/yoast-seo-premium-wordpress\/ -->\n<title>Trip with friends - Sjoa Rafting AS<\/title>\n<meta name=\"robots\" content=\"index, follow, max-snippet:-1, max-image-preview:large, max-video-preview:-1\" \/>\n<link rel=\"canonical\" href=\"https:\/\/sjoarafting.no\/gruppetur\/vennetur\/\" \/>\n<meta property=\"og:locale\" content=\"en_US\" \/>\n<meta property=\"og:type\" content=\"article\" \/>\n<meta property=\"og:title\" content=\"Trip with friends\" \/>\n<meta property=\"og:description\" content=\"Trip with friendsIt&#039;s nice to bring friends on a trip. It strengthens the bonds of the friendship.A trip with friends can be a simple gathering of a bunch of friends or it can be a celebration: birthday, silver wedding anniversary, graduation, etc. We make sure that you get the most out of the occasion. If you want an indoor event, we can easily accommodate 100+ guests in the dining hall, or you can reserve the campfire site, also big enough for 100+ people. Contact us for suggestions.\" \/>\n<meta property=\"og:url\" content=\"https:\/\/sjoarafting.no\/gruppetur\/vennetur\/\" \/>\n<meta property=\"og:site_name\" content=\"Sjoa Rafting AS\" \/>\n<meta property=\"article:modified_time\" content=\"2022-03-03T11:41:00+00:00\" \/>\n<meta property=\"og:image\" content=\"https:\/\/sjoarafting.no\/wp-content\/uploads\/sjoa-rafting-dronebilde-av-sjoa-rafting-camp-med-to-raftingbater-pa-vannet.jpg\" \/>\n\t<meta property=\"og:image:width\" content=\"1200\" \/>\n\t<meta property=\"og:image:height\" content=\"675\" \/>\n\t<meta property=\"og:image:type\" content=\"image\/jpeg\" \/>\n<meta name=\"twitter:card\" content=\"summary_large_image\" \/>\n<meta name=\"twitter:label1\" content=\"Est. reading time\" \/>\n\t<meta name=\"twitter:data1\" content=\"3 minutes\" \/>\n<script type=\"application\/ld+json\" class=\"yoast-schema-graph\">{\"@context\":\"https:\\\/\\\/schema.org\",\"@graph\":[{\"@type\":\"WebPage\",\"@id\":\"https:\\\/\\\/sjoarafting.no\\\/gruppetur\\\/vennetur\\\/\",\"url\":\"https:\\\/\\\/sjoarafting.no\\\/gruppetur\\\/vennetur\\\/\",\"name\":\"Trip with friends - Sjoa Rafting AS\",\"isPartOf\":{\"@id\":\"https:\\\/\\\/sjoarafting.no\\\/#website\"},\"datePublished\":\"2022-02-03T10:56:08+00:00\",\"dateModified\":\"2022-03-03T11:41:00+00:00\",\"breadcrumb\":{\"@id\":\"https:\\\/\\\/sjoarafting.no\\\/gruppetur\\\/vennetur\\\/#breadcrumb\"},\"inLanguage\":\"en-US\",\"potentialAction\":[{\"@type\":\"ReadAction\",\"target\":[\"https:\\\/\\\/sjoarafting.no\\\/gruppetur\\\/vennetur\\\/\"]}]},{\"@type\":\"BreadcrumbList\",\"@id\":\"https:\\\/\\\/sjoarafting.no\\\/gruppetur\\\/vennetur\\\/#breadcrumb\",\"itemListElement\":[{\"@type\":\"ListItem\",\"position\":1,\"name\":\"Hjem\",\"item\":\"https:\\\/\\\/sjoarafting.no\\\/\"},{\"@type\":\"ListItem\",\"position\":2,\"name\":\"Group tours\",\"item\":\"https:\\\/\\\/sjoarafting.no\\\/gruppetur\\\/\"},{\"@type\":\"ListItem\",\"position\":3,\"name\":\"Trip with friends\"}]},{\"@type\":\"WebSite\",\"@id\":\"https:\\\/\\\/sjoarafting.no\\\/#website\",\"url\":\"https:\\\/\\\/sjoarafting.no\\\/\",\"name\":\"Sjoa Rafting AS\",\"description\":\"Mer enn bare rafting\",\"potentialAction\":[{\"@type\":\"SearchAction\",\"target\":{\"@type\":\"EntryPoint\",\"urlTemplate\":\"https:\\\/\\\/sjoarafting.no\\\/?s={search_term_string}\"},\"query-input\":{\"@type\":\"PropertyValueSpecification\",\"valueRequired\":true,\"valueName\":\"search_term_string\"}}],\"inLanguage\":\"en-US\"}]}<\/script>\n<!-- \/ Yoast SEO Premium plugin. -->","yoast_head_json":{"title":"Trip with friends - Sjoa Rafting AS","robots":{"index":"index","follow":"follow","max-snippet":"max-snippet:-1","max-image-preview":"max-image-preview:large","max-video-preview":"max-video-preview:-1"},"canonical":"https:\/\/sjoarafting.no\/gruppetur\/vennetur\/","og_locale":"en_US","og_type":"article","og_title":"Trip with friends","og_description":"Trip with friendsIt's nice to bring friends on a trip. It strengthens the bonds of the friendship.A trip with friends can be a simple gathering of a bunch of friends or it can be a celebration: birthday, silver wedding anniversary, graduation, etc. We make sure that you get the most out of the occasion. If you want an indoor event, we can easily accommodate 100+ guests in the dining hall, or you can reserve the campfire site, also big enough for 100+ people. Contact us for suggestions.","og_url":"https:\/\/sjoarafting.no\/gruppetur\/vennetur\/","og_site_name":"Sjoa Rafting AS","article_modified_time":"2022-03-03T11:41:00+00:00","og_image":[{"width":1200,"height":675,"url":"https:\/\/sjoarafting.no\/wp-content\/uploads\/sjoa-rafting-dronebilde-av-sjoa-rafting-camp-med-to-raftingbater-pa-vannet.jpg","type":"image\/jpeg"}],"twitter_card":"summary_large_image","twitter_misc":{"Est. reading time":"3 minutes"},"schema":{"@context":"https:\/\/schema.org","@graph":[{"@type":"WebPage","@id":"https:\/\/sjoarafting.no\/gruppetur\/vennetur\/","url":"https:\/\/sjoarafting.no\/gruppetur\/vennetur\/","name":"Trip with friends - Sjoa Rafting AS","isPartOf":{"@id":"https:\/\/sjoarafting.no\/#website"},"datePublished":"2022-02-03T10:56:08+00:00","dateModified":"2022-03-03T11:41:00+00:00","breadcrumb":{"@id":"https:\/\/sjoarafting.no\/gruppetur\/vennetur\/#breadcrumb"},"inLanguage":"en-US","potentialAction":[{"@type":"ReadAction","target":["https:\/\/sjoarafting.no\/gruppetur\/vennetur\/"]}]},{"@type":"BreadcrumbList","@id":"https:\/\/sjoarafting.no\/gruppetur\/vennetur\/#breadcrumb","itemListElement":[{"@type":"ListItem","position":1,"name":"Hjem","item":"https:\/\/sjoarafting.no\/"},{"@type":"ListItem","position":2,"name":"Group tours","item":"https:\/\/sjoarafting.no\/gruppetur\/"},{"@type":"ListItem","position":3,"name":"Trip with friends"}]},{"@type":"WebSite","@id":"https:\/\/sjoarafting.no\/#website","url":"https:\/\/sjoarafting.no\/","name":"Sjoa Rafting AS","description":"Mer enn bare rafting","potentialAction":[{"@type":"SearchAction","target":{"@type":"EntryPoint","urlTemplate":"https:\/\/sjoarafting.no\/?s={search_term_string}"},"query-input":{"@type":"PropertyValueSpecification","valueRequired":true,"valueName":"search_term_string"}}],"inLanguage":"en-US"}]}},"_links":{"self":[{"href":"https:\/\/sjoarafting.no\/en\/wp-json\/wp\/v2\/pages\/4153","targetHints":{"allow":["GET"]}}],"collection":[{"href":"https:\/\/sjoarafting.no\/en\/wp-json\/wp\/v2\/pages"}],"about":[{"href":"https:\/\/sjoarafting.no\/en\/wp-json\/wp\/v2\/types\/page"}],"author":[{"embeddable":true,"href":"https:\/\/sjoarafting.no\/en\/wp-json\/wp\/v2\/users\/4"}],"replies":[{"embeddable":true,"href":"https:\/\/sjoarafting.no\/en\/wp-json\/wp\/v2\/comments?post=4153"}],"version-history":[{"count":0,"href":"https:\/\/sjoarafting.no\/en\/wp-json\/wp\/v2\/pages\/4153\/revisions"}],"up":[{"embeddable":true,"href":"https:\/\/sjoarafting.no\/en\/wp-json\/wp\/v2\/pages\/4127"}],"wp:attachment":[{"href":"https:\/\/sjoarafting.no\/en\/wp-json\/wp\/v2\/media?parent=4153"}],"wp:term":[{"taxonomy":"category","embeddable":true,"href":"https:\/\/sjoarafting.no\/en\/wp-json\/wp\/v2\/categories?post=4153"},{"taxonomy":"post_tag","embeddable":true,"href":"https:\/\/sjoarafting.no\/en\/wp-json\/wp\/v2\/tags?post=4153"}],"curies":[{"name":"wp","href":"https:\/\/api.w.org\/{rel}","templated":true}]}}