{"id":4146,"date":"2022-02-03T11:54:07","date_gmt":"2022-02-03T10:54:07","guid":{"rendered":"https:\/\/sjoarafting.no\/?page_id=4146"},"modified":"2025-12-12T14:48:01","modified_gmt":"2025-12-12T13:48:01","slug":"class-trip","status":"publish","type":"page","link":"https:\/\/sjoarafting.no\/en\/group-tours\/class-trip\/","title":{"rendered":"Class trip"},"content":{"rendered":"[et_pb_section fb_built=&#8221;1&#8243; fullwidth=&#8221;on&#8221; admin_label=&#8221;Tittelseksjon&#8221; _builder_version=&#8221;4.16&#8243; _module_preset=&#8221;default&#8221; bottom_divider_style=&#8221;arrow&#8221; bottom_divider_color=&#8221;#ebf6fa&#8221; global_colors_info=&#8221;{}&#8221;][et_pb_fullwidth_header title=&#8221;Class trip&#8221; header_scroll_down=&#8221;on&#8221; scroll_down_icon=&#8221;%%3%%&#8221; scroll_down_icon_color=&#8221;#00BDF2&#8243; scroll_down_icon_size=&#8221;30px&#8221; button_one_text=&#8221;Se bilder&#8221; button_one_url=&#8221;#galleri&#8221; logo_image_url=&#8221;https:\/\/sjoarafting.no\/wp-content\/uploads\/Sjoa_rafting_logo_hvit_tekst-395&#215;143-1.png&#8221; disabled_on=&#8221;off|off|off&#8221; _builder_version=&#8221;4.16&#8243; _dynamic_attributes=&#8221;content&#8221; _module_preset=&#8221;default&#8221; title_font=&#8221;||||||||&#8221; title_font_size=&#8221;25px&#8221; background_color=&#8221;#0089B3&#8243; background_image=&#8221;https:\/\/sjoarafting.no\/wp-content\/uploads\/DSC6880-scaled.jpg&#8221; custom_margin=&#8221;||||false|false&#8221; custom_padding=&#8221;||4em||false|false&#8221; global_colors_info=&#8221;{}&#8221;]@ET-DC@eyJkeW5hbWljIjp0cnVlLCJjb250ZW50IjoicG9zdF9leGNlcnB0Iiwic2V0dGluZ3MiOnsiYmVmb3JlIjoiIiwiYWZ0ZXIiOiIiLCJ3b3JkcyI6IiIsInJlYWRfbW9yZV9sYWJlbCI6IiJ9fQ==@[\/et_pb_fullwidth_header][\/et_pb_section][et_pb_section fb_built=&#8221;1&#8243; admin_label=&#8221;Innholdsseksjon&#8221; _builder_version=&#8221;4.16&#8243; background_color=&#8221;#ebf6fa&#8221; global_colors_info=&#8221;{}&#8221;][et_pb_row column_structure=&#8221;2_5,3_5&#8243; admin_label=&#8221;row&#8221; _builder_version=&#8221;4.16&#8243; background_size=&#8221;initial&#8221; background_position=&#8221;top_left&#8221; background_repeat=&#8221;repeat&#8221; global_colors_info=&#8221;{}&#8221;][et_pb_column type=&#8221;2_5&#8243; _builder_version=&#8221;4.16&#8243; background_enable_color=&#8221;off&#8221; custom_padding=&#8221;|1em||1em|true|false&#8221; global_colors_info=&#8221;{}&#8221; custom_padding__hover=&#8221;|||&#8221;][et_pb_text _builder_version=&#8221;4.23.1&#8243; _module_preset=&#8221;default&#8221; global_colors_info=&#8221;{}&#8221;]\n<h1>Class trip<\/h1>\n[\/et_pb_text][et_pb_text _builder_version=&#8221;4.23.1&#8243; _module_preset=&#8221;default&#8221; global_colors_info=&#8221;{}&#8221;]\n<p class=\"font_7\"><span class=\"color_19\" style=\"color: #00bdf2;\">Welcome to the world&#8217;s best classroom!<\/span><\/p>\n<p class=\"font_7\"><span style=\"color: #00bdf2;\"><span class=\"color_19\"><span class=\"wixGuard\">\u200b<\/span><\/span><span class=\"color_19\">We have many schools that come back to us, spring or autumn, year after year. We welcome students from middle school to student groups. Some classes come for a short white water rafting trip, others book a week-long program where we emphasize the pedagogical side of our knowledge and experience. We plan with the purpose of everyone taking home new impressions, positive experiences and for the class to be more socially cohesive. <\/span><\/span><\/p>\n[\/et_pb_text][et_pb_button button_url=&#8221;\/en\/about-us\/#contact-us&#8221; button_text=&#8221;Send a request&#8221; _builder_version=&#8221;4.16&#8243; _module_preset=&#8221;default&#8221; global_colors_info=&#8221;{}&#8221;][\/et_pb_button][\/et_pb_column][et_pb_column type=&#8221;3_5&#8243; _builder_version=&#8221;4.16&#8243; custom_padding=&#8221;|||&#8221; global_colors_info=&#8221;{}&#8221; custom_padding__hover=&#8221;|||&#8221;][et_pb_text admin_label=&#8221;Faktatekst&#8221; _builder_version=&#8221;4.27.5&#8243; _module_preset=&#8221;default&#8221; custom_padding=&#8221;50px||||false|false&#8221; hover_enabled=&#8221;0&#8243; global_colors_info=&#8221;{}&#8221; sticky_enabled=&#8221;0&#8243;]\n<p class=\"font_8\">For school classes that are staying the night, we always suggest accommodation in a lavvu. It is a great social experience that many of the students have never had, and perhaps won\u2019t have ever again. After the visit to Sjoa Rafting AS, everyone can say: &#8220;Of course I spent the night outside!&#8221;<\/p>\n<p class=\"font_8\"><span class=\"wixGuard\">\u200b<\/span><span style=\"font-size: 20px;\">Students can prepare food themselves, or they can buy all food from us. If the class chooses to make the meals a separate project and take care of everything from purchase to waste handling, we suggest that they take charge of it themselves. If students are to arrange their own food without a plan, it often results in chaos, and we then recommend that the class buys all meals from us. <\/span><\/p>\n<p class=\"font_8\"><span class=\"wixGuard\">\u200b<\/span><span style=\"font-size: 20px;\">Please contact us with a plan of approximately how much time you have available, a reasonable budget and the purpose of the trip. Based on this information, we will tailor the experience and the learning the student are to derive from their stay. <\/span><\/p>\n<p class=\"font_8\"><span style=\"font-size: 20px;\">We have a special price list for school classes.<br \/><\/span><span style=\"font-size: 20px;\">Contact us for program suggestions and prices.<\/span><\/p>\n[\/et_pb_text][et_pb_text _builder_version=&#8221;4.23.1&#8243; _module_preset=&#8221;default&#8221; global_colors_info=&#8221;{}&#8221;]\n<p><iframe loading=\"lazy\" title=\"YouTube video player\" src=\"https:\/\/www.youtube.com\/embed\/q480R-rIcqY\" width=\"560\" height=\"315\" frameborder=\"0\" allowfullscreen=\"allowfullscreen\"><\/iframe><\/p>\n[\/et_pb_text][\/et_pb_column][\/et_pb_row][\/et_pb_section][et_pb_section fb_built=&#8221;1&#8243; module_id=&#8221;galleri&#8221; _builder_version=&#8221;4.16&#8243; _module_preset=&#8221;default&#8221; background_color=&#8221;gcid-91b3920f-8c20-402e-aad2-c8ac690c8052&#8243; custom_padding=&#8221;0px||0px|||&#8221; global_colors_info=&#8221;{%22gcid-91b3920f-8c20-402e-aad2-c8ac690c8052%22:%91%22background_color%22%93}&#8221;][et_pb_row _builder_version=&#8221;4.16&#8243; _module_preset=&#8221;default&#8221; max_width=&#8221;80%&#8221; global_colors_info=&#8221;{}&#8221;][et_pb_column type=&#8221;4_4&#8243; _builder_version=&#8221;4.16&#8243; _module_preset=&#8221;default&#8221; global_colors_info=&#8221;{}&#8221;][et_pb_text _builder_version=&#8221;4.20.4&#8243; _module_preset=&#8221;default&#8221; global_colors_info=&#8221;{}&#8221;]\n\n\t\t\t\t<p class=\"rs-p-wp-fix\"><\/p>\n\t\t\t\t<sr7-module data-alias=\"firma-1\" data-id=\"41\" id=\"SR7_41_1\" data-version=\"6.7.54\">\n\t\t\t\t\t<sr7-adjuster><\/sr7-adjuster>\n\t\t\t\t\t<sr7-content>\n\t\t\t\t\t\t<sr7-carousel>\n\t\t\t\t\t\t<sr7-slide id=\"SR7_41_1-165\" data-key=\"165\">\n\t\t\t\t\t\t\t<sr7-bg id=\"SR7_41_1-165-slidebg\" class=\"sr7-layer\"><noscript><img decoding=\"async\" src=\"https:\/\/sjoarafting.no\/wp-content\/uploads\/glad-jente-sjoa-rafting-as-scaled.jpg\" alt=\"Smilende jente med gul Sjoa Rafting hjelm\" title=\"glad-jente-sjoa-rafting-as\"><\/noscript><\/sr7-bg>\n\t\t\t\t\t\t<\/sr7-slide>\n\t\t\t\t\t\t<sr7-slide id=\"SR7_41_1-166\" data-key=\"166\">\n\t\t\t\t\t\t\t<sr7-bg id=\"SR7_41_1-166-slidebg\" class=\"sr7-layer\"><noscript><img decoding=\"async\" src=\"https:\/\/sjoarafting.no\/wp-content\/uploads\/2K3A4258-scaled.jpg\" alt=\"Person som svinger seg i brupendelen over\" title=\"Person som svinger seg i brupendelen over\"><\/noscript><\/sr7-bg>\n\t\t\t\t\t\t<\/sr7-slide>\n\t\t\t\t\t\t<sr7-slide id=\"SR7_41_1-173\" data-key=\"173\">\n\t\t\t\t\t\t<\/sr7-slide>\n\t\t\t\t\t\t<sr7-slide id=\"SR7_41_1-167\" data-key=\"167\">\n\t\t\t\t\t\t<\/sr7-slide>\n\t\t\t\t\t\t<sr7-slide id=\"SR7_41_1-172\" data-key=\"172\">\n\t\t\t\t\t\t<\/sr7-slide>\n\t\t\t\t\t\t<sr7-slide id=\"SR7_41_1-168\" data-key=\"168\">\n\t\t\t\t\t\t<\/sr7-slide>\n\t\t\t\t\t\t<sr7-slide id=\"SR7_41_1-189\" data-key=\"189\">\n\t\t\t\t\t\t<\/sr7-slide>\n\t\t\t\t\t\t<sr7-slide id=\"SR7_41_1-169\" data-key=\"169\">\n\t\t\t\t\t\t<\/sr7-slide>\n\t\t\t\t\t\t<sr7-slide id=\"SR7_41_1-174\" data-key=\"174\">\n\t\t\t\t\t\t<\/sr7-slide>\n\t\t\t\t\t\t<sr7-slide id=\"SR7_41_1-170\" data-key=\"170\">\n\t\t\t\t\t\t<\/sr7-slide>\n\t\t\t\t\t\t<sr7-slide id=\"SR7_41_1-171\" data-key=\"171\">\n\t\t\t\t\t\t<\/sr7-slide>\n\t\t\t\t\t\t<sr7-slide id=\"SR7_41_1-175\" data-key=\"175\">\n\t\t\t\t\t\t<\/sr7-slide>\n\t\t\t\t\t\t<sr7-slide id=\"SR7_41_1-176\" data-key=\"176\">\n\t\t\t\t\t\t<\/sr7-slide>\n\t\t\t\t\t\t<sr7-slide id=\"SR7_41_1-279\" data-key=\"279\">\n\t\t\t\t\t\t<\/sr7-slide>\n\t\t\t\t\t\t<\/sr7-carousel>\n\t\t\t\t\t<\/sr7-content>\n\t\t\t\t<\/sr7-module>\n\t\t\t\t<script>\n\t\t\t\t\twindow.SR7 ??={};SR7.PMH ??={}; SR7.PMH[\"SR7_41_1\"] = {cn:100,state:false,fn: function() { if (window._tpt!==undefined && window._tpt.prepareModuleHeight !== undefined) {  _tpt.prepareModuleHeight({id:\"SR7_41_1\",el:[380,380,340,280],type:'carousel',shdw:'0',gh:[380,380,340,280],gw:[300,300,250,200],vpt:['-200px'],size:{fullWidth:true, fullHeight:false},mh:'0',onh:0,onw:0,bg:{color:'transparent'},carousel:{pt:'0',pb:'0'}});   SR7.PMH[\"SR7_41_1\"].state=true;} else if(SR7.PMH[\"SR7_41_1\"].cn-->0)\tsetTimeout( SR7.PMH[\"SR7_41_1\"].fn,19);}};SR7.PMH[\"SR7_41_1\" ].fn();\n\t\t\t\t<\/script>\n\n[\/et_pb_text][\/et_pb_column][\/et_pb_row][\/et_pb_section]\n","protected":false},"excerpt":{"rendered":"<p>Class tripWelcome to the world&#8217;s best classroom! \u200bWe have many schools that come back to us, spring or autumn, year after year. We welcome students from middle school to student groups. Some classes come for a short white water rafting trip, others book a week-long program where we emphasize the pedagogical side of our knowledge and experience. We plan with the purpose of everyone taking home new impressions, positive experiences and for the class to be more socially cohesive. For school classes that are staying the night, we always suggest accommodation in a lavvu. It is a great social experience that many of the students have never had, and perhaps won\u2019t have ever again. After the visit to Sjoa Rafting AS, everyone can say: &#8220;Of course I spent the night outside!&#8221; \u200bStudents can prepare food themselves, or they can buy all food from us. If the class chooses to make the meals a separate project and take care of everything from purchase to waste handling, we suggest that they take charge of it themselves. If students are to arrange their own food without a plan, it often results in chaos, and we then recommend that the class buys all meals [&hellip;]<\/p>\n","protected":false},"author":4,"featured_media":0,"parent":4127,"menu_order":0,"comment_status":"closed","ping_status":"closed","template":"","meta":{"_acf_changed":false,"_et_pb_use_builder":"on","_et_pb_old_content":"[et_pb_section fb_built=\"1\" fullwidth=\"on\" admin_label=\"Tittelseksjon\" _builder_version=\"4.9.4\" _module_preset=\"default\" bottom_divider_style=\"arrow\" bottom_divider_color=\"#ebf6fa\" global_colors_info=\"{}\"][et_pb_fullwidth_header title=\"Klassetur\" header_scroll_down=\"on\" scroll_down_icon=\"%%3%%\" scroll_down_icon_color=\"#00BDF2\" scroll_down_icon_size=\"30px\" button_one_text=\"Se bilder\" button_one_url=\"#galleri\" logo_image_url=\"https:\/\/sjoarafting.no\/wp-content\/uploads\/Sjoa_rafting_logo_hvit_tekst-395x143-1.png\" disabled_on=\"off|off|off\" _builder_version=\"4.14.2\" _dynamic_attributes=\"content\" _module_preset=\"default\" title_font=\"||||||||\" title_font_size=\"25px\" background_color=\"#0089B3\" custom_margin=\"||||false|false\" custom_padding=\"||4em||false|false\" hover_enabled=\"0\" global_colors_info=\"{}\" title_text=\"_DSC6880\" background_image=\"https:\/\/sjoarafting.no\/wp-content\/uploads\/DSC6880-scaled.jpg\" sticky_enabled=\"0\"]@ET-DC@eyJkeW5hbWljIjp0cnVlLCJjb250ZW50IjoicG9zdF9leGNlcnB0Iiwic2V0dGluZ3MiOnsiYmVmb3JlIjoiIiwiYWZ0ZXIiOiIiLCJ3b3JkcyI6IiIsInJlYWRfbW9yZV9sYWJlbCI6IiJ9fQ==@[\/et_pb_fullwidth_header][\/et_pb_section][et_pb_section fb_built=\"1\" admin_label=\"Innholdsseksjon\" _builder_version=\"4.9.4\" background_color=\"#ebf6fa\" global_colors_info=\"{}\"][et_pb_row column_structure=\"2_5,3_5\" admin_label=\"row\" _builder_version=\"4.10.7\" background_size=\"initial\" background_position=\"top_left\" background_repeat=\"repeat\" global_colors_info=\"{}\"][et_pb_column type=\"2_5\" _builder_version=\"4.10.7\" background_enable_color=\"off\" custom_padding=\"|1em||1em|true|false\" global_colors_info=\"{}\" custom_padding__hover=\"|||\"][et_pb_text _builder_version=\"4.10.7\" _module_preset=\"default\" global_colors_info=\"{}\"]<h1>Klassetur<\/h1>[\/et_pb_text][et_pb_text _builder_version=\"4.14.2\" _module_preset=\"default\" global_colors_info=\"{}\"]<p class=\"font_7\"><span class=\"color_19\" style=\"color: #00bdf2;\">Velkommen til verdens beste klasserom!<\/span><\/p>\r\n<p class=\"font_7\"><span style=\"color: #00bdf2;\"><span class=\"color_19\"><span class=\"wixGuard\">\u200b<\/span><\/span><span class=\"color_19\">Vi har mange skoler som kommer tilbake til oss, v\u00e5r eller h\u00f8st, \u00e5r etter \u00e5r. Vi tar i mot alt fra ungdomsskoleklasser til studentgrupper. Noen klasser er kun p\u00e5 en korttur rafting, andre er p\u00e5 ukesopplegg der vi legger vekt p\u00e5 den pedagogiske siden av v\u00e5r kunnskap og erfaring. Vi tilrettelegger for at alle skal forlate oss med nye inntrykk, positive opplevelser og at klassen er mer sammensveiset sosialt.<\/span><\/span><\/p>[\/et_pb_text][et_pb_button button_url=\"\/om-oss\/#kontakt-oss\" button_text=\"Send foresp\u00f8rsel\" _builder_version=\"4.10.7\" _module_preset=\"default\" global_colors_info=\"{}\"][\/et_pb_button][\/et_pb_column][et_pb_column type=\"3_5\" _builder_version=\"3.25\" custom_padding=\"|||\" global_colors_info=\"{}\" custom_padding__hover=\"|||\"][et_pb_text admin_label=\"Faktatekst\" _builder_version=\"4.14.2\" _module_preset=\"default\" custom_padding=\"50px||||false|false\" global_colors_info=\"{}\"]<p class=\"font_8\">For skoleklasser som er her p\u00e5 overnatting, \u00f8nsker vi alltid at overnattingen er i lavvo. Det er veldig sosialt, og det er en opplevelse mange av elevene ikke har hatt, og kanskje heller ikke f\u00e5r senere. Etter bes\u00f8ket hos Sjoa Rafting AS kan alle fortelle: \"Klart jeg har overnattet ute!\"<\/p>\r\n<p class=\"font_8\"><span class=\"wixGuard\">\u200b<\/span><span style=\"font-size: 20px;\">Elevene kan ordne mat selv, eller de kan kj\u00f8pe all mat hos oss. Hvis klassen gj\u00f8r m\u00e5ltidene til et eget prosjekt fra innkj\u00f8p til restavfall, s\u00e5 er det veldig bra om de ordner dette selv. Hvis elevene skal ordne egen mat uten noen plan, blir det gjerne kaos, og da anbefaler vi at klassen heller kj\u00f8per dette hos oss.<\/span><\/p>\r\n<p class=\"font_8\"><span class=\"wixGuard\">\u200b<\/span><span style=\"font-size: 20px;\">Ha gjerne en plan over hvor lang tid dere har til disposisjon, et noenlunde budsjett og form\u00e5let med turen n\u00e5r dere tar kontakt, s\u00e5 skreddersyr vi opplevelsen og l\u00e6ringen klassen fortjener.<\/span><\/p>\r\n<p class=\"font_8\"><span style=\"font-size: 20px;\">Vi har egen prisliste for skoleklasser.<br \/><\/span><span style=\"font-size: 20px;\">Kontakt oss for forslag til program og priser.<\/span><\/p>[\/et_pb_text][\/et_pb_column][\/et_pb_row][\/et_pb_section][et_pb_section fb_built=\"1\" module_id=\"galleri\" _builder_version=\"4.12.0\" _module_preset=\"default\" background_color=\"gcid-91b3920f-8c20-402e-aad2-c8ac690c8052\" custom_padding=\"0px||0px|||\" global_colors_info=\"{%22gcid-91b3920f-8c20-402e-aad2-c8ac690c8052%22:%91%22background_color%22%93}\"][et_pb_row _builder_version=\"4.10.7\" _module_preset=\"default\" max_width=\"80%\" global_colors_info=\"{}\"][et_pb_column type=\"4_4\" _builder_version=\"4.10.7\" _module_preset=\"default\" global_colors_info=\"{}\"][et_pb_text _builder_version=\"4.14.2\" _module_preset=\"default\" global_colors_info=\"{}\"]<p>[rev_slider alias=\"firma-1\"][\/rev_slider]<\/p>[\/et_pb_text][\/et_pb_column][\/et_pb_row][\/et_pb_section]","_et_gb_content_width":"","footnotes":""},"categories":[],"tags":[],"class_list":["post-4146","page","type-page","status-publish","hentry"],"acf":[],"yoast_head":"<!-- This site is optimized with the Yoast SEO Premium plugin v27.4 (Yoast SEO v27.4) - https:\/\/yoast.com\/product\/yoast-seo-premium-wordpress\/ -->\n<title>Class trip - Sjoa Rafting AS<\/title>\n<meta name=\"robots\" content=\"index, follow, max-snippet:-1, max-image-preview:large, max-video-preview:-1\" \/>\n<link rel=\"canonical\" href=\"https:\/\/sjoarafting.no\/gruppetur\/klasseturen\/\" \/>\n<meta property=\"og:locale\" content=\"en_US\" \/>\n<meta property=\"og:type\" content=\"article\" \/>\n<meta property=\"og:title\" content=\"Class trip\" \/>\n<meta property=\"og:description\" content=\"Class tripWelcome to the world&#039;s best classroom! \u200bWe have many schools that come back to us, spring or autumn, year after year. We welcome students from middle school to student groups. Some classes come for a short white water rafting trip, others book a week-long program where we emphasize the pedagogical side of our knowledge and experience. We plan with the purpose of everyone taking home new impressions, positive experiences and for the class to be more socially cohesive. For school classes that are staying the night, we always suggest accommodation in a lavvu. It is a great social experience that many of the students have never had, and perhaps won\u2019t have ever again. After the visit to Sjoa Rafting AS, everyone can say: &quot;Of course I spent the night outside!&quot; \u200bStudents can prepare food themselves, or they can buy all food from us. If the class chooses to make the meals a separate project and take care of everything from purchase to waste handling, we suggest that they take charge of it themselves. If students are to arrange their own food without a plan, it often results in chaos, and we then recommend that the class buys all meals [&hellip;]\" \/>\n<meta property=\"og:url\" content=\"https:\/\/sjoarafting.no\/gruppetur\/klasseturen\/\" \/>\n<meta property=\"og:site_name\" content=\"Sjoa Rafting AS\" \/>\n<meta property=\"article:modified_time\" content=\"2025-12-12T13:48:01+00:00\" \/>\n<meta property=\"og:image\" content=\"https:\/\/sjoarafting.no\/wp-content\/uploads\/sjoa-rafting-dronebilde-av-sjoa-rafting-camp-med-to-raftingbater-pa-vannet.jpg\" \/>\n\t<meta property=\"og:image:width\" content=\"1200\" \/>\n\t<meta property=\"og:image:height\" content=\"675\" \/>\n\t<meta property=\"og:image:type\" content=\"image\/jpeg\" \/>\n<meta name=\"twitter:card\" content=\"summary_large_image\" \/>\n<meta name=\"twitter:label1\" content=\"Est. reading time\" \/>\n\t<meta name=\"twitter:data1\" content=\"2 minutes\" \/>\n<script type=\"application\/ld+json\" class=\"yoast-schema-graph\">{\"@context\":\"https:\\\/\\\/schema.org\",\"@graph\":[{\"@type\":\"WebPage\",\"@id\":\"https:\\\/\\\/sjoarafting.no\\\/gruppetur\\\/klasseturen\\\/\",\"url\":\"https:\\\/\\\/sjoarafting.no\\\/gruppetur\\\/klasseturen\\\/\",\"name\":\"Class trip - Sjoa Rafting AS\",\"isPartOf\":{\"@id\":\"https:\\\/\\\/sjoarafting.no\\\/#website\"},\"datePublished\":\"2022-02-03T10:54:07+00:00\",\"dateModified\":\"2025-12-12T13:48:01+00:00\",\"breadcrumb\":{\"@id\":\"https:\\\/\\\/sjoarafting.no\\\/gruppetur\\\/klasseturen\\\/#breadcrumb\"},\"inLanguage\":\"en-US\",\"potentialAction\":[{\"@type\":\"ReadAction\",\"target\":[\"https:\\\/\\\/sjoarafting.no\\\/gruppetur\\\/klasseturen\\\/\"]}]},{\"@type\":\"BreadcrumbList\",\"@id\":\"https:\\\/\\\/sjoarafting.no\\\/gruppetur\\\/klasseturen\\\/#breadcrumb\",\"itemListElement\":[{\"@type\":\"ListItem\",\"position\":1,\"name\":\"Hjem\",\"item\":\"https:\\\/\\\/sjoarafting.no\\\/\"},{\"@type\":\"ListItem\",\"position\":2,\"name\":\"Group tours\",\"item\":\"https:\\\/\\\/sjoarafting.no\\\/gruppetur\\\/\"},{\"@type\":\"ListItem\",\"position\":3,\"name\":\"Class trip\"}]},{\"@type\":\"WebSite\",\"@id\":\"https:\\\/\\\/sjoarafting.no\\\/#website\",\"url\":\"https:\\\/\\\/sjoarafting.no\\\/\",\"name\":\"Sjoa Rafting AS\",\"description\":\"Mer enn bare rafting\",\"potentialAction\":[{\"@type\":\"SearchAction\",\"target\":{\"@type\":\"EntryPoint\",\"urlTemplate\":\"https:\\\/\\\/sjoarafting.no\\\/?s={search_term_string}\"},\"query-input\":{\"@type\":\"PropertyValueSpecification\",\"valueRequired\":true,\"valueName\":\"search_term_string\"}}],\"inLanguage\":\"en-US\"}]}<\/script>\n<!-- \/ Yoast SEO Premium plugin. -->","yoast_head_json":{"title":"Class trip - Sjoa Rafting AS","robots":{"index":"index","follow":"follow","max-snippet":"max-snippet:-1","max-image-preview":"max-image-preview:large","max-video-preview":"max-video-preview:-1"},"canonical":"https:\/\/sjoarafting.no\/gruppetur\/klasseturen\/","og_locale":"en_US","og_type":"article","og_title":"Class trip","og_description":"Class tripWelcome to the world's best classroom! \u200bWe have many schools that come back to us, spring or autumn, year after year. We welcome students from middle school to student groups. Some classes come for a short white water rafting trip, others book a week-long program where we emphasize the pedagogical side of our knowledge and experience. We plan with the purpose of everyone taking home new impressions, positive experiences and for the class to be more socially cohesive. For school classes that are staying the night, we always suggest accommodation in a lavvu. It is a great social experience that many of the students have never had, and perhaps won\u2019t have ever again. After the visit to Sjoa Rafting AS, everyone can say: \"Of course I spent the night outside!\" \u200bStudents can prepare food themselves, or they can buy all food from us. If the class chooses to make the meals a separate project and take care of everything from purchase to waste handling, we suggest that they take charge of it themselves. If students are to arrange their own food without a plan, it often results in chaos, and we then recommend that the class buys all meals [&hellip;]","og_url":"https:\/\/sjoarafting.no\/gruppetur\/klasseturen\/","og_site_name":"Sjoa Rafting AS","article_modified_time":"2025-12-12T13:48:01+00:00","og_image":[{"width":1200,"height":675,"url":"https:\/\/sjoarafting.no\/wp-content\/uploads\/sjoa-rafting-dronebilde-av-sjoa-rafting-camp-med-to-raftingbater-pa-vannet.jpg","type":"image\/jpeg"}],"twitter_card":"summary_large_image","twitter_misc":{"Est. reading time":"2 minutes"},"schema":{"@context":"https:\/\/schema.org","@graph":[{"@type":"WebPage","@id":"https:\/\/sjoarafting.no\/gruppetur\/klasseturen\/","url":"https:\/\/sjoarafting.no\/gruppetur\/klasseturen\/","name":"Class trip - Sjoa Rafting AS","isPartOf":{"@id":"https:\/\/sjoarafting.no\/#website"},"datePublished":"2022-02-03T10:54:07+00:00","dateModified":"2025-12-12T13:48:01+00:00","breadcrumb":{"@id":"https:\/\/sjoarafting.no\/gruppetur\/klasseturen\/#breadcrumb"},"inLanguage":"en-US","potentialAction":[{"@type":"ReadAction","target":["https:\/\/sjoarafting.no\/gruppetur\/klasseturen\/"]}]},{"@type":"BreadcrumbList","@id":"https:\/\/sjoarafting.no\/gruppetur\/klasseturen\/#breadcrumb","itemListElement":[{"@type":"ListItem","position":1,"name":"Hjem","item":"https:\/\/sjoarafting.no\/"},{"@type":"ListItem","position":2,"name":"Group tours","item":"https:\/\/sjoarafting.no\/gruppetur\/"},{"@type":"ListItem","position":3,"name":"Class trip"}]},{"@type":"WebSite","@id":"https:\/\/sjoarafting.no\/#website","url":"https:\/\/sjoarafting.no\/","name":"Sjoa Rafting AS","description":"Mer enn bare rafting","potentialAction":[{"@type":"SearchAction","target":{"@type":"EntryPoint","urlTemplate":"https:\/\/sjoarafting.no\/?s={search_term_string}"},"query-input":{"@type":"PropertyValueSpecification","valueRequired":true,"valueName":"search_term_string"}}],"inLanguage":"en-US"}]}},"_links":{"self":[{"href":"https:\/\/sjoarafting.no\/en\/wp-json\/wp\/v2\/pages\/4146","targetHints":{"allow":["GET"]}}],"collection":[{"href":"https:\/\/sjoarafting.no\/en\/wp-json\/wp\/v2\/pages"}],"about":[{"href":"https:\/\/sjoarafting.no\/en\/wp-json\/wp\/v2\/types\/page"}],"author":[{"embeddable":true,"href":"https:\/\/sjoarafting.no\/en\/wp-json\/wp\/v2\/users\/4"}],"replies":[{"embeddable":true,"href":"https:\/\/sjoarafting.no\/en\/wp-json\/wp\/v2\/comments?post=4146"}],"version-history":[{"count":4,"href":"https:\/\/sjoarafting.no\/en\/wp-json\/wp\/v2\/pages\/4146\/revisions"}],"predecessor-version":[{"id":7146,"href":"https:\/\/sjoarafting.no\/en\/wp-json\/wp\/v2\/pages\/4146\/revisions\/7146"}],"up":[{"embeddable":true,"href":"https:\/\/sjoarafting.no\/en\/wp-json\/wp\/v2\/pages\/4127"}],"wp:attachment":[{"href":"https:\/\/sjoarafting.no\/en\/wp-json\/wp\/v2\/media?parent=4146"}],"wp:term":[{"taxonomy":"category","embeddable":true,"href":"https:\/\/sjoarafting.no\/en\/wp-json\/wp\/v2\/categories?post=4146"},{"taxonomy":"post_tag","embeddable":true,"href":"https:\/\/sjoarafting.no\/en\/wp-json\/wp\/v2\/tags?post=4146"}],"curies":[{"name":"wp","href":"https:\/\/api.w.org\/{rel}","templated":true}]}}