{"id":4110,"date":"2022-02-03T10:55:49","date_gmt":"2022-02-03T09:55:49","guid":{"rendered":"https:\/\/sjoarafting.no\/?page_id=4110"},"modified":"2026-03-21T10:25:32","modified_gmt":"2026-03-21T09:25:32","slug":"rafting-and-canyoning","status":"publish","type":"page","link":"https:\/\/sjoarafting.no\/en\/packages\/rafting-and-canyoning\/","title":{"rendered":"Rafting and Canyoning"},"content":{"rendered":"[et_pb_section fb_built=&#8221;1&#8243; fullwidth=&#8221;on&#8221; admin_label=&#8221;Tittelseksjon&#8221; _builder_version=&#8221;4.16&#8243; _module_preset=&#8221;default&#8221; bottom_divider_style=&#8221;arrow&#8221; bottom_divider_color=&#8221;#ebf6fa&#8221; global_colors_info=&#8221;{}&#8221;][et_pb_fullwidth_header title=&#8221;@ET-DC@eyJkeW5hbWljIjp0cnVlLCJjb250ZW50IjoicG9zdF90aXRsZSIsInNldHRpbmdzIjp7ImJlZm9yZSI6IiIsImFmdGVyIjoiIn19@&#8221; subhead=&#8221;2 days&#8221; header_scroll_down=&#8221;on&#8221; scroll_down_icon=&#8221;%%3%%&#8221; scroll_down_icon_color=&#8221;#00BDF2&#8243; scroll_down_icon_size=&#8221;30px&#8221; button_one_text=&#8221;See our images&#8221; button_one_url=&#8221;#insta&#8221; logo_image_url=&#8221;https:\/\/sjoarafting.no\/wp-content\/uploads\/Sjoa_rafting_logo_hvit_tekst-395&#215;143-1.png&#8221; disabled_on=&#8221;off|off|off&#8221; _builder_version=&#8221;4.16&#8243; _dynamic_attributes=&#8221;background_image,title&#8221; _module_preset=&#8221;default&#8221; title_font=&#8221;||||||||&#8221; title_font_size=&#8221;25px&#8221; background_color=&#8221;#0089B3&#8243; background_image=&#8221;@ET-DC@eyJkeW5hbWljIjp0cnVlLCJjb250ZW50IjoicG9zdF9mZWF0dXJlZF9pbWFnZSIsInNldHRpbmdzIjp7fX0=@&#8221; custom_margin=&#8221;||||false|false&#8221; custom_padding=&#8221;||4em||false|false&#8221; global_colors_info=&#8221;{}&#8221;][\/et_pb_fullwidth_header][\/et_pb_section][et_pb_section fb_built=&#8221;1&#8243; admin_label=&#8221;Innholdsseksjon&#8221; _builder_version=&#8221;4.16&#8243; background_color=&#8221;#ebf6fa&#8221; global_colors_info=&#8221;{}&#8221;][et_pb_row column_structure=&#8221;2_5,3_5&#8243; admin_label=&#8221;row&#8221; _builder_version=&#8221;4.16&#8243; background_size=&#8221;initial&#8221; background_position=&#8221;top_left&#8221; background_repeat=&#8221;repeat&#8221; global_colors_info=&#8221;{}&#8221;][et_pb_column type=&#8221;2_5&#8243; _builder_version=&#8221;4.16&#8243; background_color=&#8221;#0089B3&#8243; custom_padding=&#8221;1em||1em||true|false&#8221; box_shadow_style=&#8221;preset1&#8243; global_colors_info=&#8221;{}&#8221; custom_padding__hover=&#8221;|||&#8221;][et_pb_text admin_label=&#8221;Sm\u00e5fakta og priser&#8221; _builder_version=&#8221;4.27.5&#8243; _module_preset=&#8221;default&#8221; text_orientation=&#8221;center&#8221; background_layout=&#8221;dark&#8221; custom_margin=&#8221;||||false|false&#8221; custom_padding=&#8221;||||false|false&#8221; global_colors_info=&#8221;{}&#8221;]\n<p><strong>Age limit<\/strong><br \/>15 years<\/p>\n<p><strong>Difficulty<br \/><\/strong>2-3, high water level 4<\/p>\n<p><strong>Duration<\/strong><br \/>5 hours per activity<br \/>1.5 hours in the hot tub<\/p>\n<p><strong>Meals<\/strong><br \/>All meals<\/p>\n<p><strong>Price<\/strong><br \/>NOK 3665,- Lavvu<br \/>NOK 4110,- Room<\/p>\n[\/et_pb_text][et_pb_button button_url=&#8221;https:\/\/bestill.sjoarafting.no\/order\/package\/103\/&#8221; button_text=&#8221;Book with Room&#8221; button_alignment=&#8221;center&#8221; admin_label=&#8221;Foresp\u00f8rselsknapp&#8221; module_class=&#8221;popmake-694&#8243; _builder_version=&#8221;4.27.5&#8243; _module_preset=&#8221;default&#8221; global_colors_info=&#8221;{}&#8221;][\/et_pb_button][et_pb_button button_url=&#8221;https:\/\/bestill.sjoarafting.no\/order\/package\/102\/&#8221; button_text=&#8221;Book with Lavvu&#8221; button_alignment=&#8221;center&#8221; admin_label=&#8221;Foresp\u00f8rselsknapp&#8221; module_class=&#8221;popmake-694&#8243; _builder_version=&#8221;4.27.5&#8243; _module_preset=&#8221;default&#8221; global_colors_info=&#8221;{}&#8221;][\/et_pb_button][et_pb_button button_url=&#8221;https:\/\/sjoarafting.no\/en\/about-us\/#contact-us&#8221; button_text=&#8221;Send a request&#8221; button_alignment=&#8221;center&#8221; admin_label=&#8221;Foresp\u00f8rselsknapp&#8221; module_class=&#8221;popmake-694&#8243; _builder_version=&#8221;4.16&#8243; _module_preset=&#8221;default&#8221; global_colors_info=&#8221;{}&#8221;][\/et_pb_button][\/et_pb_column][et_pb_column type=&#8221;3_5&#8243; _builder_version=&#8221;4.16&#8243; custom_padding=&#8221;|||&#8221; global_colors_info=&#8221;{}&#8221; custom_padding__hover=&#8221;|||&#8221;][et_pb_text admin_label=&#8221;Faktatekst&#8221; _builder_version=&#8221;4.27.6&#8243; _module_preset=&#8221;default&#8221; hover_enabled=&#8221;0&#8243; global_colors_info=&#8221;{}&#8221; sticky_enabled=&#8221;0&#8243;]\n<p>This package is for those who want two action-packed days exploring Sjoa with us. The package includes two nights, two breakfasts, as well as one two-course dinner, a hot lunch and a packed lunch. Topped off with a <a href=\"https:\/\/sjoarafting.no\/en\/rafting\/day-trip-to-sjoa\/\">day trip<\/a> white water rafting, a day trip <a href=\"https:\/\/sjoarafting.no\/en\/activities\/canyoning\/\">canyoning<\/a> and a dip in the <a href=\"https:\/\/sjoarafting.no\/en\/accommodation-and-food\/#hot-tubs\">hot tub<\/a>. Which activity we do on which day is decided the day before the trip starts.<\/p>\n<p>Arrival and <a href=\"https:\/\/sjoarafting.no\/en\/accommodation-and-food\/\">accommodation<\/a> in a lavvu or in a room. When staying in a lavvu, guests must bring their own sleeping bag and sleeping pad. When staying indoors, bed linen is included.<\/p>\n<table style=\"width: 100%; border-collapse: collapse; border-style: dashed;\" border=\"1\">\n<tbody>\n<tr>\n<td>09:00<\/td>\n<td>Breakfast in the dining hall<\/td>\n<\/tr>\n<tr>\n<td>10:00<\/td>\n<td>Day rafting trip on Sjoa&#8217;s best stretch with hot lunch served along the way. The trip lasts for around 5 hours and has an age limit of 15.<\/td>\n<\/tr>\n<tr>\n<td>19:00<\/td>\n<td>Two-course dinner served in the dining hall<\/td>\n<\/tr>\n<tr>\n<td>08:30<\/td>\n<td>Breakfast in the dining hall<\/td>\n<\/tr>\n<tr>\n<td>09:30<\/td>\n<td>Day trip canyoning in Tessa. The trip includes jumping from cliffs, swimming in pools, easy climbing and rappelling. The trip lasts for about 6 hours and a packed lunch will be served during a break.<\/td>\n<\/tr>\n<\/tbody>\n<\/table>\n<p>&nbsp;<\/p>\n[\/et_pb_text][\/et_pb_column][\/et_pb_row][et_pb_row _builder_version=&#8221;4.16&#8243; _module_preset=&#8221;default&#8221; global_colors_info=&#8221;{}&#8221;][et_pb_column type=&#8221;4_4&#8243; _builder_version=&#8221;4.16&#8243; _module_preset=&#8221;default&#8221; global_colors_info=&#8221;{}&#8221;][et_pb_text admin_label=&#8221;Krav m.m.&#8221; _builder_version=&#8221;4.20.0&#8243; _module_preset=&#8221;default&#8221; global_colors_info=&#8221;{}&#8221;]\n<p><strong>Requirements for participants:<\/strong><\/p>\n<p>Rafting and other activities in Sjoa offer a lot of speed and excitement, and it is therefore extremely important to make sure that everything is in order and that safety is always put first. For you to be completely safe during the fun, there are requirements for you who participate in our trips.<\/p>\n<p><strong>Participants must:<\/strong><\/p>\n<ul>\n<li>not suffer from diseases that can be caused by stress or cold water<\/li>\n<li>be able to swim<\/li>\n<li>not be under the influence of intoxicants or narcotics<\/li>\n<\/ul>\n<p><strong>Participants should bring:<\/strong><\/p>\n<ul>\n<li>Wool or super underwear<\/li>\n<li>Wool socks<\/li>\n<li>Towel (can be rented)<\/li>\n<li>Sleeping pad and sleeping bag for overnight stay in lavvu<\/li>\n<li>Headlamp<\/li>\n<\/ul>\n<p><strong>We have the following safety equipment:<\/strong><\/p>\n<ul>\n<li>Approved helmet<\/li>\n<li>Life jacket (rafting)<\/li>\n<li>Wetsuit (Long John)<\/li>\n<li>Neoprene wet jacket<\/li>\n<li>Wet shoes in neoprene<\/li>\n<\/ul>\n[\/et_pb_text][\/et_pb_column][\/et_pb_row][\/et_pb_section][et_pb_section fb_built=&#8221;1&#8243; fullwidth=&#8221;on&#8221; module_id=&#8221;insta&#8221; _builder_version=&#8221;4.16&#8243; _module_preset=&#8221;default&#8221; background_color=&#8221;#ebf6fa&#8221; global_colors_info=&#8221;{}&#8221;][et_pb_fullwidth_code admin_label=&#8221;Fullbredde insta shortcode&#8221; _builder_version=&#8221;4.16&#8243; _module_preset=&#8221;default&#8221; global_colors_info=&#8221;{}&#8221;]\n\t\t\t\t<p class=\"rs-p-wp-fix\"><\/p>\n\t\t\t\t<sr7-module data-alias=\"rafting-juving\" data-id=\"35\" id=\"SR7_35_1\" data-version=\"6.7.52\">\n\t\t\t\t\t<sr7-adjuster><\/sr7-adjuster>\n\t\t\t\t\t<sr7-content>\n\t\t\t\t\t\t<sr7-carousel>\n\t\t\t\t\t\t<sr7-slide id=\"SR7_35_1-59\" data-key=\"59\">\n\t\t\t\t\t\t<\/sr7-slide>\n\t\t\t\t\t\t<sr7-slide id=\"SR7_35_1-180\" data-key=\"180\">\n\t\t\t\t\t\t<\/sr7-slide>\n\t\t\t\t\t\t<sr7-slide id=\"SR7_35_1-181\" data-key=\"181\">\n\t\t\t\t\t\t<\/sr7-slide>\n\t\t\t\t\t\t<sr7-slide id=\"SR7_35_1-182\" data-key=\"182\">\n\t\t\t\t\t\t<\/sr7-slide>\n\t\t\t\t\t\t<sr7-slide id=\"SR7_35_1-183\" data-key=\"183\">\n\t\t\t\t\t\t<\/sr7-slide>\n\t\t\t\t\t\t<sr7-slide id=\"SR7_35_1-184\" data-key=\"184\">\n\t\t\t\t\t\t<\/sr7-slide>\n\t\t\t\t\t\t<sr7-slide id=\"SR7_35_1-185\" data-key=\"185\">\n\t\t\t\t\t\t<\/sr7-slide>\n\t\t\t\t\t\t<sr7-slide id=\"SR7_35_1-273\" data-key=\"273\">\n\t\t\t\t\t\t<\/sr7-slide>\n\t\t\t\t\t\t<\/sr7-carousel>\n\t\t\t\t\t<\/sr7-content>\n\t\t\t\t<\/sr7-module>\n\t\t\t\t<script>\n\t\t\t\t\twindow.SR7 ??={};SR7.PMH ??={}; SR7.PMH[\"SR7_35_1\"] = {cn:100,state:false,fn: function() { if (window._tpt!==undefined && window._tpt.prepareModuleHeight !== undefined) {  _tpt.prepareModuleHeight({id:\"SR7_35_1\",el:[380,768,960,280],type:'carousel',shdw:'0',gh:[380,380,340,280],gw:[300,300,250,200],vpt:['-200px'],size:{fullWidth:true, fullHeight:false},mh:'0',onh:0,onw:0,bg:{color:'transparent'},carousel:{pt:'0',pb:'0'}});   SR7.PMH[\"SR7_35_1\"].state=true;} else if(SR7.PMH[\"SR7_35_1\"].cn-->0)\tsetTimeout( SR7.PMH[\"SR7_35_1\"].fn,19);}};SR7.PMH[\"SR7_35_1\" ].fn();\n\t\t\t\t<\/script>\n[\/et_pb_fullwidth_code][\/et_pb_section]\n","protected":false},"excerpt":{"rendered":"<p>Denne pakken er for de som \u00f8nsker to actionfylte dager hos oss. Pakken inkluderer to overnattinger med frokost, samt to-retters middag, varm lunsj og matpakke \u00e9n dag. Toppet med dagstur rafting og dagstur juving<\/p>\n","protected":false},"author":4,"featured_media":3573,"parent":4094,"menu_order":0,"comment_status":"closed","ping_status":"closed","template":"","meta":{"_acf_changed":false,"_et_pb_use_builder":"on","_et_pb_old_content":"[et_pb_section fb_built=\"1\" fullwidth=\"on\" admin_label=\"Tittelseksjon\" _builder_version=\"4.9.4\" _module_preset=\"default\" bottom_divider_style=\"arrow\" bottom_divider_color=\"#ebf6fa\" global_colors_info=\"{}\"][et_pb_fullwidth_header title=\"@ET-DC@eyJkeW5hbWljIjp0cnVlLCJjb250ZW50IjoicG9zdF90aXRsZSIsInNldHRpbmdzIjp7ImJlZm9yZSI6IiIsImFmdGVyIjoiIn19@\" subhead=\"2 dager\" header_scroll_down=\"on\" scroll_down_icon=\"%%3%%\" scroll_down_icon_color=\"#00BDF2\" scroll_down_icon_size=\"30px\" button_one_text=\"Se bilder\" button_one_url=\"#insta\" logo_image_url=\"https:\/\/sjoarafting.no\/wp-content\/uploads\/Sjoa_rafting_logo_hvit_tekst-395x143-1.png\" disabled_on=\"off|off|off\" _builder_version=\"4.14.2\" _dynamic_attributes=\"background_image,title\" _module_preset=\"default\" title_font=\"||||||||\" title_font_size=\"25px\" background_color=\"#0089B3\" background_image=\"@ET-DC@eyJkeW5hbWljIjp0cnVlLCJjb250ZW50IjoicG9zdF9mZWF0dXJlZF9pbWFnZSIsInNldHRpbmdzIjp7fX0=@\" custom_margin=\"||||false|false\" custom_padding=\"||4em||false|false\" global_colors_info=\"{}\"][\/et_pb_fullwidth_header][\/et_pb_section][et_pb_section fb_built=\"1\" admin_label=\"Innholdsseksjon\" _builder_version=\"4.9.4\" background_color=\"#ebf6fa\" global_colors_info=\"{}\"][et_pb_row column_structure=\"2_5,3_5\" admin_label=\"row\" _builder_version=\"4.9.4\" background_size=\"initial\" background_position=\"top_left\" background_repeat=\"repeat\" global_colors_info=\"{}\"][et_pb_column type=\"2_5\" _builder_version=\"4.9.4\" background_color=\"#0089B3\" custom_padding=\"1em||1em||true|false\" box_shadow_style=\"preset1\" global_colors_info=\"{}\" custom_padding__hover=\"|||\"][et_pb_text admin_label=\"Sm\u00e5fakta og priser\" _builder_version=\"4.14.4\" _module_preset=\"default\" text_orientation=\"center\" background_layout=\"dark\" custom_margin=\"||||false|false\" custom_padding=\"||||false|false\" global_colors_info=\"{}\"]<strong>Aldersgrense<\/strong>\r\n15 \u00e5r\r\n\r\n<strong>Vanskelighetsgrad\r\n<\/strong>2-3, h\u00f8y vannstand 4\r\n\r\n<strong>Varighet<\/strong>\r\n5 timer per aktivitet\r\n\r\n<strong>Mat<\/strong>\r\nAlle m\u00e5ltider\r\n\r\n<strong>Pris<\/strong>\r\n2750,- Lavvo\r\n3130,- Sov inne[\/et_pb_text][et_pb_button button_url=\"\/om-oss\/#kontakt-oss\" button_text=\"Send foresp\u00f8rsel\" button_alignment=\"center\" admin_label=\"Foresp\u00f8rselsknapp\" module_class=\"popmake-694\" _builder_version=\"4.11.2\" _module_preset=\"default\" global_colors_info=\"{}\"][\/et_pb_button][\/et_pb_column][et_pb_column type=\"3_5\" _builder_version=\"3.25\" custom_padding=\"|||\" global_colors_info=\"{}\" custom_padding__hover=\"|||\"][et_pb_text admin_label=\"Faktatekst\" _builder_version=\"4.14.4\" _module_preset=\"default\" hover_enabled=\"0\" global_colors_info=\"{}\" sticky_enabled=\"0\"]<p>Denne pakken er for de som \u00f8nsker to actionfylte dager hos oss. Pakken inkluderer to overnattinger med frokost, samt \u00e9n to-retters middag, varm lunsj \u00e9n dag og matpakke \u00e9n dag. Toppet med dagstur rafting og dagstur juving. Hvilken aktivitet vi tar hvilken dag bestemmes dagen f\u00f8r turen starter.<\/p>\r\n<p>Ankomst og innlosjering i lavvo eller i hytte\/rom. Ved overnatting i lavvo m\u00e5 gjester ha med egen sovepose og liggeunderlag. Ved overnatting innend\u00f8rs er senget\u00f8y inkludert.<\/p>\r\n<table style=\"width: 100%; border-collapse: collapse; border-style: dashed;\" border=\"1\">\r\n<tbody>\r\n<tr>\r\n<td>Kl. 09:00<\/td>\r\n<td>Frokost i mathuset<\/td>\r\n<\/tr>\r\n<tr>\r\n<td>Kl. 10:00<\/td>\r\n<td>Dagstur rafting p\u00e5 Sjoas beste strekning med varm lunsj servert underveis. Turen varer i rundt 5 timer og har aldersgrense 15 \u00e5r.<\/td>\r\n<\/tr>\r\n<tr>\r\n<td>Kl. 19:00<\/td>\r\n<td>To retters middag servert i mathuset<\/td>\r\n<\/tr>\r\n<tr>\r\n<td>Kl. 08:30<\/td>\r\n<td>Frokost i mathuset<\/td>\r\n<\/tr>\r\n<tr>\r\n<td>Kl. 09:30<\/td>\r\n<td>Dagstur juving i Tessa. Turen best\u00e5r av hopping fra klipper, sv\u00f8mming i kulper, lett klatring og rappellering. Turen varer i rundt 6 timer og det blir servert matpakke underveis p\u00e5 turen.<\/td>\r\n<\/tr>\r\n<\/tbody>\r\n<\/table>\r\n<p>\u00a0<\/p>[\/et_pb_text][et_pb_text admin_label=\"Turitop\" _builder_version=\"4.9.7\" _module_preset=\"default\" global_colors_info=\"{}\"][sjoa_book_dt][\/et_pb_text][\/et_pb_column][\/et_pb_row][et_pb_row _builder_version=\"4.9.4\" _module_preset=\"default\" global_colors_info=\"{}\"][et_pb_column type=\"4_4\" _builder_version=\"4.9.4\" _module_preset=\"default\" global_colors_info=\"{}\"][et_pb_text admin_label=\"Krav m.m.\" _builder_version=\"4.9.7\" _module_preset=\"default\" global_colors_info=\"{}\"]<p><strong>Krav til deltakere:<\/strong><\/p>\r\n<p>Rafting og andre aktiviteter i Sjoa byr p\u00e5 masse fart og spenning, og det er derfor ekstra viktig \u00e5 passe p\u00e5 at alt er i orden av utstyr og at sikkerheten settes aller f\u00f8rst. For at du skal v\u00e6re helt trygg underveis i moroa, stilles det krav til dere som deltar p\u00e5 v\u00e5re turer.<\/p>\r\n<p><strong>Deltakere m\u00e5:<\/strong><\/p>\r\n<ul>\r\n<li>ikke lide av sykdommer som kan fremkalles under stress eller av kaldt vann<\/li>\r\n<li>kunne sv\u00f8mme<\/li>\r\n<li>ikke v\u00e6re p\u00e5virket av berusende eller bed\u00f8vende midler<\/li>\r\n<\/ul>\r\n<p><strong>Deltakere b\u00f8r ha med:<\/strong><\/p>\r\n<ul>\r\n<li>Ullgenser eller ull\/superundert\u00f8y<\/li>\r\n<li>Ullsokker<\/li>\r\n<li>H\u00e5ndkle (kan leies)<\/li>\r\n<li>Liggeunderlag og sovepose ved overnatting i lavvu<\/li>\r\n<li>Eventuelt hodelykt<\/li>\r\n<\/ul>\r\n<p><strong>Vi holder f\u00f8lgende sikkerhetsutstyr:<\/strong><\/p>\r\n<ul>\r\n<li>Godkjent hjelm<\/li>\r\n<li>Redningsvest (rafting)<\/li>\r\n<li>V\u00e5tdrakt (Long John)<\/li>\r\n<li>V\u00e5tjakke i neopren<\/li>\r\n<li>V\u00e5tsko i neopren<\/li>\r\n<\/ul>[\/et_pb_text][\/et_pb_column][\/et_pb_row][\/et_pb_section][et_pb_section fb_built=\"1\" fullwidth=\"on\" module_id=\"insta\" _builder_version=\"4.9.4\" _module_preset=\"default\" background_color=\"#ebf6fa\" global_colors_info=\"{}\"][et_pb_fullwidth_code admin_label=\"Fullbredde insta shortcode\" _builder_version=\"4.11.4\" _module_preset=\"default\" global_colors_info=\"{}\"][rev_slider alias=\"rafting-juving\"][\/rev_slider][\/et_pb_fullwidth_code][\/et_pb_section]","_et_gb_content_width":"","footnotes":""},"categories":[],"tags":[],"class_list":["post-4110","page","type-page","status-publish","has-post-thumbnail","hentry"],"acf":[],"yoast_head":"<!-- This site is optimized with the Yoast SEO Premium plugin v27.3 (Yoast SEO v27.3) - https:\/\/yoast.com\/product\/yoast-seo-premium-wordpress\/ -->\n<title>Rafting and Canyoning - Sjoa Rafting AS<\/title>\n<meta name=\"robots\" content=\"index, follow, max-snippet:-1, max-image-preview:large, max-video-preview:-1\" \/>\n<link rel=\"canonical\" href=\"https:\/\/sjoarafting.no\/en\/packages\/rafting-and-canyoning\/\" \/>\n<meta property=\"og:locale\" content=\"en_US\" \/>\n<meta property=\"og:type\" content=\"article\" \/>\n<meta property=\"og:title\" content=\"Rafting and Canyoning\" \/>\n<meta property=\"og:description\" content=\"Denne pakken er for de som \u00f8nsker to actionfylte dager hos oss. Pakken inkluderer to overnattinger med frokost, samt to-retters middag, varm lunsj og matpakke \u00e9n dag. Toppet med dagstur rafting og dagstur juving\" \/>\n<meta property=\"og:url\" content=\"https:\/\/sjoarafting.no\/en\/packages\/rafting-and-canyoning\/\" \/>\n<meta property=\"og:site_name\" content=\"Sjoa Rafting AS\" \/>\n<meta property=\"article:modified_time\" content=\"2026-03-21T09:25:32+00:00\" \/>\n<meta property=\"og:image\" content=\"https:\/\/sjoarafting.no\/wp-content\/uploads\/sjoa-rafting-juving-og-rafting-1.jpg\" \/>\n\t<meta property=\"og:image:width\" content=\"306\" \/>\n\t<meta property=\"og:image:height\" content=\"189\" \/>\n\t<meta property=\"og:image:type\" content=\"image\/jpeg\" \/>\n<meta name=\"twitter:card\" content=\"summary_large_image\" \/>\n<meta name=\"twitter:label1\" content=\"Est. reading time\" \/>\n\t<meta name=\"twitter:data1\" content=\"3 minutes\" \/>\n<script type=\"application\/ld+json\" class=\"yoast-schema-graph\">{\"@context\":\"https:\\\/\\\/schema.org\",\"@graph\":[{\"@type\":\"WebPage\",\"@id\":\"https:\\\/\\\/sjoarafting.no\\\/en\\\/packages\\\/rafting-and-canyoning\\\/\",\"url\":\"https:\\\/\\\/sjoarafting.no\\\/en\\\/packages\\\/rafting-and-canyoning\\\/\",\"name\":\"Rafting and Canyoning - Sjoa Rafting AS\",\"isPartOf\":{\"@id\":\"https:\\\/\\\/sjoarafting.no\\\/#website\"},\"primaryImageOfPage\":{\"@id\":\"https:\\\/\\\/sjoarafting.no\\\/en\\\/packages\\\/rafting-and-canyoning\\\/#primaryimage\"},\"image\":{\"@id\":\"https:\\\/\\\/sjoarafting.no\\\/en\\\/packages\\\/rafting-and-canyoning\\\/#primaryimage\"},\"thumbnailUrl\":\"https:\\\/\\\/sjoarafting.no\\\/wp-content\\\/uploads\\\/sjoa-rafting-juving-og-rafting-1.jpg\",\"datePublished\":\"2022-02-03T09:55:49+00:00\",\"dateModified\":\"2026-03-21T09:25:32+00:00\",\"breadcrumb\":{\"@id\":\"https:\\\/\\\/sjoarafting.no\\\/en\\\/packages\\\/rafting-and-canyoning\\\/#breadcrumb\"},\"inLanguage\":\"en-US\",\"potentialAction\":[{\"@type\":\"ReadAction\",\"target\":[\"https:\\\/\\\/sjoarafting.no\\\/en\\\/packages\\\/rafting-and-canyoning\\\/\"]}]},{\"@type\":\"ImageObject\",\"inLanguage\":\"en-US\",\"@id\":\"https:\\\/\\\/sjoarafting.no\\\/en\\\/packages\\\/rafting-and-canyoning\\\/#primaryimage\",\"url\":\"https:\\\/\\\/sjoarafting.no\\\/wp-content\\\/uploads\\\/sjoa-rafting-juving-og-rafting-1.jpg\",\"contentUrl\":\"https:\\\/\\\/sjoarafting.no\\\/wp-content\\\/uploads\\\/sjoa-rafting-juving-og-rafting-1.jpg\",\"width\":306,\"height\":189},{\"@type\":\"BreadcrumbList\",\"@id\":\"https:\\\/\\\/sjoarafting.no\\\/en\\\/packages\\\/rafting-and-canyoning\\\/#breadcrumb\",\"itemListElement\":[{\"@type\":\"ListItem\",\"position\":1,\"name\":\"Hjem\",\"item\":\"https:\\\/\\\/sjoarafting.no\\\/\"},{\"@type\":\"ListItem\",\"position\":2,\"name\":\"Packages\",\"item\":\"https:\\\/\\\/sjoarafting.no\\\/en\\\/packages\\\/\"},{\"@type\":\"ListItem\",\"position\":3,\"name\":\"Rafting and Canyoning\"}]},{\"@type\":\"WebSite\",\"@id\":\"https:\\\/\\\/sjoarafting.no\\\/#website\",\"url\":\"https:\\\/\\\/sjoarafting.no\\\/\",\"name\":\"Sjoa Rafting AS\",\"description\":\"Mer enn bare rafting\",\"potentialAction\":[{\"@type\":\"SearchAction\",\"target\":{\"@type\":\"EntryPoint\",\"urlTemplate\":\"https:\\\/\\\/sjoarafting.no\\\/?s={search_term_string}\"},\"query-input\":{\"@type\":\"PropertyValueSpecification\",\"valueRequired\":true,\"valueName\":\"search_term_string\"}}],\"inLanguage\":\"en-US\"}]}<\/script>\n<!-- \/ Yoast SEO Premium plugin. -->","yoast_head_json":{"title":"Rafting and Canyoning - Sjoa Rafting AS","robots":{"index":"index","follow":"follow","max-snippet":"max-snippet:-1","max-image-preview":"max-image-preview:large","max-video-preview":"max-video-preview:-1"},"canonical":"https:\/\/sjoarafting.no\/en\/packages\/rafting-and-canyoning\/","og_locale":"en_US","og_type":"article","og_title":"Rafting and Canyoning","og_description":"Denne pakken er for de som \u00f8nsker to actionfylte dager hos oss. Pakken inkluderer to overnattinger med frokost, samt to-retters middag, varm lunsj og matpakke \u00e9n dag. Toppet med dagstur rafting og dagstur juving","og_url":"https:\/\/sjoarafting.no\/en\/packages\/rafting-and-canyoning\/","og_site_name":"Sjoa Rafting AS","article_modified_time":"2026-03-21T09:25:32+00:00","og_image":[{"width":306,"height":189,"url":"https:\/\/sjoarafting.no\/wp-content\/uploads\/sjoa-rafting-juving-og-rafting-1.jpg","type":"image\/jpeg"}],"twitter_card":"summary_large_image","twitter_misc":{"Est. reading time":"3 minutes"},"schema":{"@context":"https:\/\/schema.org","@graph":[{"@type":"WebPage","@id":"https:\/\/sjoarafting.no\/en\/packages\/rafting-and-canyoning\/","url":"https:\/\/sjoarafting.no\/en\/packages\/rafting-and-canyoning\/","name":"Rafting and Canyoning - Sjoa Rafting AS","isPartOf":{"@id":"https:\/\/sjoarafting.no\/#website"},"primaryImageOfPage":{"@id":"https:\/\/sjoarafting.no\/en\/packages\/rafting-and-canyoning\/#primaryimage"},"image":{"@id":"https:\/\/sjoarafting.no\/en\/packages\/rafting-and-canyoning\/#primaryimage"},"thumbnailUrl":"https:\/\/sjoarafting.no\/wp-content\/uploads\/sjoa-rafting-juving-og-rafting-1.jpg","datePublished":"2022-02-03T09:55:49+00:00","dateModified":"2026-03-21T09:25:32+00:00","breadcrumb":{"@id":"https:\/\/sjoarafting.no\/en\/packages\/rafting-and-canyoning\/#breadcrumb"},"inLanguage":"en-US","potentialAction":[{"@type":"ReadAction","target":["https:\/\/sjoarafting.no\/en\/packages\/rafting-and-canyoning\/"]}]},{"@type":"ImageObject","inLanguage":"en-US","@id":"https:\/\/sjoarafting.no\/en\/packages\/rafting-and-canyoning\/#primaryimage","url":"https:\/\/sjoarafting.no\/wp-content\/uploads\/sjoa-rafting-juving-og-rafting-1.jpg","contentUrl":"https:\/\/sjoarafting.no\/wp-content\/uploads\/sjoa-rafting-juving-og-rafting-1.jpg","width":306,"height":189},{"@type":"BreadcrumbList","@id":"https:\/\/sjoarafting.no\/en\/packages\/rafting-and-canyoning\/#breadcrumb","itemListElement":[{"@type":"ListItem","position":1,"name":"Hjem","item":"https:\/\/sjoarafting.no\/"},{"@type":"ListItem","position":2,"name":"Packages","item":"https:\/\/sjoarafting.no\/en\/packages\/"},{"@type":"ListItem","position":3,"name":"Rafting and Canyoning"}]},{"@type":"WebSite","@id":"https:\/\/sjoarafting.no\/#website","url":"https:\/\/sjoarafting.no\/","name":"Sjoa Rafting AS","description":"Mer enn bare rafting","potentialAction":[{"@type":"SearchAction","target":{"@type":"EntryPoint","urlTemplate":"https:\/\/sjoarafting.no\/?s={search_term_string}"},"query-input":{"@type":"PropertyValueSpecification","valueRequired":true,"valueName":"search_term_string"}}],"inLanguage":"en-US"}]}},"_links":{"self":[{"href":"https:\/\/sjoarafting.no\/en\/wp-json\/wp\/v2\/pages\/4110","targetHints":{"allow":["GET"]}}],"collection":[{"href":"https:\/\/sjoarafting.no\/en\/wp-json\/wp\/v2\/pages"}],"about":[{"href":"https:\/\/sjoarafting.no\/en\/wp-json\/wp\/v2\/types\/page"}],"author":[{"embeddable":true,"href":"https:\/\/sjoarafting.no\/en\/wp-json\/wp\/v2\/users\/4"}],"replies":[{"embeddable":true,"href":"https:\/\/sjoarafting.no\/en\/wp-json\/wp\/v2\/comments?post=4110"}],"version-history":[{"count":11,"href":"https:\/\/sjoarafting.no\/en\/wp-json\/wp\/v2\/pages\/4110\/revisions"}],"predecessor-version":[{"id":7260,"href":"https:\/\/sjoarafting.no\/en\/wp-json\/wp\/v2\/pages\/4110\/revisions\/7260"}],"up":[{"embeddable":true,"href":"https:\/\/sjoarafting.no\/en\/wp-json\/wp\/v2\/pages\/4094"}],"wp:featuredmedia":[{"embeddable":true,"href":"https:\/\/sjoarafting.no\/en\/wp-json\/wp\/v2\/media\/3573"}],"wp:attachment":[{"href":"https:\/\/sjoarafting.no\/en\/wp-json\/wp\/v2\/media?parent=4110"}],"wp:term":[{"taxonomy":"category","embeddable":true,"href":"https:\/\/sjoarafting.no\/en\/wp-json\/wp\/v2\/categories?post=4110"},{"taxonomy":"post_tag","embeddable":true,"href":"https:\/\/sjoarafting.no\/en\/wp-json\/wp\/v2\/tags?post=4110"}],"curies":[{"name":"wp","href":"https:\/\/api.w.org\/{rel}","templated":true}]}}