{"id":4066,"date":"2022-02-03T10:05:18","date_gmt":"2022-02-03T09:05:18","guid":{"rendered":"https:\/\/sjoarafting.no\/?page_id=4066"},"modified":"2023-04-21T01:37:18","modified_gmt":"2023-04-20T23:37:18","slug":"ducky","status":"publish","type":"page","link":"https:\/\/sjoarafting.no\/en\/activities\/ducky\/","title":{"rendered":"Ducky"},"content":{"rendered":"[et_pb_section fb_built=&#8221;1&#8243; fullwidth=&#8221;on&#8221; admin_label=&#8221;Tittelseksjon&#8221; _builder_version=&#8221;4.16&#8243; _module_preset=&#8221;default&#8221; bottom_divider_style=&#8221;arrow&#8221; bottom_divider_color=&#8221;#ebf6fa&#8221; global_colors_info=&#8221;{}&#8221;][et_pb_fullwidth_header title=&#8221;Ducky&#8221; header_scroll_down=&#8221;on&#8221; scroll_down_icon=&#8221;%%3%%&#8221; scroll_down_icon_color=&#8221;#00BDF2&#8243; scroll_down_icon_size=&#8221;30px&#8221; button_one_text=&#8221;See our images&#8221; button_one_url=&#8221;#insta&#8221; logo_image_url=&#8221;https:\/\/sjoarafting.no\/wp-content\/uploads\/Sjoa_rafting_logo_hvit_tekst-395&#215;143-1.png&#8221; disabled_on=&#8221;off|off|off&#8221; _builder_version=&#8221;4.16&#8243; _dynamic_attributes=&#8221;background_image&#8221; _module_preset=&#8221;default&#8221; title_font=&#8221;||||||||&#8221; title_font_size=&#8221;25px&#8221; background_color=&#8221;#0089B3&#8243; background_image=&#8221;@ET-DC@eyJkeW5hbWljIjp0cnVlLCJjb250ZW50IjoicG9zdF9mZWF0dXJlZF9pbWFnZSIsInNldHRpbmdzIjp7fX0=@&#8221; custom_margin=&#8221;||||false|false&#8221; custom_padding=&#8221;||4em||false|false&#8221; global_colors_info=&#8221;{}&#8221;][\/et_pb_fullwidth_header][\/et_pb_section][et_pb_section fb_built=&#8221;1&#8243; admin_label=&#8221;Innholdsseksjon&#8221; _builder_version=&#8221;4.16&#8243; background_color=&#8221;#ebf6fa&#8221; global_colors_info=&#8221;{}&#8221;][et_pb_row column_structure=&#8221;2_5,3_5&#8243; admin_label=&#8221;row&#8221; _builder_version=&#8221;4.16&#8243; background_size=&#8221;initial&#8221; background_position=&#8221;top_left&#8221; background_repeat=&#8221;repeat&#8221; global_colors_info=&#8221;{}&#8221;][et_pb_column type=&#8221;2_5&#8243; _builder_version=&#8221;4.16&#8243; background_color=&#8221;#0089B3&#8243; custom_padding=&#8221;1em||1em||true|false&#8221; box_shadow_style=&#8221;preset1&#8243; global_colors_info=&#8221;{}&#8221; custom_padding__hover=&#8221;|||&#8221;][et_pb_text admin_label=&#8221;Sm\u00e5fakta og priser&#8221; _builder_version=&#8221;4.20.0&#8243; _module_preset=&#8221;default&#8221; text_orientation=&#8221;center&#8221; background_layout=&#8221;dark&#8221; custom_margin=&#8221;||||false|false&#8221; custom_padding=&#8221;||||false|false&#8221; global_colors_info=&#8221;{}&#8221;]\n<p><strong>Age limit<\/strong><br \/>15 years<\/p>\n<p><strong>Season<br \/><\/strong>June-September<\/p>\n<p><strong>Duration<\/strong><br \/>4 hours<\/p>\n<p><strong>Meals<\/strong><br \/>Lunch<\/p>\n<p><strong>Price per person<\/strong><br \/>NOK 1290,- (Mon-Fri)<br \/>NOK 1380,- (Sat-Sun)<\/p>\n[\/et_pb_text][et_pb_button button_url=&#8221;https:\/\/sjoarafting.no\/en\/about-us\/#contact-us&#8221; button_text=&#8221;Send a request&#8221; button_alignment=&#8221;center&#8221; admin_label=&#8221;Foresp\u00f8rselsknapp&#8221; module_class=&#8221;popmake-694&#8243; _builder_version=&#8221;4.16&#8243; _module_preset=&#8221;default&#8221; global_colors_info=&#8221;{}&#8221;][\/et_pb_button][\/et_pb_column][et_pb_column type=&#8221;3_5&#8243; _builder_version=&#8221;4.16&#8243; custom_padding=&#8221;|||&#8221; global_colors_info=&#8221;{}&#8221; custom_padding__hover=&#8221;|||&#8221;][et_pb_text admin_label=&#8221;Faktatekst&#8221; _builder_version=&#8221;4.20.4&#8243; _module_preset=&#8221;default&#8221; hover_enabled=&#8221;0&#8243; global_colors_info=&#8221;{}&#8221; sticky_enabled=&#8221;0&#8243;]\n<p>Briefly explained, ducky is paddling in inflatable kayaks. Explore Sjoa in our two-man ducks.<\/p>\n<p>Ducky is a great option for those who want to continue the river activities after rafting. Ducky is a new challenge that is more demanding than rafting.<\/p>\n<p>During the activity you will feel the forces of the river much stronger and more intensely than during rafting. You can learn to surf the waves, take a back road, consider which routes to take and which to stay away from. Chances are pretty good that you&#8217;ll realize how ducky got its name\u2026<\/p>\n<p>Ducky is suitable for groups of 4 to 8 people. The trip follows part of the same stretch on which you have hopefully rafted earlier in Sjoa.<\/p>\n<p>The trip ends with you paddling into our camp where lunch awaits.<\/p>\n<p>Ready, set, ducky!<\/p>\n[\/et_pb_text][\/et_pb_column][\/et_pb_row][et_pb_row _builder_version=&#8221;4.16&#8243; _module_preset=&#8221;default&#8221; global_colors_info=&#8221;{}&#8221;][et_pb_column type=&#8221;4_4&#8243; _builder_version=&#8221;4.16&#8243; _module_preset=&#8221;default&#8221; global_colors_info=&#8221;{}&#8221;][et_pb_text admin_label=&#8221;Krav m.m.&#8221; _builder_version=&#8221;4.16&#8243; _module_preset=&#8221;default&#8221; global_colors_info=&#8221;{}&#8221;]\n<p><strong>Requirements for participants:<\/strong><\/p>\n<p>We are deeply committed to conducting safe activities. Therefore, we make certain demands on the participants on our trips.<\/p>\n<p><strong>Participants must:<\/strong><\/p>\n<ul>\n<li>not suffer from diseases that can be caused by stress or cold water<\/li>\n<li>be able to swim<\/li>\n<li>not be under the influence of intoxicants or narcotics<\/li>\n<\/ul>\n<p>\u200b<br \/><strong>You must bring:<\/strong><\/p>\n<ul>\n<li>wool or super underwear<\/li>\n<li>towel (can be rented)<\/li>\n<\/ul>\n[\/et_pb_text][\/et_pb_column][\/et_pb_row][\/et_pb_section][et_pb_section fb_built=&#8221;1&#8243; fullwidth=&#8221;on&#8221; module_id=&#8221;insta&#8221; _builder_version=&#8221;4.16&#8243; _module_preset=&#8221;default&#8221; background_color=&#8221;#ebf6fa&#8221; global_colors_info=&#8221;{}&#8221;][et_pb_fullwidth_code admin_label=&#8221;Fullbredde insta shortcode&#8221; _builder_version=&#8221;4.16&#8243; _module_preset=&#8221;default&#8221; global_colors_info=&#8221;{}&#8221;]\n\t\t\t\t<p class=\"rs-p-wp-fix\"><\/p>\n\t\t\t\t<sr7-module data-alias=\"ducky\" data-id=\"24\" id=\"SR7_24_1\" data-version=\"6.7.54\">\n\t\t\t\t\t<sr7-adjuster><\/sr7-adjuster>\n\t\t\t\t\t<sr7-content>\n\t\t\t\t\t\t<sr7-carousel>\n\t\t\t\t\t\t<sr7-slide id=\"SR7_24_1-84\" data-key=\"84\">\n\t\t\t\t\t\t\t<sr7-bg id=\"SR7_24_1-84-slidebg\" class=\"sr7-layer\"><noscript><img decoding=\"async\" src=\"https:\/\/sjoarafting.no\/wp-content\/uploads\/ducky-4.jpg\" alt=\"\" title=\"Ducky\"><\/noscript><\/sr7-bg>\n\t\t\t\t\t\t<\/sr7-slide>\n\t\t\t\t\t\t<sr7-slide id=\"SR7_24_1-85\" data-key=\"85\">\n\t\t\t\t\t\t\t<sr7-bg id=\"SR7_24_1-85-slidebg\" class=\"sr7-layer\"><noscript><img decoding=\"async\" src=\"https:\/\/sjoarafting.no\/wp-content\/uploads\/ducky-5.jpg\" alt=\"\" title=\"Ducky\"><\/noscript><\/sr7-bg>\n\t\t\t\t\t\t<\/sr7-slide>\n\t\t\t\t\t\t<sr7-slide id=\"SR7_24_1-86\" data-key=\"86\">\n\t\t\t\t\t\t\t<sr7-bg id=\"SR7_24_1-86-slidebg\" class=\"sr7-layer\"><noscript><img decoding=\"async\" src=\"https:\/\/sjoarafting.no\/wp-content\/uploads\/ducky-6.jpg\" alt=\"\" title=\"Ducky\"><\/noscript><\/sr7-bg>\n\t\t\t\t\t\t<\/sr7-slide>\n\t\t\t\t\t\t<sr7-slide id=\"SR7_24_1-87\" data-key=\"87\">\n\t\t\t\t\t\t\t<sr7-bg id=\"SR7_24_1-87-slidebg\" class=\"sr7-layer\"><noscript><img decoding=\"async\" src=\"https:\/\/sjoarafting.no\/wp-content\/uploads\/ducky-7.jpg\" alt=\"\" title=\"Ducky\"><\/noscript><\/sr7-bg>\n\t\t\t\t\t\t<\/sr7-slide>\n\t\t\t\t\t\t<sr7-slide id=\"SR7_24_1-88\" data-key=\"88\">\n\t\t\t\t\t\t\t<sr7-bg id=\"SR7_24_1-88-slidebg\" class=\"sr7-layer\"><noscript><img decoding=\"async\" src=\"https:\/\/sjoarafting.no\/wp-content\/uploads\/ducky-8.jpg\" alt=\"\" title=\"Ducky\"><\/noscript><\/sr7-bg>\n\t\t\t\t\t\t<\/sr7-slide>\n\t\t\t\t\t\t<sr7-slide id=\"SR7_24_1-89\" data-key=\"89\">\n\t\t\t\t\t\t\t<sr7-bg id=\"SR7_24_1-89-slidebg\" class=\"sr7-layer\"><noscript><img decoding=\"async\" src=\"https:\/\/sjoarafting.no\/wp-content\/uploads\/ducky-3.jpg\" alt=\"Ducky p\u00e5 Sjoas elva\" title=\"Ducky p\u00e5 Sjoas elva\"><\/noscript><\/sr7-bg>\n\t\t\t\t\t\t<\/sr7-slide>\n\t\t\t\t\t\t<sr7-slide id=\"SR7_24_1-90\" data-key=\"90\">\n\t\t\t\t\t\t\t<sr7-bg id=\"SR7_24_1-90-slidebg\" class=\"sr7-layer\"><noscript><img decoding=\"async\" src=\"https:\/\/sjoarafting.no\/wp-content\/uploads\/ducky-2.jpg\" alt=\"\" title=\"Ducky\"><\/noscript><\/sr7-bg>\n\t\t\t\t\t\t<\/sr7-slide>\n\t\t\t\t\t\t<sr7-slide id=\"SR7_24_1-266\" data-key=\"266\">\n\t\t\t\t\t\t<\/sr7-slide>\n\t\t\t\t\t\t<\/sr7-carousel>\n\t\t\t\t\t<\/sr7-content>\n\t\t\t\t<\/sr7-module>\n\t\t\t\t<script>\n\t\t\t\t\twindow.SR7 ??={};SR7.PMH ??={}; SR7.PMH[\"SR7_24_1\"] = {cn:100,state:false,fn: function() { if (window._tpt!==undefined && window._tpt.prepareModuleHeight !== undefined) {  _tpt.prepareModuleHeight({id:\"SR7_24_1\",el:[380,768,960,720],type:'carousel',shdw:'0',gh:[380,380,340,280],gw:[300,300,250,200],vpt:['-200px'],size:{fullWidth:true, fullHeight:false},mh:'0',onh:0,onw:0,bg:{color:'transparent'},carousel:{pt:'0',pb:'0'}});   SR7.PMH[\"SR7_24_1\"].state=true;} else if(SR7.PMH[\"SR7_24_1\"].cn-->0)\tsetTimeout( SR7.PMH[\"SR7_24_1\"].fn,19);}};SR7.PMH[\"SR7_24_1\" ].fn();\n\t\t\t\t<\/script>\n[\/et_pb_fullwidth_code][\/et_pb_section]\n","protected":false},"excerpt":{"rendered":"<p>Age limit15 years SeasonJune-September Duration4 hours MealsLunch Price per personNOK 1290,- (Mon-Fri)NOK 1380,- (Sat-Sun)Briefly explained, ducky is paddling in inflatable kayaks. Explore Sjoa in our two-man ducks. Ducky is a great option for those who want to continue the river activities after rafting. Ducky is a new challenge that is more demanding than rafting. During the activity you will feel the forces of the river much stronger and more intensely than during rafting. You can learn to surf the waves, take a back road, consider which routes to take and which to stay away from. Chances are pretty good that you&#8217;ll realize how ducky got its name\u2026 Ducky is suitable for groups of 4 to 8 people. The trip follows part of the same stretch on which you have hopefully rafted earlier in Sjoa. The trip ends with you paddling into our camp where lunch awaits. Ready, set, ducky!Requirements for participants: We are deeply committed to conducting safe activities. Therefore, we make certain demands on the participants on our trips. Participants must: not suffer from diseases that can be caused by stress or cold water be able to swim not be under the influence of intoxicants or narcotics \u200bYou must [&hellip;]<\/p>\n","protected":false},"author":4,"featured_media":3561,"parent":4043,"menu_order":0,"comment_status":"closed","ping_status":"closed","template":"","meta":{"_acf_changed":false,"_et_pb_use_builder":"on","_et_pb_old_content":"[et_pb_section fb_built=\"1\" fullwidth=\"on\" admin_label=\"Tittelseksjon\" _builder_version=\"4.9.4\" _module_preset=\"default\" bottom_divider_style=\"arrow\" bottom_divider_color=\"#ebf6fa\" global_colors_info=\"{}\"][et_pb_fullwidth_header title=\"Ducky\" header_scroll_down=\"on\" scroll_down_icon=\"%%3%%\" scroll_down_icon_color=\"#00BDF2\" scroll_down_icon_size=\"30px\" button_one_text=\"Se bilder\" button_one_url=\"#insta\" logo_image_url=\"https:\/\/sjoarafting.no\/wp-content\/uploads\/Sjoa_rafting_logo_hvit_tekst-395x143-1.png\" disabled_on=\"off|off|off\" _builder_version=\"4.14.2\" _dynamic_attributes=\"background_image\" _module_preset=\"default\" title_font=\"||||||||\" title_font_size=\"25px\" background_color=\"#0089B3\" background_image=\"@ET-DC@eyJkeW5hbWljIjp0cnVlLCJjb250ZW50IjoicG9zdF9mZWF0dXJlZF9pbWFnZSIsInNldHRpbmdzIjp7fX0=@\" custom_margin=\"||||false|false\" custom_padding=\"||4em||false|false\" global_colors_info=\"{}\"][\/et_pb_fullwidth_header][\/et_pb_section][et_pb_section fb_built=\"1\" admin_label=\"Innholdsseksjon\" _builder_version=\"4.9.4\" background_color=\"#ebf6fa\" global_colors_info=\"{}\"][et_pb_row column_structure=\"2_5,3_5\" admin_label=\"row\" _builder_version=\"4.9.4\" background_size=\"initial\" background_position=\"top_left\" background_repeat=\"repeat\" global_colors_info=\"{}\"][et_pb_column type=\"2_5\" _builder_version=\"4.9.4\" background_color=\"#0089B3\" custom_padding=\"1em||1em||true|false\" box_shadow_style=\"preset1\" global_colors_info=\"{}\" custom_padding__hover=\"|||\"][et_pb_text admin_label=\"Sm\u00e5fakta og priser\" _builder_version=\"4.14.4\" _module_preset=\"default\" text_orientation=\"center\" background_layout=\"dark\" custom_margin=\"||||false|false\" custom_padding=\"||||false|false\" hover_enabled=\"0\" global_colors_info=\"{}\" sticky_enabled=\"0\"]<p><strong>Aldersgrense<\/strong><br \/>18 \u00e5r<\/p>\r\n<p><strong>Sesong<br \/><\/strong>juni-september<\/p>\r\n<p><strong>Varighet<\/strong><br \/>4 timer<\/p>\r\n<p><strong>Mat<\/strong><br \/>Lunsj<\/p>\r\n<p><strong>Pris<\/strong><br \/>1240,- (man-fre)<br \/>1345,- (l\u00f8r-s\u00f8n)<\/p>[\/et_pb_text][et_pb_button button_url=\"\/om-oss\/#kontakt-oss\" button_text=\"Send foresp\u00f8rsel\" button_alignment=\"center\" admin_label=\"Foresp\u00f8rselsknapp\" module_class=\"popmake-694\" _builder_version=\"4.11.2\" _module_preset=\"default\" global_colors_info=\"{}\"][\/et_pb_button][\/et_pb_column][et_pb_column type=\"3_5\" _builder_version=\"3.25\" custom_padding=\"|||\" global_colors_info=\"{}\" custom_padding__hover=\"|||\"][et_pb_text admin_label=\"Faktatekst\" _builder_version=\"4.14.2\" _module_preset=\"default\" global_colors_info=\"{}\"]<p>Ducky er kort forklart padling i oppbl\u00e5sbare kajakker. I Sjoa bruker vi enmannduckyer.<\/p>\r\n<p>Ducky er et veldig bra alternativ for deg som \u00f8nsker \u00e5 fortsette med elveaktiviteter etter \u00e5 ha raftet. Ducky er en ny utfordring som er mer krevende enn rafting.<\/p>\r\n<p>Underveis vil du f\u00f8le kreftene i elva mye sterkere og intensivt enn p\u00e5 rafting. Du kan l\u00e6re \u00e5 surfe p\u00e5 b\u00f8lger, ta bakevjer, vurdere ruter p\u00e5 elva, hvor du kan g\u00e5 og hva du b\u00f8r ligge unna. Sjansene er temmelig store for at du kommer til \u00e5 innse hvorfor ducky har f\u00e5tt navnet sitt...<\/p>\r\n<p>Ducky passer for sm\u00e5 grupper p\u00e5 3 til 8 personer. Turen f\u00f8lger deler av samme strekning som du forh\u00e5pentligvis har raftet tidligere i Sjoa.<\/p>\r\n<p>Turen slutter med at du padler inn i leiren v\u00e5r hvor lunsjen venter.<\/p>\r\n<p>Klar, ferdig, ducky!<\/p>[\/et_pb_text][\/et_pb_column][\/et_pb_row][et_pb_row _builder_version=\"4.9.4\" _module_preset=\"default\" global_colors_info=\"{}\"][et_pb_column type=\"4_4\" _builder_version=\"4.9.4\" _module_preset=\"default\" global_colors_info=\"{}\"][et_pb_text admin_label=\"Krav m.m.\" _builder_version=\"4.14.2\" _module_preset=\"default\" global_colors_info=\"{}\"]<p><strong>Krav til deltakere:<\/strong><\/p>\r\n<p>V\u00e5r profil er \u00e5 drive sikre aktiviteter. Derfor stiller vi enkelte krav til deltakerne p\u00e5 v\u00e5re turer.<\/p>\r\n<p><strong>Deltakere m\u00e5:<\/strong><\/p>\r\n<ul>\r\n<li>ikke lide av sykdommer som kan fremkalles under stress eller av kaldt vann<\/li>\r\n<li>kunne sv\u00f8mme<\/li>\r\n<li>ikke v\u00e6re p\u00e5virket av berusende eller bed\u00f8vende midler<\/li>\r\n<\/ul>\r\n<p>\u200b<br \/><strong>Du m\u00e5 ha med:<\/strong><\/p>\r\n<ul>\r\n<li>ullgenser eller ull\/superundert\u00f8y<\/li>\r\n<li>h\u00e5ndkle (kan leies)<\/li>\r\n<\/ul>[\/et_pb_text][\/et_pb_column][\/et_pb_row][\/et_pb_section][et_pb_section fb_built=\"1\" fullwidth=\"on\" module_id=\"insta\" _builder_version=\"4.9.4\" _module_preset=\"default\" background_color=\"#ebf6fa\" global_colors_info=\"{}\"][et_pb_fullwidth_code admin_label=\"Fullbredde insta shortcode\" _builder_version=\"4.11.4\" _module_preset=\"default\" global_colors_info=\"{}\"][rev_slider alias=\"ducky\"][\/rev_slider][\/et_pb_fullwidth_code][\/et_pb_section]","_et_gb_content_width":"","footnotes":""},"categories":[16],"tags":[],"class_list":["post-4066","page","type-page","status-publish","has-post-thumbnail","hentry","category-uncategorized"],"acf":{"readmore":"Read More"},"yoast_head":"<!-- This site is optimized with the Yoast SEO Premium plugin v27.4 (Yoast SEO v27.4) - https:\/\/yoast.com\/product\/yoast-seo-premium-wordpress\/ -->\n<title>Ducky - Sjoa Rafting AS<\/title>\n<meta name=\"robots\" content=\"index, follow, max-snippet:-1, max-image-preview:large, max-video-preview:-1\" \/>\n<link rel=\"canonical\" href=\"https:\/\/sjoarafting.no\/en\/activities\/ducky\/\" \/>\n<meta property=\"og:locale\" content=\"en_US\" \/>\n<meta property=\"og:type\" content=\"article\" \/>\n<meta property=\"og:title\" content=\"Ducky\" \/>\n<meta property=\"og:description\" content=\"Age limit15 years SeasonJune-September Duration4 hours MealsLunch Price per personNOK 1290,- (Mon-Fri)NOK 1380,- (Sat-Sun)Briefly explained, ducky is paddling in inflatable kayaks. Explore Sjoa in our two-man ducks. Ducky is a great option for those who want to continue the river activities after rafting. Ducky is a new challenge that is more demanding than rafting. During the activity you will feel the forces of the river much stronger and more intensely than during rafting. You can learn to surf the waves, take a back road, consider which routes to take and which to stay away from. Chances are pretty good that you&#039;ll realize how ducky got its name\u2026 Ducky is suitable for groups of 4 to 8 people. The trip follows part of the same stretch on which you have hopefully rafted earlier in Sjoa. The trip ends with you paddling into our camp where lunch awaits. Ready, set, ducky!Requirements for participants: We are deeply committed to conducting safe activities. Therefore, we make certain demands on the participants on our trips. Participants must: not suffer from diseases that can be caused by stress or cold water be able to swim not be under the influence of intoxicants or narcotics \u200bYou must [&hellip;]\" \/>\n<meta property=\"og:url\" content=\"https:\/\/sjoarafting.no\/en\/activities\/ducky\/\" \/>\n<meta property=\"og:site_name\" content=\"Sjoa Rafting AS\" \/>\n<meta property=\"article:modified_time\" content=\"2023-04-20T23:37:18+00:00\" \/>\n<meta property=\"og:image\" content=\"https:\/\/sjoarafting.no\/wp-content\/uploads\/4-personer-pa-elven-sjoa-i-kajakk-og-ducky-sjoa-rafting.jpg\" \/>\n\t<meta property=\"og:image:width\" content=\"768\" \/>\n\t<meta property=\"og:image:height\" content=\"471\" \/>\n\t<meta property=\"og:image:type\" content=\"image\/jpeg\" \/>\n<meta name=\"twitter:card\" content=\"summary_large_image\" \/>\n<meta name=\"twitter:label1\" content=\"Est. reading time\" \/>\n\t<meta name=\"twitter:data1\" content=\"2 minutes\" \/>\n<script type=\"application\/ld+json\" class=\"yoast-schema-graph\">{\"@context\":\"https:\\\/\\\/schema.org\",\"@graph\":[{\"@type\":\"WebPage\",\"@id\":\"https:\\\/\\\/sjoarafting.no\\\/en\\\/activities\\\/ducky\\\/\",\"url\":\"https:\\\/\\\/sjoarafting.no\\\/en\\\/activities\\\/ducky\\\/\",\"name\":\"Ducky - Sjoa Rafting AS\",\"isPartOf\":{\"@id\":\"https:\\\/\\\/sjoarafting.no\\\/#website\"},\"primaryImageOfPage\":{\"@id\":\"https:\\\/\\\/sjoarafting.no\\\/en\\\/activities\\\/ducky\\\/#primaryimage\"},\"image\":{\"@id\":\"https:\\\/\\\/sjoarafting.no\\\/en\\\/activities\\\/ducky\\\/#primaryimage\"},\"thumbnailUrl\":\"https:\\\/\\\/sjoarafting.no\\\/wp-content\\\/uploads\\\/4-personer-pa-elven-sjoa-i-kajakk-og-ducky-sjoa-rafting.jpg\",\"datePublished\":\"2022-02-03T09:05:18+00:00\",\"dateModified\":\"2023-04-20T23:37:18+00:00\",\"breadcrumb\":{\"@id\":\"https:\\\/\\\/sjoarafting.no\\\/en\\\/activities\\\/ducky\\\/#breadcrumb\"},\"inLanguage\":\"en-US\",\"potentialAction\":[{\"@type\":\"ReadAction\",\"target\":[\"https:\\\/\\\/sjoarafting.no\\\/en\\\/activities\\\/ducky\\\/\"]}]},{\"@type\":\"ImageObject\",\"inLanguage\":\"en-US\",\"@id\":\"https:\\\/\\\/sjoarafting.no\\\/en\\\/activities\\\/ducky\\\/#primaryimage\",\"url\":\"https:\\\/\\\/sjoarafting.no\\\/wp-content\\\/uploads\\\/4-personer-pa-elven-sjoa-i-kajakk-og-ducky-sjoa-rafting.jpg\",\"contentUrl\":\"https:\\\/\\\/sjoarafting.no\\\/wp-content\\\/uploads\\\/4-personer-pa-elven-sjoa-i-kajakk-og-ducky-sjoa-rafting.jpg\",\"width\":768,\"height\":471,\"caption\":\"4 personer i ducky p\u00e5 vei nedover Sjoa\"},{\"@type\":\"BreadcrumbList\",\"@id\":\"https:\\\/\\\/sjoarafting.no\\\/en\\\/activities\\\/ducky\\\/#breadcrumb\",\"itemListElement\":[{\"@type\":\"ListItem\",\"position\":1,\"name\":\"Hjem\",\"item\":\"https:\\\/\\\/sjoarafting.no\\\/\"},{\"@type\":\"ListItem\",\"position\":2,\"name\":\"Activities\",\"item\":\"https:\\\/\\\/sjoarafting.no\\\/en\\\/activities\\\/\"},{\"@type\":\"ListItem\",\"position\":3,\"name\":\"Ducky\"}]},{\"@type\":\"WebSite\",\"@id\":\"https:\\\/\\\/sjoarafting.no\\\/#website\",\"url\":\"https:\\\/\\\/sjoarafting.no\\\/\",\"name\":\"Sjoa Rafting AS\",\"description\":\"Mer enn bare rafting\",\"potentialAction\":[{\"@type\":\"SearchAction\",\"target\":{\"@type\":\"EntryPoint\",\"urlTemplate\":\"https:\\\/\\\/sjoarafting.no\\\/?s={search_term_string}\"},\"query-input\":{\"@type\":\"PropertyValueSpecification\",\"valueRequired\":true,\"valueName\":\"search_term_string\"}}],\"inLanguage\":\"en-US\"}]}<\/script>\n<!-- \/ Yoast SEO Premium plugin. -->","yoast_head_json":{"title":"Ducky - Sjoa Rafting AS","robots":{"index":"index","follow":"follow","max-snippet":"max-snippet:-1","max-image-preview":"max-image-preview:large","max-video-preview":"max-video-preview:-1"},"canonical":"https:\/\/sjoarafting.no\/en\/activities\/ducky\/","og_locale":"en_US","og_type":"article","og_title":"Ducky","og_description":"Age limit15 years SeasonJune-September Duration4 hours MealsLunch Price per personNOK 1290,- (Mon-Fri)NOK 1380,- (Sat-Sun)Briefly explained, ducky is paddling in inflatable kayaks. Explore Sjoa in our two-man ducks. Ducky is a great option for those who want to continue the river activities after rafting. Ducky is a new challenge that is more demanding than rafting. During the activity you will feel the forces of the river much stronger and more intensely than during rafting. You can learn to surf the waves, take a back road, consider which routes to take and which to stay away from. Chances are pretty good that you'll realize how ducky got its name\u2026 Ducky is suitable for groups of 4 to 8 people. The trip follows part of the same stretch on which you have hopefully rafted earlier in Sjoa. The trip ends with you paddling into our camp where lunch awaits. Ready, set, ducky!Requirements for participants: We are deeply committed to conducting safe activities. Therefore, we make certain demands on the participants on our trips. Participants must: not suffer from diseases that can be caused by stress or cold water be able to swim not be under the influence of intoxicants or narcotics \u200bYou must [&hellip;]","og_url":"https:\/\/sjoarafting.no\/en\/activities\/ducky\/","og_site_name":"Sjoa Rafting AS","article_modified_time":"2023-04-20T23:37:18+00:00","og_image":[{"width":768,"height":471,"url":"https:\/\/sjoarafting.no\/wp-content\/uploads\/4-personer-pa-elven-sjoa-i-kajakk-og-ducky-sjoa-rafting.jpg","type":"image\/jpeg"}],"twitter_card":"summary_large_image","twitter_misc":{"Est. reading time":"2 minutes"},"schema":{"@context":"https:\/\/schema.org","@graph":[{"@type":"WebPage","@id":"https:\/\/sjoarafting.no\/en\/activities\/ducky\/","url":"https:\/\/sjoarafting.no\/en\/activities\/ducky\/","name":"Ducky - Sjoa Rafting AS","isPartOf":{"@id":"https:\/\/sjoarafting.no\/#website"},"primaryImageOfPage":{"@id":"https:\/\/sjoarafting.no\/en\/activities\/ducky\/#primaryimage"},"image":{"@id":"https:\/\/sjoarafting.no\/en\/activities\/ducky\/#primaryimage"},"thumbnailUrl":"https:\/\/sjoarafting.no\/wp-content\/uploads\/4-personer-pa-elven-sjoa-i-kajakk-og-ducky-sjoa-rafting.jpg","datePublished":"2022-02-03T09:05:18+00:00","dateModified":"2023-04-20T23:37:18+00:00","breadcrumb":{"@id":"https:\/\/sjoarafting.no\/en\/activities\/ducky\/#breadcrumb"},"inLanguage":"en-US","potentialAction":[{"@type":"ReadAction","target":["https:\/\/sjoarafting.no\/en\/activities\/ducky\/"]}]},{"@type":"ImageObject","inLanguage":"en-US","@id":"https:\/\/sjoarafting.no\/en\/activities\/ducky\/#primaryimage","url":"https:\/\/sjoarafting.no\/wp-content\/uploads\/4-personer-pa-elven-sjoa-i-kajakk-og-ducky-sjoa-rafting.jpg","contentUrl":"https:\/\/sjoarafting.no\/wp-content\/uploads\/4-personer-pa-elven-sjoa-i-kajakk-og-ducky-sjoa-rafting.jpg","width":768,"height":471,"caption":"4 personer i ducky p\u00e5 vei nedover Sjoa"},{"@type":"BreadcrumbList","@id":"https:\/\/sjoarafting.no\/en\/activities\/ducky\/#breadcrumb","itemListElement":[{"@type":"ListItem","position":1,"name":"Hjem","item":"https:\/\/sjoarafting.no\/"},{"@type":"ListItem","position":2,"name":"Activities","item":"https:\/\/sjoarafting.no\/en\/activities\/"},{"@type":"ListItem","position":3,"name":"Ducky"}]},{"@type":"WebSite","@id":"https:\/\/sjoarafting.no\/#website","url":"https:\/\/sjoarafting.no\/","name":"Sjoa Rafting AS","description":"Mer enn bare rafting","potentialAction":[{"@type":"SearchAction","target":{"@type":"EntryPoint","urlTemplate":"https:\/\/sjoarafting.no\/?s={search_term_string}"},"query-input":{"@type":"PropertyValueSpecification","valueRequired":true,"valueName":"search_term_string"}}],"inLanguage":"en-US"}]}},"_links":{"self":[{"href":"https:\/\/sjoarafting.no\/en\/wp-json\/wp\/v2\/pages\/4066","targetHints":{"allow":["GET"]}}],"collection":[{"href":"https:\/\/sjoarafting.no\/en\/wp-json\/wp\/v2\/pages"}],"about":[{"href":"https:\/\/sjoarafting.no\/en\/wp-json\/wp\/v2\/types\/page"}],"author":[{"embeddable":true,"href":"https:\/\/sjoarafting.no\/en\/wp-json\/wp\/v2\/users\/4"}],"replies":[{"embeddable":true,"href":"https:\/\/sjoarafting.no\/en\/wp-json\/wp\/v2\/comments?post=4066"}],"version-history":[{"count":2,"href":"https:\/\/sjoarafting.no\/en\/wp-json\/wp\/v2\/pages\/4066\/revisions"}],"predecessor-version":[{"id":5842,"href":"https:\/\/sjoarafting.no\/en\/wp-json\/wp\/v2\/pages\/4066\/revisions\/5842"}],"up":[{"embeddable":true,"href":"https:\/\/sjoarafting.no\/en\/wp-json\/wp\/v2\/pages\/4043"}],"wp:featuredmedia":[{"embeddable":true,"href":"https:\/\/sjoarafting.no\/en\/wp-json\/wp\/v2\/media\/3561"}],"wp:attachment":[{"href":"https:\/\/sjoarafting.no\/en\/wp-json\/wp\/v2\/media?parent=4066"}],"wp:term":[{"taxonomy":"category","embeddable":true,"href":"https:\/\/sjoarafting.no\/en\/wp-json\/wp\/v2\/categories?post=4066"},{"taxonomy":"post_tag","embeddable":true,"href":"https:\/\/sjoarafting.no\/en\/wp-json\/wp\/v2\/tags?post=4066"}],"curies":[{"name":"wp","href":"https:\/\/api.w.org\/{rel}","templated":true}]}}