{"id":4057,"date":"2022-02-03T09:58:38","date_gmt":"2022-02-03T08:58:38","guid":{"rendered":"https:\/\/sjoarafting.no\/?page_id=4057"},"modified":"2025-12-11T15:05:50","modified_gmt":"2025-12-11T14:05:50","slug":"bridge-jumping","status":"publish","type":"page","link":"https:\/\/sjoarafting.no\/en\/activities\/bridge-jumping\/","title":{"rendered":"Bridge jumping"},"content":{"rendered":"[et_pb_section fb_built=&#8221;1&#8243; fullwidth=&#8221;on&#8221; admin_label=&#8221;Tittelseksjon&#8221; _builder_version=&#8221;4.16&#8243; _module_preset=&#8221;default&#8221; bottom_divider_style=&#8221;arrow&#8221; bottom_divider_color=&#8221;#ebf6fa&#8221; global_colors_info=&#8221;{}&#8221;][et_pb_fullwidth_header title=&#8221;Bridge jumping&#8221; header_scroll_down=&#8221;on&#8221; scroll_down_icon=&#8221;%%3%%&#8221; scroll_down_icon_color=&#8221;#00BDF2&#8243; scroll_down_icon_size=&#8221;30px&#8221; button_one_text=&#8221;See our images&#8221; button_one_url=&#8221;#insta&#8221; logo_image_url=&#8221;https:\/\/sjoarafting.no\/wp-content\/uploads\/Sjoa_rafting_logo_hvit_tekst-395&#215;143-1.png&#8221; logo_image_url_tablet=&#8221;&#8221; logo_image_url_phone=&#8221;&#8221; logo_image_url_last_edited=&#8221;on|desktop&#8221; disabled_on=&#8221;off|off|off&#8221; _builder_version=&#8221;4.16&#8243; _dynamic_attributes=&#8221;background_image&#8221; _module_preset=&#8221;default&#8221; title_font=&#8221;||||||||&#8221; title_font_size=&#8221;25px&#8221; background_color=&#8221;#0089B3&#8243; background_image=&#8221;@ET-DC@eyJkeW5hbWljIjp0cnVlLCJjb250ZW50IjoicG9zdF9mZWF0dXJlZF9pbWFnZSIsInNldHRpbmdzIjp7fX0=@&#8221; custom_margin=&#8221;||||false|false&#8221; custom_padding=&#8221;||4em||false|false&#8221; global_colors_info=&#8221;{}&#8221; logo_image_url__hover_enabled=&#8221;off|desktop&#8221;][\/et_pb_fullwidth_header][\/et_pb_section][et_pb_section fb_built=&#8221;1&#8243; admin_label=&#8221;Innholdsseksjon&#8221; _builder_version=&#8221;4.16&#8243; background_color=&#8221;#ebf6fa&#8221; global_colors_info=&#8221;{}&#8221;][et_pb_row column_structure=&#8221;2_5,3_5&#8243; admin_label=&#8221;row&#8221; _builder_version=&#8221;4.16&#8243; background_size=&#8221;initial&#8221; background_position=&#8221;top_left&#8221; background_repeat=&#8221;repeat&#8221; global_colors_info=&#8221;{}&#8221;][et_pb_column type=&#8221;2_5&#8243; _builder_version=&#8221;4.16&#8243; background_color=&#8221;#0089B3&#8243; custom_padding=&#8221;1em||1em||true|false&#8221; box_shadow_style=&#8221;preset1&#8243; global_colors_info=&#8221;{}&#8221; custom_padding__hover=&#8221;|||&#8221;][et_pb_text admin_label=&#8221;Sm\u00e5fakta og priser&#8221; _builder_version=&#8221;4.27.5&#8243; _module_preset=&#8221;default&#8221; text_orientation=&#8221;center&#8221; background_layout=&#8221;dark&#8221; custom_margin=&#8221;||||false|false&#8221; custom_padding=&#8221;||||false|false&#8221; hover_enabled=&#8221;0&#8243; global_colors_info=&#8221;{}&#8221; sticky_enabled=&#8221;0&#8243;]\n<p><strong>Age limit<\/strong><br \/>10 years<\/p>\n<p><strong>Price per person<\/strong><br \/>NOK 310,-<br \/>NOK 1240,- Minimum price<\/p>\n[\/et_pb_text][et_pb_button button_url=&#8221;https:\/\/sjoarafting.no\/en\/about-us\/#contact-us&#8221; button_text=&#8221;Send a request&#8221; button_alignment=&#8221;center&#8221; admin_label=&#8221;Foresp\u00f8rselsknapp&#8221; module_class=&#8221;popmake-694&#8243; _builder_version=&#8221;4.16&#8243; _module_preset=&#8221;default&#8221; global_colors_info=&#8221;{}&#8221;][\/et_pb_button][\/et_pb_column][et_pb_column type=&#8221;3_5&#8243; _builder_version=&#8221;4.16&#8243; custom_padding=&#8221;|||&#8221; global_colors_info=&#8221;{}&#8221; custom_padding__hover=&#8221;|||&#8221;][et_pb_text admin_label=&#8221;Faktatekst&#8221; _builder_version=&#8221;4.24.0&#8243; _module_preset=&#8221;default&#8221; global_colors_info=&#8221;{}&#8221;]\n<p>Close to our camp there is an airy bridge over Sjoa. We attach ropes to the middle of the bridge and equip those who are going to jump with a climbing harness. We then fasten the rope to the harness, the participant goes to the end of the bridge and climbs over the railing.<\/p>\n<p>Now the participant is ready to jump. After a shorter or longer period of concentration and thoughts about life in general and what could have been done differently, the person jumps. Or climbs back on the bridge.<\/p>\n<p>If the participant chooses to jump, they will have a long pendulum movement. First a feeling of walking on the river, then of sniffing the rock wall on the other side of the river. But the movement stops, and as you move back to the starting point, you are filled with the happiness of having survived. A moment to remember for a long time.<\/p>\n<p>When the pendulum movement finally stops, the jumper hangs quietly just above the surface of the river. How the jumper gets back on the bridge depends on the quality of friends waiting on the bridge because they have to pull the jumper back up. If you have slightly bad friends, you now have a big problem.<\/p>\n<p>Recommended!<\/p>\n[\/et_pb_text][et_pb_text _builder_version=&#8221;4.24.0&#8243; _module_preset=&#8221;default&#8221; global_colors_info=&#8221;{}&#8221;]\n<p><iframe loading=\"lazy\" title=\"YouTube video player\" src=\"https:\/\/www.youtube.com\/embed\/jOEvRaY8FVs\" width=\"560\" height=\"315\" frameborder=\"0\" allowfullscreen=\"allowfullscreen\"><\/iframe><\/p>\n[\/et_pb_text][\/et_pb_column][\/et_pb_row][et_pb_row _builder_version=&#8221;4.16&#8243; _module_preset=&#8221;default&#8221; global_colors_info=&#8221;{}&#8221;][et_pb_column type=&#8221;4_4&#8243; _builder_version=&#8221;4.16&#8243; _module_preset=&#8221;default&#8221; global_colors_info=&#8221;{}&#8221;][et_pb_text admin_label=&#8221;Krav m.m.&#8221; _builder_version=&#8221;4.16&#8243; _module_preset=&#8221;default&#8221; global_colors_info=&#8221;{}&#8221;][\/et_pb_text][\/et_pb_column][\/et_pb_row][\/et_pb_section][et_pb_section fb_built=&#8221;1&#8243; module_id=&#8221;insta&#8221; _builder_version=&#8221;4.16&#8243; _module_preset=&#8221;default&#8221; background_color=&#8221;gcid-91b3920f-8c20-402e-aad2-c8ac690c8052&#8243; global_colors_info=&#8221;{%22gcid-91b3920f-8c20-402e-aad2-c8ac690c8052%22:%91%22background_color%22%93}&#8221;][et_pb_row _builder_version=&#8221;4.16&#8243; _module_preset=&#8221;default&#8221; global_colors_info=&#8221;{}&#8221;][et_pb_column type=&#8221;4_4&#8243; _builder_version=&#8221;4.16&#8243; _module_preset=&#8221;default&#8221; global_colors_info=&#8221;{}&#8221;][et_pb_text _builder_version=&#8221;4.16&#8243; _module_preset=&#8221;default&#8221; global_colors_info=&#8221;{}&#8221;]\n\t\t\t\t<p class=\"rs-p-wp-fix\"><\/p>\n\t\t\t\t<sr7-module data-alias=\"brupendel\" data-id=\"23\" id=\"SR7_23_1\" data-version=\"6.7.52\">\n\t\t\t\t\t<sr7-adjuster><\/sr7-adjuster>\n\t\t\t\t\t<sr7-content>\n\t\t\t\t\t\t<sr7-carousel>\n\t\t\t\t\t\t<sr7-slide id=\"SR7_23_1-53\" data-key=\"53\">\n\t\t\t\t\t\t\t<sr7-bg id=\"SR7_23_1-53-slidebg\" class=\"sr7-layer\"><noscript><img decoding=\"async\" src=\"https:\/\/sjoarafting.no\/wp-content\/uploads\/2K3A4310-scaled.jpg\" alt=\"Brupendling\" title=\"Brupendling\"><\/noscript><\/sr7-bg>\n\t\t\t\t\t\t<\/sr7-slide>\n\t\t\t\t\t\t<sr7-slide id=\"SR7_23_1-51\" data-key=\"51\">\n\t\t\t\t\t\t\t<sr7-bg id=\"SR7_23_1-51-slidebg\" class=\"sr7-layer\"><noscript><img decoding=\"async\" src=\"https:\/\/sjoarafting.no\/wp-content\/uploads\/2K3A4333.jpg\" alt=\"Bropendling over sjoas elva\" title=\"Bropendling over sjoas elva\"><\/noscript><\/sr7-bg>\n\t\t\t\t\t\t<\/sr7-slide>\n\t\t\t\t\t\t<sr7-slide id=\"SR7_23_1-52\" data-key=\"52\">\n\t\t\t\t\t\t\t<sr7-bg id=\"SR7_23_1-52-slidebg\" class=\"sr7-layer\"><noscript><img decoding=\"async\" src=\"https:\/\/sjoarafting.no\/wp-content\/uploads\/glad-jente-sjoa-rafting-as-scaled.jpg\" alt=\"Smilende jente med gul Sjoa Rafting hjelm\" title=\"glad-jente-sjoa-rafting-as\"><\/noscript><\/sr7-bg>\n\t\t\t\t\t\t<\/sr7-slide>\n\t\t\t\t\t\t<sr7-slide id=\"SR7_23_1-54\" data-key=\"54\">\n\t\t\t\t\t\t\t<sr7-bg id=\"SR7_23_1-54-slidebg\" class=\"sr7-layer\"><noscript><img decoding=\"async\" src=\"https:\/\/sjoarafting.no\/wp-content\/uploads\/2K3A4270-scaled.jpg\" alt=\"Brupendling er for de som \u00f8nsker \u00e5 f\u00f8le seg helt fri\" title=\"Brupendling er for de som \u00f8nsker \u00e5 f\u00f8le seg helt fri\"><\/noscript><\/sr7-bg>\n\t\t\t\t\t\t<\/sr7-slide>\n\t\t\t\t\t\t<sr7-slide id=\"SR7_23_1-55\" data-key=\"55\">\n\t\t\t\t\t\t\t<sr7-bg id=\"SR7_23_1-55-slidebg\" class=\"sr7-layer\"><noscript><img decoding=\"async\" src=\"https:\/\/sjoarafting.no\/wp-content\/uploads\/2K3A4258-scaled.jpg\" alt=\"Person som svinger seg i brupendelen over\" title=\"Person som svinger seg i brupendelen over\"><\/noscript><\/sr7-bg>\n\t\t\t\t\t\t<\/sr7-slide>\n\t\t\t\t\t\t<sr7-slide id=\"SR7_23_1-93\" data-key=\"93\">\n\t\t\t\t\t\t\t<sr7-bg id=\"SR7_23_1-93-slidebg\" class=\"sr7-layer\"><noscript><img decoding=\"async\" src=\"https:\/\/sjoarafting.no\/wp-content\/uploads\/bilde-20-717x511-1.jpg\" alt=\"\" title=\"Bridge jumping\"><\/noscript><\/sr7-bg>\n\t\t\t\t\t\t<\/sr7-slide>\n\t\t\t\t\t\t<sr7-slide id=\"SR7_23_1-265\" data-key=\"265\">\n\t\t\t\t\t\t<\/sr7-slide>\n\t\t\t\t\t\t<\/sr7-carousel>\n\t\t\t\t\t<\/sr7-content>\n\t\t\t\t<\/sr7-module>\n\t\t\t\t<script>\n\t\t\t\t\twindow.SR7 ??={};SR7.PMH ??={}; SR7.PMH[\"SR7_23_1\"] = {cn:100,state:false,fn: function() { if (window._tpt!==undefined && window._tpt.prepareModuleHeight !== undefined) {  _tpt.prepareModuleHeight({id:\"SR7_23_1\",el:[380,768,960,720],type:'carousel',shdw:'0',gh:[380,380,340,280],gw:[300,300,250,200],vpt:['-200px'],size:{fullWidth:true, fullHeight:false},mh:'0',onh:0,onw:0,bg:{color:'transparent'},carousel:{pt:'0',pb:'0'}});   SR7.PMH[\"SR7_23_1\"].state=true;} else if(SR7.PMH[\"SR7_23_1\"].cn-->0)\tsetTimeout( SR7.PMH[\"SR7_23_1\"].fn,19);}};SR7.PMH[\"SR7_23_1\" ].fn();\n\t\t\t\t<\/script>\n[\/et_pb_text][\/et_pb_column][\/et_pb_row][\/et_pb_section]\n","protected":false},"excerpt":{"rendered":"<p>Age limit10 years Price per personNOK 310,-NOK 1240,- Minimum priceClose to our camp there is an airy bridge over Sjoa. We attach ropes to the middle of the bridge and equip those who are going to jump with a climbing harness. We then fasten the rope to the harness, the participant goes to the end of the bridge and climbs over the railing. Now the participant is ready to jump. After a shorter or longer period of concentration and thoughts about life in general and what could have been done differently, the person jumps. Or climbs back on the bridge. If the participant chooses to jump, they will have a long pendulum movement. First a feeling of walking on the river, then of sniffing the rock wall on the other side of the river. But the movement stops, and as you move back to the starting point, you are filled with the happiness of having survived. A moment to remember for a long time. When the pendulum movement finally stops, the jumper hangs quietly just above the surface of the river. How the jumper gets back on the bridge depends on the quality of friends waiting on the bridge because [&hellip;]<\/p>\n","protected":false},"author":4,"featured_media":3565,"parent":4043,"menu_order":0,"comment_status":"closed","ping_status":"closed","template":"","meta":{"_acf_changed":false,"_et_pb_use_builder":"on","_et_pb_old_content":"[et_pb_section fb_built=\"1\" fullwidth=\"on\" admin_label=\"Tittelseksjon\" _builder_version=\"4.9.4\" _module_preset=\"default\" bottom_divider_style=\"arrow\" bottom_divider_color=\"#ebf6fa\" global_colors_info=\"{}\"][et_pb_fullwidth_header title=\"Brupendel\" header_scroll_down=\"on\" scroll_down_icon=\"%%3%%\" scroll_down_icon_color=\"#00BDF2\" scroll_down_icon_size=\"30px\" button_one_text=\"Se bilder\" button_one_url=\"#insta\" logo_image_url=\"https:\/\/sjoarafting.no\/wp-content\/uploads\/Sjoa_rafting_logo_hvit_tekst-395x143-1.png\" logo_image_url_tablet=\"\" logo_image_url_phone=\"\" logo_image_url_last_edited=\"on|desktop\" disabled_on=\"off|off|off\" _builder_version=\"4.14.2\" _dynamic_attributes=\"background_image\" _module_preset=\"default\" title_font=\"||||||||\" title_font_size=\"25px\" background_color=\"#0089B3\" background_image=\"@ET-DC@eyJkeW5hbWljIjp0cnVlLCJjb250ZW50IjoicG9zdF9mZWF0dXJlZF9pbWFnZSIsInNldHRpbmdzIjp7fX0=@\" custom_margin=\"||||false|false\" custom_padding=\"||4em||false|false\" global_colors_info=\"{}\" logo_image_url__hover_enabled=\"off|desktop\"][\/et_pb_fullwidth_header][\/et_pb_section][et_pb_section fb_built=\"1\" admin_label=\"Innholdsseksjon\" _builder_version=\"4.9.4\" background_color=\"#ebf6fa\" global_colors_info=\"{}\"][et_pb_row column_structure=\"2_5,3_5\" admin_label=\"row\" _builder_version=\"4.9.4\" background_size=\"initial\" background_position=\"top_left\" background_repeat=\"repeat\" global_colors_info=\"{}\"][et_pb_column type=\"2_5\" _builder_version=\"4.9.4\" background_color=\"#0089B3\" custom_padding=\"1em||1em||true|false\" box_shadow_style=\"preset1\" global_colors_info=\"{}\" custom_padding__hover=\"|||\"][et_pb_text admin_label=\"Sm\u00e5fakta og priser\" _builder_version=\"4.14.4\" _module_preset=\"default\" text_orientation=\"center\" background_layout=\"dark\" custom_margin=\"||||false|false\" custom_padding=\"||||false|false\" hover_enabled=\"0\" global_colors_info=\"{}\" sticky_enabled=\"0\"]<p><strong>Aldersgrense<\/strong><br \/>10 \u00e5r<\/p>\r\n<p><strong>Pris<\/strong><br \/>240,- (man-fre)<br \/>240,- (l\u00f8r-s\u00f8n)<br \/>900,- Minste pris<\/p>[\/et_pb_text][et_pb_button button_url=\"\/om-oss\/#kontakt-oss\" button_text=\"Send foresp\u00f8rsel\" button_alignment=\"center\" admin_label=\"Foresp\u00f8rselsknapp\" module_class=\"popmake-694\" _builder_version=\"4.11.2\" _module_preset=\"default\" global_colors_info=\"{}\"][\/et_pb_button][\/et_pb_column][et_pb_column type=\"3_5\" _builder_version=\"3.25\" custom_padding=\"|||\" global_colors_info=\"{}\" custom_padding__hover=\"|||\"][et_pb_text admin_label=\"Faktatekst\" _builder_version=\"4.9.7\" _module_preset=\"default\" global_colors_info=\"{}\"]Like ved leiren v\u00e5r er det ei luftig bru over Sjoa. Her fester vi tau midt p\u00e5 brua, og utstyrer de som skal pendle med klatresele. S\u00e5 fester vi tauet i selen, deltakeren g\u00e5r til enden av brua, og klatrer over rekkverket.\r\n\r\nN\u00e5 er deltakeren klar til \u00e5 hoppe. Og etter en kortere eller lengere tids konsentrasjon og tanker om livet generelt og hva som kunne v\u00e6rt gjort annerledes, s\u00e5 hopper vedkommende. Eller lar v\u00e6re og klatrer inn p\u00e5 brua igjen.\r\n\r\nHvis deltakeren velger \u00e5 hoppe, vil han\/hun f\u00e5 en lang pendelbevegelse. F\u00f8rst en f\u00f8lelse av \u00e5 g\u00e5 i elva, deretter av \u00e5 tryne i fjellveggen p\u00e5 andre siden av elva. Men bevegelsen stopper, og i det du pendler tilbake mot utgangspunktet fylles du av lykke over \u00e5 ha overlevd. Et \u00f8yeblikk \u00e5 leve lenge p\u00e5!\r\n\r\nN\u00e5r pendelbevegelsen til slutt stopper, henger hopperen stille like over elvevannet. Ferden videre avhenger av kvaliteten p\u00e5 vennene som er oppe p\u00e5 brua. De m\u00e5 nemlig trekke hopperen opp. Har man litt d\u00e5rlige venner, har man n\u00e5 et stort problem.\r\n\r\nAnbefales![\/et_pb_text][\/et_pb_column][\/et_pb_row][et_pb_row _builder_version=\"4.9.4\" _module_preset=\"default\" global_colors_info=\"{}\"][et_pb_column type=\"4_4\" _builder_version=\"4.9.4\" _module_preset=\"default\" global_colors_info=\"{}\"][et_pb_text admin_label=\"Krav m.m.\" _builder_version=\"4.14.2\" _module_preset=\"default\" global_colors_info=\"{}\"][\/et_pb_text][\/et_pb_column][\/et_pb_row][\/et_pb_section][et_pb_section fb_built=\"1\" module_id=\"insta\" _builder_version=\"4.12.0\" _module_preset=\"default\" background_color=\"gcid-91b3920f-8c20-402e-aad2-c8ac690c8052\" global_colors_info=\"{%22gcid-91b3920f-8c20-402e-aad2-c8ac690c8052%22:%91%22background_color%22%93}\"][et_pb_row _builder_version=\"4.11.4\" _module_preset=\"default\" global_colors_info=\"{}\"][et_pb_column type=\"4_4\" _builder_version=\"4.11.4\" _module_preset=\"default\" global_colors_info=\"{}\"][et_pb_text _builder_version=\"4.11.4\" _module_preset=\"default\" global_colors_info=\"{}\"][rev_slider alias=\"brupendel\"][\/rev_slider][\/et_pb_text][\/et_pb_column][\/et_pb_row][\/et_pb_section]","_et_gb_content_width":"","footnotes":""},"categories":[1],"tags":[],"class_list":["post-4057","page","type-page","status-publish","has-post-thumbnail","hentry","category-uncategorized-no"],"acf":{"readmore":"Read More"},"yoast_head":"<!-- This site is optimized with the Yoast SEO Premium plugin v27.3 (Yoast SEO v27.3) - https:\/\/yoast.com\/product\/yoast-seo-premium-wordpress\/ -->\n<title>Bridge jumping - Sjoa Rafting AS<\/title>\n<meta name=\"robots\" content=\"index, follow, max-snippet:-1, max-image-preview:large, max-video-preview:-1\" \/>\n<link rel=\"canonical\" href=\"https:\/\/sjoarafting.no\/en\/activities\/bridge-jumping\/\" \/>\n<meta property=\"og:locale\" content=\"en_US\" \/>\n<meta property=\"og:type\" content=\"article\" \/>\n<meta property=\"og:title\" content=\"Bridge jumping\" \/>\n<meta property=\"og:description\" content=\"Age limit10 years Price per personNOK 310,-NOK 1240,- Minimum priceClose to our camp there is an airy bridge over Sjoa. We attach ropes to the middle of the bridge and equip those who are going to jump with a climbing harness. We then fasten the rope to the harness, the participant goes to the end of the bridge and climbs over the railing. Now the participant is ready to jump. After a shorter or longer period of concentration and thoughts about life in general and what could have been done differently, the person jumps. Or climbs back on the bridge. If the participant chooses to jump, they will have a long pendulum movement. First a feeling of walking on the river, then of sniffing the rock wall on the other side of the river. But the movement stops, and as you move back to the starting point, you are filled with the happiness of having survived. A moment to remember for a long time. When the pendulum movement finally stops, the jumper hangs quietly just above the surface of the river. How the jumper gets back on the bridge depends on the quality of friends waiting on the bridge because [&hellip;]\" \/>\n<meta property=\"og:url\" content=\"https:\/\/sjoarafting.no\/en\/activities\/bridge-jumping\/\" \/>\n<meta property=\"og:site_name\" content=\"Sjoa Rafting AS\" \/>\n<meta property=\"article:modified_time\" content=\"2025-12-11T14:05:50+00:00\" \/>\n<meta property=\"og:image\" content=\"https:\/\/sjoarafting.no\/wp-content\/uploads\/mann-som-svinger-seg-fra-broen-ved-hjelp-av-en-bropendel-sjoa-rafting.jpg\" \/>\n\t<meta property=\"og:image:width\" content=\"768\" \/>\n\t<meta property=\"og:image:height\" content=\"448\" \/>\n\t<meta property=\"og:image:type\" content=\"image\/jpeg\" \/>\n<meta name=\"twitter:card\" content=\"summary_large_image\" \/>\n<meta name=\"twitter:label1\" content=\"Est. reading time\" \/>\n\t<meta name=\"twitter:data1\" content=\"3 minutes\" \/>\n<script type=\"application\/ld+json\" class=\"yoast-schema-graph\">{\"@context\":\"https:\\\/\\\/schema.org\",\"@graph\":[{\"@type\":\"WebPage\",\"@id\":\"https:\\\/\\\/sjoarafting.no\\\/en\\\/activities\\\/bridge-jumping\\\/\",\"url\":\"https:\\\/\\\/sjoarafting.no\\\/en\\\/activities\\\/bridge-jumping\\\/\",\"name\":\"Bridge jumping - Sjoa Rafting AS\",\"isPartOf\":{\"@id\":\"https:\\\/\\\/sjoarafting.no\\\/#website\"},\"primaryImageOfPage\":{\"@id\":\"https:\\\/\\\/sjoarafting.no\\\/en\\\/activities\\\/bridge-jumping\\\/#primaryimage\"},\"image\":{\"@id\":\"https:\\\/\\\/sjoarafting.no\\\/en\\\/activities\\\/bridge-jumping\\\/#primaryimage\"},\"thumbnailUrl\":\"https:\\\/\\\/sjoarafting.no\\\/wp-content\\\/uploads\\\/mann-som-svinger-seg-fra-broen-ved-hjelp-av-en-bropendel-sjoa-rafting.jpg\",\"datePublished\":\"2022-02-03T08:58:38+00:00\",\"dateModified\":\"2025-12-11T14:05:50+00:00\",\"breadcrumb\":{\"@id\":\"https:\\\/\\\/sjoarafting.no\\\/en\\\/activities\\\/bridge-jumping\\\/#breadcrumb\"},\"inLanguage\":\"en-US\",\"potentialAction\":[{\"@type\":\"ReadAction\",\"target\":[\"https:\\\/\\\/sjoarafting.no\\\/en\\\/activities\\\/bridge-jumping\\\/\"]}]},{\"@type\":\"ImageObject\",\"inLanguage\":\"en-US\",\"@id\":\"https:\\\/\\\/sjoarafting.no\\\/en\\\/activities\\\/bridge-jumping\\\/#primaryimage\",\"url\":\"https:\\\/\\\/sjoarafting.no\\\/wp-content\\\/uploads\\\/mann-som-svinger-seg-fra-broen-ved-hjelp-av-en-bropendel-sjoa-rafting.jpg\",\"contentUrl\":\"https:\\\/\\\/sjoarafting.no\\\/wp-content\\\/uploads\\\/mann-som-svinger-seg-fra-broen-ved-hjelp-av-en-bropendel-sjoa-rafting.jpg\",\"width\":768,\"height\":448,\"caption\":\"Person som hopper fra bru med sikring\"},{\"@type\":\"BreadcrumbList\",\"@id\":\"https:\\\/\\\/sjoarafting.no\\\/en\\\/activities\\\/bridge-jumping\\\/#breadcrumb\",\"itemListElement\":[{\"@type\":\"ListItem\",\"position\":1,\"name\":\"Hjem\",\"item\":\"https:\\\/\\\/sjoarafting.no\\\/\"},{\"@type\":\"ListItem\",\"position\":2,\"name\":\"Activities\",\"item\":\"https:\\\/\\\/sjoarafting.no\\\/en\\\/activities\\\/\"},{\"@type\":\"ListItem\",\"position\":3,\"name\":\"Bridge jumping\"}]},{\"@type\":\"WebSite\",\"@id\":\"https:\\\/\\\/sjoarafting.no\\\/#website\",\"url\":\"https:\\\/\\\/sjoarafting.no\\\/\",\"name\":\"Sjoa Rafting AS\",\"description\":\"Mer enn bare rafting\",\"potentialAction\":[{\"@type\":\"SearchAction\",\"target\":{\"@type\":\"EntryPoint\",\"urlTemplate\":\"https:\\\/\\\/sjoarafting.no\\\/?s={search_term_string}\"},\"query-input\":{\"@type\":\"PropertyValueSpecification\",\"valueRequired\":true,\"valueName\":\"search_term_string\"}}],\"inLanguage\":\"en-US\"}]}<\/script>\n<!-- \/ Yoast SEO Premium plugin. -->","yoast_head_json":{"title":"Bridge jumping - Sjoa Rafting AS","robots":{"index":"index","follow":"follow","max-snippet":"max-snippet:-1","max-image-preview":"max-image-preview:large","max-video-preview":"max-video-preview:-1"},"canonical":"https:\/\/sjoarafting.no\/en\/activities\/bridge-jumping\/","og_locale":"en_US","og_type":"article","og_title":"Bridge jumping","og_description":"Age limit10 years Price per personNOK 310,-NOK 1240,- Minimum priceClose to our camp there is an airy bridge over Sjoa. We attach ropes to the middle of the bridge and equip those who are going to jump with a climbing harness. We then fasten the rope to the harness, the participant goes to the end of the bridge and climbs over the railing. Now the participant is ready to jump. After a shorter or longer period of concentration and thoughts about life in general and what could have been done differently, the person jumps. Or climbs back on the bridge. If the participant chooses to jump, they will have a long pendulum movement. First a feeling of walking on the river, then of sniffing the rock wall on the other side of the river. But the movement stops, and as you move back to the starting point, you are filled with the happiness of having survived. A moment to remember for a long time. When the pendulum movement finally stops, the jumper hangs quietly just above the surface of the river. How the jumper gets back on the bridge depends on the quality of friends waiting on the bridge because [&hellip;]","og_url":"https:\/\/sjoarafting.no\/en\/activities\/bridge-jumping\/","og_site_name":"Sjoa Rafting AS","article_modified_time":"2025-12-11T14:05:50+00:00","og_image":[{"width":768,"height":448,"url":"https:\/\/sjoarafting.no\/wp-content\/uploads\/mann-som-svinger-seg-fra-broen-ved-hjelp-av-en-bropendel-sjoa-rafting.jpg","type":"image\/jpeg"}],"twitter_card":"summary_large_image","twitter_misc":{"Est. reading time":"3 minutes"},"schema":{"@context":"https:\/\/schema.org","@graph":[{"@type":"WebPage","@id":"https:\/\/sjoarafting.no\/en\/activities\/bridge-jumping\/","url":"https:\/\/sjoarafting.no\/en\/activities\/bridge-jumping\/","name":"Bridge jumping - Sjoa Rafting AS","isPartOf":{"@id":"https:\/\/sjoarafting.no\/#website"},"primaryImageOfPage":{"@id":"https:\/\/sjoarafting.no\/en\/activities\/bridge-jumping\/#primaryimage"},"image":{"@id":"https:\/\/sjoarafting.no\/en\/activities\/bridge-jumping\/#primaryimage"},"thumbnailUrl":"https:\/\/sjoarafting.no\/wp-content\/uploads\/mann-som-svinger-seg-fra-broen-ved-hjelp-av-en-bropendel-sjoa-rafting.jpg","datePublished":"2022-02-03T08:58:38+00:00","dateModified":"2025-12-11T14:05:50+00:00","breadcrumb":{"@id":"https:\/\/sjoarafting.no\/en\/activities\/bridge-jumping\/#breadcrumb"},"inLanguage":"en-US","potentialAction":[{"@type":"ReadAction","target":["https:\/\/sjoarafting.no\/en\/activities\/bridge-jumping\/"]}]},{"@type":"ImageObject","inLanguage":"en-US","@id":"https:\/\/sjoarafting.no\/en\/activities\/bridge-jumping\/#primaryimage","url":"https:\/\/sjoarafting.no\/wp-content\/uploads\/mann-som-svinger-seg-fra-broen-ved-hjelp-av-en-bropendel-sjoa-rafting.jpg","contentUrl":"https:\/\/sjoarafting.no\/wp-content\/uploads\/mann-som-svinger-seg-fra-broen-ved-hjelp-av-en-bropendel-sjoa-rafting.jpg","width":768,"height":448,"caption":"Person som hopper fra bru med sikring"},{"@type":"BreadcrumbList","@id":"https:\/\/sjoarafting.no\/en\/activities\/bridge-jumping\/#breadcrumb","itemListElement":[{"@type":"ListItem","position":1,"name":"Hjem","item":"https:\/\/sjoarafting.no\/"},{"@type":"ListItem","position":2,"name":"Activities","item":"https:\/\/sjoarafting.no\/en\/activities\/"},{"@type":"ListItem","position":3,"name":"Bridge jumping"}]},{"@type":"WebSite","@id":"https:\/\/sjoarafting.no\/#website","url":"https:\/\/sjoarafting.no\/","name":"Sjoa Rafting AS","description":"Mer enn bare rafting","potentialAction":[{"@type":"SearchAction","target":{"@type":"EntryPoint","urlTemplate":"https:\/\/sjoarafting.no\/?s={search_term_string}"},"query-input":{"@type":"PropertyValueSpecification","valueRequired":true,"valueName":"search_term_string"}}],"inLanguage":"en-US"}]}},"_links":{"self":[{"href":"https:\/\/sjoarafting.no\/en\/wp-json\/wp\/v2\/pages\/4057","targetHints":{"allow":["GET"]}}],"collection":[{"href":"https:\/\/sjoarafting.no\/en\/wp-json\/wp\/v2\/pages"}],"about":[{"href":"https:\/\/sjoarafting.no\/en\/wp-json\/wp\/v2\/types\/page"}],"author":[{"embeddable":true,"href":"https:\/\/sjoarafting.no\/en\/wp-json\/wp\/v2\/users\/4"}],"replies":[{"embeddable":true,"href":"https:\/\/sjoarafting.no\/en\/wp-json\/wp\/v2\/comments?post=4057"}],"version-history":[{"count":5,"href":"https:\/\/sjoarafting.no\/en\/wp-json\/wp\/v2\/pages\/4057\/revisions"}],"predecessor-version":[{"id":7098,"href":"https:\/\/sjoarafting.no\/en\/wp-json\/wp\/v2\/pages\/4057\/revisions\/7098"}],"up":[{"embeddable":true,"href":"https:\/\/sjoarafting.no\/en\/wp-json\/wp\/v2\/pages\/4043"}],"wp:featuredmedia":[{"embeddable":true,"href":"https:\/\/sjoarafting.no\/en\/wp-json\/wp\/v2\/media\/3565"}],"wp:attachment":[{"href":"https:\/\/sjoarafting.no\/en\/wp-json\/wp\/v2\/media?parent=4057"}],"wp:term":[{"taxonomy":"category","embeddable":true,"href":"https:\/\/sjoarafting.no\/en\/wp-json\/wp\/v2\/categories?post=4057"},{"taxonomy":"post_tag","embeddable":true,"href":"https:\/\/sjoarafting.no\/en\/wp-json\/wp\/v2\/tags?post=4057"}],"curies":[{"name":"wp","href":"https:\/\/api.w.org\/{rel}","templated":true}]}}