{"id":4050,"date":"2022-02-03T09:55:14","date_gmt":"2022-02-03T08:55:14","guid":{"rendered":"https:\/\/sjoarafting.no\/?page_id=4050"},"modified":"2025-12-11T15:10:41","modified_gmt":"2025-12-11T14:10:41","slug":"pentathlon","status":"publish","type":"page","link":"https:\/\/sjoarafting.no\/en\/activities\/pentathlon\/","title":{"rendered":"Pentathlon"},"content":{"rendered":"[et_pb_section fb_built=&#8221;1&#8243; fullwidth=&#8221;on&#8221; admin_label=&#8221;Tittelseksjon&#8221; _builder_version=&#8221;4.16&#8243; _module_preset=&#8221;default&#8221; bottom_divider_style=&#8221;arrow&#8221; bottom_divider_color=&#8221;#ebf6fa&#8221; global_colors_info=&#8221;{}&#8221;][et_pb_fullwidth_header title=&#8221;Pentathlon&#8221; header_scroll_down=&#8221;on&#8221; scroll_down_icon=&#8221;%%3%%&#8221; scroll_down_icon_color=&#8221;#00BDF2&#8243; scroll_down_icon_size=&#8221;30px&#8221; button_one_text=&#8221;See our images&#8221; button_one_url=&#8221;#insta&#8221; logo_image_url=&#8221;https:\/\/sjoarafting.no\/wp-content\/uploads\/Sjoa_rafting_logo_hvit_tekst-395&#215;143-1.png&#8221; disabled_on=&#8221;off|off|off&#8221; _builder_version=&#8221;4.16&#8243; _module_preset=&#8221;default&#8221; title_font=&#8221;||||||||&#8221; title_font_size=&#8221;25px&#8221; background_color=&#8221;#0089B3&#8243; background_image=&#8221;https:\/\/sjoarafting.no\/wp-content\/uploads\/3607.png&#8221; custom_margin=&#8221;||||false|false&#8221; custom_padding=&#8221;||4em||false|false&#8221; global_colors_info=&#8221;{}&#8221;][\/et_pb_fullwidth_header][\/et_pb_section][et_pb_section fb_built=&#8221;1&#8243; admin_label=&#8221;Innholdsseksjon&#8221; _builder_version=&#8221;4.16&#8243; background_color=&#8221;#ebf6fa&#8221; global_colors_info=&#8221;{}&#8221;][et_pb_row column_structure=&#8221;2_5,3_5&#8243; admin_label=&#8221;row&#8221; _builder_version=&#8221;4.16&#8243; background_size=&#8221;initial&#8221; background_position=&#8221;top_left&#8221; background_repeat=&#8221;repeat&#8221; global_colors_info=&#8221;{}&#8221;][et_pb_column type=&#8221;2_5&#8243; _builder_version=&#8221;4.16&#8243; background_color=&#8221;#0089B3&#8243; custom_padding=&#8221;1em||1em||true|false&#8221; box_shadow_style=&#8221;preset1&#8243; global_colors_info=&#8221;{}&#8221; custom_padding__hover=&#8221;|||&#8221;][et_pb_text admin_label=&#8221;Sm\u00e5fakta og priser&#8221; _builder_version=&#8221;4.27.5&#8243; _module_preset=&#8221;default&#8221; text_orientation=&#8221;center&#8221; background_layout=&#8221;dark&#8221; custom_margin=&#8221;||||false|false&#8221; custom_padding=&#8221;||||false|false&#8221; hover_enabled=&#8221;0&#8243; global_colors_info=&#8221;{}&#8221; sticky_enabled=&#8221;0&#8243;]\n<p><strong>Age limit<\/strong><br \/>16 years<\/p>\n<p><strong>Duration<\/strong><br \/>Varies according to the number of participants<\/p>\n<p><strong>Price per person<\/strong><br \/>NOK 295,-<\/p>\n[\/et_pb_text][et_pb_button button_url=&#8221;https:\/\/sjoarafting.no\/en\/about-us\/#contact-us&#8221; button_text=&#8221;Send a request&#8221; button_alignment=&#8221;center&#8221; admin_label=&#8221;Foresp\u00f8rselsknapp&#8221; module_class=&#8221;popmake-694&#8243; _builder_version=&#8221;4.16&#8243; _module_preset=&#8221;default&#8221; global_colors_info=&#8221;{}&#8221;][\/et_pb_button][\/et_pb_column][et_pb_column type=&#8221;3_5&#8243; _builder_version=&#8221;4.16&#8243; custom_padding=&#8221;|||&#8221; global_colors_info=&#8221;{}&#8221; custom_padding__hover=&#8221;|||&#8221;][et_pb_text admin_label=&#8221;Faktatekst&#8221; _builder_version=&#8221;4.16&#8243; _module_preset=&#8221;default&#8221; global_colors_info=&#8221;{}&#8221;]\n<p><strong>May the best (wo)man win!<\/strong><\/p>\n<p>Challenge friends, family or colleagues in a versatile competition with bow and arrow, slingshot, air pistol, blowpipe and ax throw. Who is most accurate when all the results are counted? Who surprised? Who is the outsider on the last match?<\/p>\n<p>The pentathlon challenge is a competition \u2013 individual or in teams.<\/p>\n<p>The activity can be arranged for groups of 4 up to 70-80 people.<\/p>\n<p>We guarantee a fun and engaging competition. Is there a master of masters hidden inside you?<\/p>\n<p>We recommend this activity whether you are a competitive person or not.<\/p>\n[\/et_pb_text][\/et_pb_column][\/et_pb_row][et_pb_row _builder_version=&#8221;4.16&#8243; _module_preset=&#8221;default&#8221; global_colors_info=&#8221;{}&#8221;][et_pb_column type=&#8221;4_4&#8243; _builder_version=&#8221;4.16&#8243; _module_preset=&#8221;default&#8221; global_colors_info=&#8221;{}&#8221;][et_pb_text admin_label=&#8221;Krav m.m.&#8221; _builder_version=&#8221;4.16&#8243; _module_preset=&#8221;default&#8221; global_colors_info=&#8221;{}&#8221;][\/et_pb_text][\/et_pb_column][\/et_pb_row][\/et_pb_section][et_pb_section fb_built=&#8221;1&#8243; fullwidth=&#8221;on&#8221; module_id=&#8221;insta&#8221; _builder_version=&#8221;4.16&#8243; _module_preset=&#8221;default&#8221; background_color=&#8221;#ebf6fa&#8221; global_colors_info=&#8221;{}&#8221;][et_pb_fullwidth_code admin_label=&#8221;Revslider (galleri)&#8221; _builder_version=&#8221;4.16&#8243; _module_preset=&#8221;default&#8221; global_colors_info=&#8221;{}&#8221;]\n\t\t\t\t<p class=\"rs-p-wp-fix\"><\/p>\n\t\t\t\t<sr7-module data-alias=\"5kamp\" data-id=\"22\" id=\"SR7_22_1\" data-version=\"6.7.53\">\n\t\t\t\t\t<sr7-adjuster><\/sr7-adjuster>\n\t\t\t\t\t<sr7-content>\n\t\t\t\t\t\t<sr7-carousel>\n\t\t\t\t\t\t<sr7-slide id=\"SR7_22_1-61\" data-key=\"61\">\n\t\t\t\t\t\t\t<sr7-bg id=\"SR7_22_1-61-slidebg\" class=\"sr7-layer\"><noscript><img decoding=\"async\" src=\"https:\/\/sjoarafting.no\/wp-content\/uploads\/2K3A4725-scaled.jpg\" alt=\"\" title=\"Pentathlon\"><\/noscript><\/sr7-bg>\n\t\t\t\t\t\t<\/sr7-slide>\n\t\t\t\t\t\t<sr7-slide id=\"SR7_22_1-111\" data-key=\"111\">\n\t\t\t\t\t\t\t<sr7-bg id=\"SR7_22_1-111-slidebg\" class=\"sr7-layer\"><noscript><img decoding=\"async\" src=\"https:\/\/sjoarafting.no\/wp-content\/uploads\/2K3A4745-scaled.jpg\" alt=\"\" title=\"Pentathlon\"><\/noscript><\/sr7-bg>\n\t\t\t\t\t\t<\/sr7-slide>\n\t\t\t\t\t\t<sr7-slide id=\"SR7_22_1-62\" data-key=\"62\">\n\t\t\t\t\t\t\t<sr7-bg id=\"SR7_22_1-62-slidebg\" class=\"sr7-layer\"><noscript><img decoding=\"async\" src=\"https:\/\/sjoarafting.no\/wp-content\/uploads\/2K3A4747-scaled.jpg\" alt=\"\" title=\"Pentathlon\"><\/noscript><\/sr7-bg>\n\t\t\t\t\t\t<\/sr7-slide>\n\t\t\t\t\t\t<sr7-slide id=\"SR7_22_1-60\" data-key=\"60\">\n\t\t\t\t\t\t\t<sr7-bg id=\"SR7_22_1-60-slidebg\" class=\"sr7-layer\"><noscript><img decoding=\"async\" src=\"https:\/\/sjoarafting.no\/wp-content\/uploads\/2K3A4762.jpg\" alt=\"\" title=\"Pentathlon\"><\/noscript><\/sr7-bg>\n\t\t\t\t\t\t<\/sr7-slide>\n\t\t\t\t\t\t<sr7-slide id=\"SR7_22_1-152\" data-key=\"152\">\n\t\t\t\t\t\t<\/sr7-slide>\n\t\t\t\t\t\t<sr7-slide id=\"SR7_22_1-151\" data-key=\"151\">\n\t\t\t\t\t\t<\/sr7-slide>\n\t\t\t\t\t\t<sr7-slide id=\"SR7_22_1-246\" data-key=\"246\">\n\t\t\t\t\t\t<\/sr7-slide>\n\t\t\t\t\t\t<sr7-slide id=\"SR7_22_1-264\" data-key=\"264\">\n\t\t\t\t\t\t<\/sr7-slide>\n\t\t\t\t\t\t<\/sr7-carousel>\n\t\t\t\t\t<\/sr7-content>\n\t\t\t\t<\/sr7-module>\n\t\t\t\t<script>\n\t\t\t\t\twindow.SR7 ??={};SR7.PMH ??={}; SR7.PMH[\"SR7_22_1\"] = {cn:100,state:false,fn: function() { if (window._tpt!==undefined && window._tpt.prepareModuleHeight !== undefined) {  _tpt.prepareModuleHeight({id:\"SR7_22_1\",el:[380,380,340,280],type:'carousel',shdw:'0',gh:[380,380,340,280],gw:[300,300,250,200],vpt:['-200px'],size:{fullWidth:true, fullHeight:false},mh:'0',onh:0,onw:0,bg:{color:'transparent'},carousel:{pt:'0',pb:'0'}});   SR7.PMH[\"SR7_22_1\"].state=true;} else if(SR7.PMH[\"SR7_22_1\"].cn-->0)\tsetTimeout( SR7.PMH[\"SR7_22_1\"].fn,19);}};SR7.PMH[\"SR7_22_1\" ].fn();\n\t\t\t\t<\/script>\n[\/et_pb_fullwidth_code][\/et_pb_section]\n","protected":false},"excerpt":{"rendered":"<p>Age limit16 years DurationVaries according to the number of participants Price per personNOK 295,-May the best (wo)man win! Challenge friends, family or colleagues in a versatile competition with bow and arrow, slingshot, air pistol, blowpipe and ax throw. Who is most accurate when all the results are counted? Who surprised? Who is the outsider on the last match? The pentathlon challenge is a competition \u2013 individual or in teams. The activity can be arranged for groups of 4 up to 70-80 people. We guarantee a fun and engaging competition. Is there a master of masters hidden inside you? We recommend this activity whether you are a competitive person or not.\n\t\t\t\t<p class=\"rs-p-wp-fix\"><\/p>\n\t\t\t\t<sr7-module data-alias=\"5kamp\" data-id=\"22\" id=\"SR7_22_2\" data-version=\"6.7.53\">\n\t\t\t\t\t<sr7-adjuster><\/sr7-adjuster>\n\t\t\t\t\t<sr7-content>\n\t\t\t\t\t\t<sr7-carousel>\n\t\t\t\t\t\t<sr7-slide id=\"SR7_22_2-61\" data-key=\"61\">\n\t\t\t\t\t\t\t<sr7-bg id=\"SR7_22_2-61-slidebg\" class=\"sr7-layer\"><noscript><img decoding=\"async\" src=\"https:\/\/sjoarafting.no\/wp-content\/uploads\/2K3A4725-scaled.jpg\" alt=\"\" title=\"Pentathlon\"><\/noscript><\/sr7-bg>\n\t\t\t\t\t\t<\/sr7-slide>\n\t\t\t\t\t\t<sr7-slide id=\"SR7_22_2-111\" data-key=\"111\">\n\t\t\t\t\t\t\t<sr7-bg id=\"SR7_22_2-111-slidebg\" class=\"sr7-layer\"><noscript><img decoding=\"async\" src=\"https:\/\/sjoarafting.no\/wp-content\/uploads\/2K3A4745-scaled.jpg\" alt=\"\" title=\"Pentathlon\"><\/noscript><\/sr7-bg>\n\t\t\t\t\t\t<\/sr7-slide>\n\t\t\t\t\t\t<sr7-slide id=\"SR7_22_2-62\" data-key=\"62\">\n\t\t\t\t\t\t\t<sr7-bg id=\"SR7_22_2-62-slidebg\" class=\"sr7-layer\"><noscript><img decoding=\"async\" src=\"https:\/\/sjoarafting.no\/wp-content\/uploads\/2K3A4747-scaled.jpg\" alt=\"\" title=\"Pentathlon\"><\/noscript><\/sr7-bg>\n\t\t\t\t\t\t<\/sr7-slide>\n\t\t\t\t\t\t<sr7-slide id=\"SR7_22_2-60\" data-key=\"60\">\n\t\t\t\t\t\t\t<sr7-bg id=\"SR7_22_2-60-slidebg\" class=\"sr7-layer\"><noscript><img decoding=\"async\" src=\"https:\/\/sjoarafting.no\/wp-content\/uploads\/2K3A4762.jpg\" alt=\"\" title=\"Pentathlon\"><\/noscript><\/sr7-bg>\n\t\t\t\t\t\t<\/sr7-slide>\n\t\t\t\t\t\t<sr7-slide id=\"SR7_22_2-152\" data-key=\"152\">\n\t\t\t\t\t\t<\/sr7-slide>\n\t\t\t\t\t\t<sr7-slide id=\"SR7_22_2-151\" data-key=\"151\">\n\t\t\t\t\t\t<\/sr7-slide>\n\t\t\t\t\t\t<sr7-slide id=\"SR7_22_2-246\" data-key=\"246\">\n\t\t\t\t\t\t<\/sr7-slide>\n\t\t\t\t\t\t<sr7-slide id=\"SR7_22_2-264\" data-key=\"264\">\n\t\t\t\t\t\t<\/sr7-slide>\n\t\t\t\t\t\t<\/sr7-carousel>\n\t\t\t\t\t<\/sr7-content>\n\t\t\t\t<\/sr7-module>\n\t\t\t\t<script>\n\t\t\t\t\twindow.SR7 ??={};SR7.PMH ??={}; SR7.PMH[\"SR7_22_2\"] = {cn:100,state:false,fn: function() { if (window._tpt!==undefined && window._tpt.prepareModuleHeight !== undefined) {  _tpt.prepareModuleHeight({id:\"SR7_22_2\",el:[380,380,340,280],type:'carousel',shdw:'0',gh:[380,380,340,280],gw:[300,300,250,200],vpt:['-200px'],size:{fullWidth:true, fullHeight:false},mh:'0',onh:0,onw:0,bg:{color:'transparent'},carousel:{pt:'0',pb:'0'}});   SR7.PMH[\"SR7_22_2\"].state=true;} else if(SR7.PMH[\"SR7_22_2\"].cn-->0)\tsetTimeout( SR7.PMH[\"SR7_22_2\"].fn,19);}};SR7.PMH[\"SR7_22_2\" ].fn();\n\t\t\t\t<\/script>\n<\/p>\n","protected":false},"author":4,"featured_media":3564,"parent":4043,"menu_order":0,"comment_status":"closed","ping_status":"closed","template":"","meta":{"_acf_changed":false,"_et_pb_use_builder":"on","_et_pb_old_content":"[et_pb_section fb_built=\"1\" fullwidth=\"on\" admin_label=\"Tittelseksjon\" _builder_version=\"4.9.4\" _module_preset=\"default\" bottom_divider_style=\"arrow\" bottom_divider_color=\"#ebf6fa\" global_colors_info=\"{}\"][et_pb_fullwidth_header title=\"5-Kamp\" header_scroll_down=\"on\" scroll_down_icon=\"%%3%%\" scroll_down_icon_color=\"#00BDF2\" scroll_down_icon_size=\"30px\" button_one_text=\"Se bilder\" button_one_url=\"#insta\" logo_image_url=\"https:\/\/sjoarafting.no\/wp-content\/uploads\/Sjoa_rafting_logo_hvit_tekst-395x143-1.png\" disabled_on=\"off|off|off\" _builder_version=\"4.14.2\" _module_preset=\"default\" title_font=\"||||||||\" title_font_size=\"25px\" background_color=\"#0089B3\" background_image=\"https:\/\/sjoarafting.no\/wp-content\/uploads\/3607.png\" custom_margin=\"||||false|false\" custom_padding=\"||4em||false|false\" hover_enabled=\"0\" global_colors_info=\"{}\" sticky_enabled=\"0\"][\/et_pb_fullwidth_header][\/et_pb_section][et_pb_section fb_built=\"1\" admin_label=\"Innholdsseksjon\" _builder_version=\"4.9.4\" background_color=\"#ebf6fa\" global_colors_info=\"{}\"][et_pb_row column_structure=\"2_5,3_5\" admin_label=\"row\" _builder_version=\"4.9.4\" background_size=\"initial\" background_position=\"top_left\" background_repeat=\"repeat\" global_colors_info=\"{}\"][et_pb_column type=\"2_5\" _builder_version=\"4.9.4\" background_color=\"#0089B3\" custom_padding=\"1em||1em||true|false\" box_shadow_style=\"preset1\" global_colors_info=\"{}\" custom_padding__hover=\"|||\"][et_pb_text admin_label=\"Sm\u00e5fakta og priser\" _builder_version=\"4.14.4\" _module_preset=\"default\" text_orientation=\"center\" background_layout=\"dark\" custom_margin=\"||||false|false\" custom_padding=\"||||false|false\" hover_enabled=\"0\" global_colors_info=\"{}\" sticky_enabled=\"0\"]<strong>Aldersgrense<\/strong>\r\n16 \u00e5r\r\n\r\n<strong>Varighet<\/strong>\r\nVarierer med antall deltagere\r\n\r\n<strong>Pris<\/strong>\r\n265,- (man-fre)\r\n265,- (l\u00f8r-s\u00f8n)[\/et_pb_text][et_pb_button button_url=\"\/om-oss\/#kontakt-oss\" button_text=\"Send foresp\u00f8rsel\" button_alignment=\"center\" admin_label=\"Foresp\u00f8rselsknapp\" module_class=\"popmake-694\" _builder_version=\"4.11.2\" _module_preset=\"default\" global_colors_info=\"{}\"][\/et_pb_button][\/et_pb_column][et_pb_column type=\"3_5\" _builder_version=\"3.25\" custom_padding=\"|||\" global_colors_info=\"{}\" custom_padding__hover=\"|||\"][et_pb_text admin_label=\"Faktatekst\" _builder_version=\"4.14.2\" _module_preset=\"default\" global_colors_info=\"{}\"]<p><strong>M\u00e5tte den beste vinne!\u200b<\/strong><\/p>\r\n<p>Utfordre venner, familien eller kollegaer i en allsidig konkurranse med pil og bue, sprettert, luftpistol, bl\u00e5ser\u00f8r og \u00f8ksekast. Hvem av dere er mest treffsikker n\u00e5r alle \u00f8velser telles opp? Hvem overrasker? Hvem er outsideren i siste \u00f8velse?<\/p>\r\n<p>5-kamp arrangeres som konkurranse \u2013 enten individuelt eller som lag.<\/p>\r\n<p>Aktiviteten kan arrangeres for grupper fra 4 og opp til 70-80 personer.<\/p>\r\n<p>Vi garanterer en morsom og engasjerende konkurranse. Bor det en mesternes mester i deg?<\/p>\r\n<p>Anbefales \u2013 med eller uten konkurranseinstinkt!<\/p>[\/et_pb_text][\/et_pb_column][\/et_pb_row][et_pb_row _builder_version=\"4.9.4\" _module_preset=\"default\" global_colors_info=\"{}\"][et_pb_column type=\"4_4\" _builder_version=\"4.9.4\" _module_preset=\"default\" global_colors_info=\"{}\"][et_pb_text admin_label=\"Krav m.m.\" _builder_version=\"4.14.2\" _module_preset=\"default\" global_colors_info=\"{}\"][\/et_pb_text][\/et_pb_column][\/et_pb_row][\/et_pb_section][et_pb_section fb_built=\"1\" fullwidth=\"on\" module_id=\"insta\" _builder_version=\"4.9.4\" _module_preset=\"default\" background_color=\"#ebf6fa\" global_colors_info=\"{}\"][et_pb_fullwidth_code admin_label=\"Revslider (galleri)\" _builder_version=\"4.11.4\" _module_preset=\"default\" global_colors_info=\"{}\"][rev_slider alias=\"5kamp\"][\/rev_slider][\/et_pb_fullwidth_code][\/et_pb_section]","_et_gb_content_width":"","footnotes":""},"categories":[1],"tags":[],"class_list":["post-4050","page","type-page","status-publish","has-post-thumbnail","hentry","category-uncategorized-no"],"acf":{"readmore":"Read More"},"yoast_head":"<!-- This site is optimized with the Yoast SEO Premium plugin v27.4 (Yoast SEO v27.4) - https:\/\/yoast.com\/product\/yoast-seo-premium-wordpress\/ -->\n<title>Pentathlon - Sjoa Rafting AS<\/title>\n<meta name=\"robots\" content=\"index, follow, max-snippet:-1, max-image-preview:large, max-video-preview:-1\" \/>\n<link rel=\"canonical\" href=\"https:\/\/sjoarafting.no\/en\/activities\/pentathlon\/\" \/>\n<meta property=\"og:locale\" content=\"en_US\" \/>\n<meta property=\"og:type\" content=\"article\" \/>\n<meta property=\"og:title\" content=\"Pentathlon\" \/>\n<meta property=\"og:description\" content=\"Age limit16 years DurationVaries according to the number of participants Price per personNOK 295,-May the best (wo)man win! Challenge friends, family or colleagues in a versatile competition with bow and arrow, slingshot, air pistol, blowpipe and ax throw. Who is most accurate when all the results are counted? Who surprised? Who is the outsider on the last match? The pentathlon challenge is a competition \u2013 individual or in teams. The activity can be arranged for groups of 4 up to 70-80 people. We guarantee a fun and engaging competition. Is there a master of masters hidden inside you? We recommend this activity whether you are a competitive person or not.\" \/>\n<meta property=\"og:url\" content=\"https:\/\/sjoarafting.no\/en\/activities\/pentathlon\/\" \/>\n<meta property=\"og:site_name\" content=\"Sjoa Rafting AS\" \/>\n<meta property=\"article:modified_time\" content=\"2025-12-11T14:10:41+00:00\" \/>\n<meta property=\"og:image\" content=\"https:\/\/sjoarafting.no\/wp-content\/uploads\/dame-som-sikter-pa-blink-med-bil-og-bue-sjoa-rafting.jpg\" \/>\n\t<meta property=\"og:image:width\" content=\"768\" \/>\n\t<meta property=\"og:image:height\" content=\"448\" \/>\n\t<meta property=\"og:image:type\" content=\"image\/jpeg\" \/>\n<meta name=\"twitter:card\" content=\"summary_large_image\" \/>\n<meta name=\"twitter:label1\" content=\"Est. reading time\" \/>\n\t<meta name=\"twitter:data1\" content=\"2 minutes\" \/>\n<script type=\"application\/ld+json\" class=\"yoast-schema-graph\">{\"@context\":\"https:\\\/\\\/schema.org\",\"@graph\":[{\"@type\":\"WebPage\",\"@id\":\"https:\\\/\\\/sjoarafting.no\\\/en\\\/activities\\\/pentathlon\\\/\",\"url\":\"https:\\\/\\\/sjoarafting.no\\\/en\\\/activities\\\/pentathlon\\\/\",\"name\":\"Pentathlon - Sjoa Rafting AS\",\"isPartOf\":{\"@id\":\"https:\\\/\\\/sjoarafting.no\\\/#website\"},\"primaryImageOfPage\":{\"@id\":\"https:\\\/\\\/sjoarafting.no\\\/en\\\/activities\\\/pentathlon\\\/#primaryimage\"},\"image\":{\"@id\":\"https:\\\/\\\/sjoarafting.no\\\/en\\\/activities\\\/pentathlon\\\/#primaryimage\"},\"thumbnailUrl\":\"https:\\\/\\\/sjoarafting.no\\\/wp-content\\\/uploads\\\/dame-som-sikter-pa-blink-med-bil-og-bue-sjoa-rafting.jpg\",\"datePublished\":\"2022-02-03T08:55:14+00:00\",\"dateModified\":\"2025-12-11T14:10:41+00:00\",\"breadcrumb\":{\"@id\":\"https:\\\/\\\/sjoarafting.no\\\/en\\\/activities\\\/pentathlon\\\/#breadcrumb\"},\"inLanguage\":\"en-US\",\"potentialAction\":[{\"@type\":\"ReadAction\",\"target\":[\"https:\\\/\\\/sjoarafting.no\\\/en\\\/activities\\\/pentathlon\\\/\"]}]},{\"@type\":\"ImageObject\",\"inLanguage\":\"en-US\",\"@id\":\"https:\\\/\\\/sjoarafting.no\\\/en\\\/activities\\\/pentathlon\\\/#primaryimage\",\"url\":\"https:\\\/\\\/sjoarafting.no\\\/wp-content\\\/uploads\\\/dame-som-sikter-pa-blink-med-bil-og-bue-sjoa-rafting.jpg\",\"contentUrl\":\"https:\\\/\\\/sjoarafting.no\\\/wp-content\\\/uploads\\\/dame-som-sikter-pa-blink-med-bil-og-bue-sjoa-rafting.jpg\",\"width\":768,\"height\":448,\"caption\":\"Jente som sikter mot to blinker med sin pil og bue\"},{\"@type\":\"BreadcrumbList\",\"@id\":\"https:\\\/\\\/sjoarafting.no\\\/en\\\/activities\\\/pentathlon\\\/#breadcrumb\",\"itemListElement\":[{\"@type\":\"ListItem\",\"position\":1,\"name\":\"Hjem\",\"item\":\"https:\\\/\\\/sjoarafting.no\\\/\"},{\"@type\":\"ListItem\",\"position\":2,\"name\":\"Activities\",\"item\":\"https:\\\/\\\/sjoarafting.no\\\/en\\\/activities\\\/\"},{\"@type\":\"ListItem\",\"position\":3,\"name\":\"Pentathlon\"}]},{\"@type\":\"WebSite\",\"@id\":\"https:\\\/\\\/sjoarafting.no\\\/#website\",\"url\":\"https:\\\/\\\/sjoarafting.no\\\/\",\"name\":\"Sjoa Rafting AS\",\"description\":\"Mer enn bare rafting\",\"potentialAction\":[{\"@type\":\"SearchAction\",\"target\":{\"@type\":\"EntryPoint\",\"urlTemplate\":\"https:\\\/\\\/sjoarafting.no\\\/?s={search_term_string}\"},\"query-input\":{\"@type\":\"PropertyValueSpecification\",\"valueRequired\":true,\"valueName\":\"search_term_string\"}}],\"inLanguage\":\"en-US\"}]}<\/script>\n<!-- \/ Yoast SEO Premium plugin. -->","yoast_head_json":{"title":"Pentathlon - Sjoa Rafting AS","robots":{"index":"index","follow":"follow","max-snippet":"max-snippet:-1","max-image-preview":"max-image-preview:large","max-video-preview":"max-video-preview:-1"},"canonical":"https:\/\/sjoarafting.no\/en\/activities\/pentathlon\/","og_locale":"en_US","og_type":"article","og_title":"Pentathlon","og_description":"Age limit16 years DurationVaries according to the number of participants Price per personNOK 295,-May the best (wo)man win! Challenge friends, family or colleagues in a versatile competition with bow and arrow, slingshot, air pistol, blowpipe and ax throw. Who is most accurate when all the results are counted? Who surprised? Who is the outsider on the last match? The pentathlon challenge is a competition \u2013 individual or in teams. The activity can be arranged for groups of 4 up to 70-80 people. We guarantee a fun and engaging competition. Is there a master of masters hidden inside you? We recommend this activity whether you are a competitive person or not.","og_url":"https:\/\/sjoarafting.no\/en\/activities\/pentathlon\/","og_site_name":"Sjoa Rafting AS","article_modified_time":"2025-12-11T14:10:41+00:00","og_image":[{"width":768,"height":448,"url":"https:\/\/sjoarafting.no\/wp-content\/uploads\/dame-som-sikter-pa-blink-med-bil-og-bue-sjoa-rafting.jpg","type":"image\/jpeg"}],"twitter_card":"summary_large_image","twitter_misc":{"Est. reading time":"2 minutes"},"schema":{"@context":"https:\/\/schema.org","@graph":[{"@type":"WebPage","@id":"https:\/\/sjoarafting.no\/en\/activities\/pentathlon\/","url":"https:\/\/sjoarafting.no\/en\/activities\/pentathlon\/","name":"Pentathlon - Sjoa Rafting AS","isPartOf":{"@id":"https:\/\/sjoarafting.no\/#website"},"primaryImageOfPage":{"@id":"https:\/\/sjoarafting.no\/en\/activities\/pentathlon\/#primaryimage"},"image":{"@id":"https:\/\/sjoarafting.no\/en\/activities\/pentathlon\/#primaryimage"},"thumbnailUrl":"https:\/\/sjoarafting.no\/wp-content\/uploads\/dame-som-sikter-pa-blink-med-bil-og-bue-sjoa-rafting.jpg","datePublished":"2022-02-03T08:55:14+00:00","dateModified":"2025-12-11T14:10:41+00:00","breadcrumb":{"@id":"https:\/\/sjoarafting.no\/en\/activities\/pentathlon\/#breadcrumb"},"inLanguage":"en-US","potentialAction":[{"@type":"ReadAction","target":["https:\/\/sjoarafting.no\/en\/activities\/pentathlon\/"]}]},{"@type":"ImageObject","inLanguage":"en-US","@id":"https:\/\/sjoarafting.no\/en\/activities\/pentathlon\/#primaryimage","url":"https:\/\/sjoarafting.no\/wp-content\/uploads\/dame-som-sikter-pa-blink-med-bil-og-bue-sjoa-rafting.jpg","contentUrl":"https:\/\/sjoarafting.no\/wp-content\/uploads\/dame-som-sikter-pa-blink-med-bil-og-bue-sjoa-rafting.jpg","width":768,"height":448,"caption":"Jente som sikter mot to blinker med sin pil og bue"},{"@type":"BreadcrumbList","@id":"https:\/\/sjoarafting.no\/en\/activities\/pentathlon\/#breadcrumb","itemListElement":[{"@type":"ListItem","position":1,"name":"Hjem","item":"https:\/\/sjoarafting.no\/"},{"@type":"ListItem","position":2,"name":"Activities","item":"https:\/\/sjoarafting.no\/en\/activities\/"},{"@type":"ListItem","position":3,"name":"Pentathlon"}]},{"@type":"WebSite","@id":"https:\/\/sjoarafting.no\/#website","url":"https:\/\/sjoarafting.no\/","name":"Sjoa Rafting AS","description":"Mer enn bare rafting","potentialAction":[{"@type":"SearchAction","target":{"@type":"EntryPoint","urlTemplate":"https:\/\/sjoarafting.no\/?s={search_term_string}"},"query-input":{"@type":"PropertyValueSpecification","valueRequired":true,"valueName":"search_term_string"}}],"inLanguage":"en-US"}]}},"_links":{"self":[{"href":"https:\/\/sjoarafting.no\/en\/wp-json\/wp\/v2\/pages\/4050","targetHints":{"allow":["GET"]}}],"collection":[{"href":"https:\/\/sjoarafting.no\/en\/wp-json\/wp\/v2\/pages"}],"about":[{"href":"https:\/\/sjoarafting.no\/en\/wp-json\/wp\/v2\/types\/page"}],"author":[{"embeddable":true,"href":"https:\/\/sjoarafting.no\/en\/wp-json\/wp\/v2\/users\/4"}],"replies":[{"embeddable":true,"href":"https:\/\/sjoarafting.no\/en\/wp-json\/wp\/v2\/comments?post=4050"}],"version-history":[{"count":3,"href":"https:\/\/sjoarafting.no\/en\/wp-json\/wp\/v2\/pages\/4050\/revisions"}],"predecessor-version":[{"id":7104,"href":"https:\/\/sjoarafting.no\/en\/wp-json\/wp\/v2\/pages\/4050\/revisions\/7104"}],"up":[{"embeddable":true,"href":"https:\/\/sjoarafting.no\/en\/wp-json\/wp\/v2\/pages\/4043"}],"wp:featuredmedia":[{"embeddable":true,"href":"https:\/\/sjoarafting.no\/en\/wp-json\/wp\/v2\/media\/3564"}],"wp:attachment":[{"href":"https:\/\/sjoarafting.no\/en\/wp-json\/wp\/v2\/media?parent=4050"}],"wp:term":[{"taxonomy":"category","embeddable":true,"href":"https:\/\/sjoarafting.no\/en\/wp-json\/wp\/v2\/categories?post=4050"},{"taxonomy":"post_tag","embeddable":true,"href":"https:\/\/sjoarafting.no\/en\/wp-json\/wp\/v2\/tags?post=4050"}],"curies":[{"name":"wp","href":"https:\/\/api.w.org\/{rel}","templated":true}]}}