{"id":4038,"date":"2022-02-03T09:39:54","date_gmt":"2022-02-03T08:39:54","guid":{"rendered":"https:\/\/sjoarafting.no\/?page_id=4038"},"modified":"2023-02-15T23:57:09","modified_gmt":"2023-02-15T22:57:09","slug":"familierafting","status":"publish","type":"page","link":"https:\/\/sjoarafting.no\/en\/rafting\/familierafting\/","title":{"rendered":"Familierafting"},"content":{"rendered":"[et_pb_section fb_built=&#8221;1&#8243; fullwidth=&#8221;on&#8221; admin_label=&#8221;Tittelseksjon&#8221; _builder_version=&#8221;4.16&#8243; _module_preset=&#8221;default&#8221; bottom_divider_style=&#8221;arrow&#8221; bottom_divider_color=&#8221;#ebf6fa&#8221; global_colors_info=&#8221;{}&#8221;][et_pb_fullwidth_header title=&#8221;Familierafting&#8221; header_scroll_down=&#8221;on&#8221; scroll_down_icon=&#8221;%%3%%&#8221; scroll_down_icon_color=&#8221;#00BDF2&#8243; scroll_down_icon_size=&#8221;30px&#8221; button_one_url=&#8221;#insta&#8221; logo_image_url=&#8221;https:\/\/sjoarafting.no\/wp-content\/uploads\/Sjoa_rafting_logo_hvit_tekst-395&#215;143-1.png&#8221; disabled_on=&#8221;off|off|off&#8221; _builder_version=&#8221;4.19.5&#8243; _module_preset=&#8221;default&#8221; title_font=&#8221;||||||||&#8221; title_font_size=&#8221;25px&#8221; background_color=&#8221;#0089B3&#8243; background_image=&#8221;https:\/\/sjoarafting.no\/wp-content\/uploads\/b8bf93_a816d51e9815424cbf517ee755a4fdf0_mv2.webp&#8221; custom_margin=&#8221;||||false|false&#8221; custom_padding=&#8221;||4em||false|false&#8221; hover_enabled=&#8221;0&#8243; global_colors_info=&#8221;{}&#8221; sticky_enabled=&#8221;0&#8243;][\/et_pb_fullwidth_header][\/et_pb_section][et_pb_section fb_built=&#8221;1&#8243; admin_label=&#8221;Innholdsseksjon&#8221; _builder_version=&#8221;4.19.5&#8243; background_color=&#8221;#ebf6fa&#8221; hover_enabled=&#8221;0&#8243; global_colors_info=&#8221;{}&#8221; sticky_enabled=&#8221;0&#8243;][et_pb_row _builder_version=&#8221;4.16&#8243; _module_preset=&#8221;default&#8221; global_colors_info=&#8221;{}&#8221;][et_pb_column type=&#8221;4_4&#8243; _builder_version=&#8221;4.16&#8243; _module_preset=&#8221;default&#8221; global_colors_info=&#8221;{}&#8221;][et_pb_text _builder_version=&#8221;4.19.5&#8243; _module_preset=&#8221;default&#8221; width=&#8221;100%&#8221; max_width=&#8221;100%&#8221; module_alignment=&#8221;center&#8221; hover_enabled=&#8221;0&#8243; global_colors_info=&#8221;{}&#8221; sticky_enabled=&#8221;0&#8243;]\n<h1 style=\"text-align: center;\">Activity paradise for children<\/h1>\n[\/et_pb_text][et_pb_text admin_label=&#8221;Faktatekst&#8221; _builder_version=&#8221;4.19.5&#8243; _module_preset=&#8221;default&#8221; width=&#8221;100%&#8221; max_width=&#8221;100%&#8221; module_alignment=&#8221;center&#8221; hover_enabled=&#8221;0&#8243; global_colors_info=&#8221;{}&#8221; sticky_enabled=&#8221;0&#8243;]\n<p>Our sister company, <span style=\"color: #008000;\"><a style=\"color: #008000;\" href=\"https:\/\/sjoafamilierafting.no\/\">Sjoa Familierafting<\/a><\/span> offers rafting on Gudbrandsdalsl\u00e5gen for everyone from 6 years of age as well as other exciting activities for everyone such as climbing park (for children over 3 years of age) an adventure trail, family canyoning, SUP etc.<\/p>\n<p><span style=\"color: #008000;\"><a style=\"color: #008000;\" href=\"https:\/\/sjoafamilierafting.no\/\">Sjoa Familierafting<\/a><\/span> is idyllically located right next to Gudbrandsdalsl\u00e5gen in beautiful surroundings on Varphaugen, four kilometers north of Sjoa and seven kilometers south of Otta. It creates a perfect frame for child-friendly experiences in nature.<\/p>\n<p>The rafting trips start directly from there, so there is minimal bus transport.<\/p>\n<p>The sister companies Sjoa Rafting AS and <span style=\"color: #008000;\"><a style=\"color: #008000;\" href=\"https:\/\/sjoafamilierafting.no\/\">Sjoa Familierafting<\/a><\/span> have many years of experience and collaborate and strengthen each other so that we can offer our guests the greatest experiences.<\/p>\n[\/et_pb_text][et_pb_image src=&#8221;https:\/\/sjoarafting.no\/wp-content\/uploads\/Logo_SJOA-Familierafting_3-linjer_vektor_RGB-1.png&#8221; url=&#8221;https:\/\/sjoafamilierafting.no\/&#8221; url_new_window=&#8221;on&#8221; align=&#8221;center&#8221; _builder_version=&#8221;4.16&#8243; _module_preset=&#8221;default&#8221; global_colors_info=&#8221;{}&#8221;][\/et_pb_image][et_pb_text _builder_version=&#8221;4.16&#8243; _module_preset=&#8221;default&#8221; text_orientation=&#8221;center&#8221; width=&#8221;100%&#8221; max_width=&#8221;100%&#8221; custom_padding=&#8221;||||false|false&#8221; global_colors_info=&#8221;{}&#8221;]\n\n<div class=\"wpcf7 no-js\" id=\"wpcf7-f4592-o1\" lang=\"nb-NO\" dir=\"ltr\" data-wpcf7-id=\"4592\">\n<div class=\"screen-reader-response\"><p role=\"status\" aria-live=\"polite\" aria-atomic=\"true\"><\/p> <ul><\/ul><\/div>\n<form action=\"\/en\/wp-json\/wp\/v2\/pages\/4038#wpcf7-f4592-o1\" method=\"post\" class=\"wpcf7-form init\" aria-label=\"Kontaktskjema\" novalidate=\"novalidate\" data-status=\"init\">\n<fieldset class=\"hidden-fields-container\"><input type=\"hidden\" name=\"_wpcf7\" value=\"4592\" \/><input type=\"hidden\" name=\"_wpcf7_version\" value=\"6.1.5\" \/><input type=\"hidden\" name=\"_wpcf7_locale\" value=\"nb_NO\" \/><input type=\"hidden\" name=\"_wpcf7_unit_tag\" value=\"wpcf7-f4592-o1\" \/><input type=\"hidden\" name=\"_wpcf7_container_post\" value=\"0\" \/><input type=\"hidden\" name=\"_wpcf7_posted_data_hash\" value=\"\" \/><input type=\"hidden\" name=\"_wpcf7_recaptcha_response\" value=\"\" \/>\n<\/fieldset>\n<div class=\"row\">\n\t<div class=\"col-12\">\n\t\t<p><span class=\"wpcf7-form-control-wrap\" data-name=\"your-name\"><input size=\"40\" maxlength=\"400\" class=\"wpcf7-form-control wpcf7-text wpcf7-validates-as-required form-control\" aria-required=\"true\" aria-invalid=\"false\" placeholder=\"Name *\" value=\"\" type=\"text\" name=\"your-name\" \/><\/span>\n\t\t<\/p>\n\t<\/div>\n\t<div class=\"col-12\">\n\t\t<p><span class=\"wpcf7-form-control-wrap\" data-name=\"your-phone\"><input size=\"40\" maxlength=\"400\" class=\"wpcf7-form-control wpcf7-tel wpcf7-validates-as-required wpcf7-text wpcf7-validates-as-tel form-control\" aria-required=\"true\" aria-invalid=\"false\" placeholder=\"Phone *\" value=\"\" type=\"tel\" name=\"your-phone\" \/><\/span>\n\t\t<\/p>\n\t<\/div>\n\t<div class=\"col-12\">\n\t\t<p><span class=\"wpcf7-form-control-wrap\" data-name=\"your-email\"><input size=\"40\" maxlength=\"400\" class=\"wpcf7-form-control wpcf7-email wpcf7-validates-as-required wpcf7-text wpcf7-validates-as-email form-control\" aria-required=\"true\" aria-invalid=\"false\" placeholder=\"E-mail *\" value=\"\" type=\"email\" name=\"your-email\" \/><\/span>\n\t\t<\/p>\n\t<\/div>\n\t<div class=\"col-12\">\n\t\t<p><span class=\"wpcf7-form-control-wrap\" data-name=\"your-message\"><textarea cols=\"40\" rows=\"10\" maxlength=\"2000\" class=\"wpcf7-form-control wpcf7-textarea form-control\" aria-invalid=\"false\" placeholder=\"Your message\" name=\"your-message\"><\/textarea><\/span>\n\t\t<\/p>\n\t<\/div>\n\t<div class=\"col-12 text-center\">\n\t\t<p><button class=\"wpcf7-form-control wpcf7-submit has-spinner et_pb_button et_pb_bg_layout_light btn btn-primary\" type=\"submit\" value=\"Send\">Send<\/button>\n\t\t<\/p>\n\t<\/div>\n\t<h3>\n\t<div class=\"wpcf7-response-output\" aria-hidden=\"true\"><\/div>\n\t<\/h3>\n<\/div>\n\n<\/form>\n<\/div>\n\n[\/et_pb_text][\/et_pb_column][\/et_pb_row][\/et_pb_section][et_pb_section fb_built=&#8221;1&#8243; module_id=&#8221;galleri&#8221; _builder_version=&#8221;4.16&#8243; _module_preset=&#8221;default&#8221; background_color=&#8221;gcid-91b3920f-8c20-402e-aad2-c8ac690c8052&#8243; custom_padding=&#8221;||2px|||&#8221; global_colors_info=&#8221;{%22gcid-91b3920f-8c20-402e-aad2-c8ac690c8052%22:%91%22background_color%22%93}&#8221;][et_pb_row _builder_version=&#8221;4.16&#8243; _module_preset=&#8221;default&#8221; max_width=&#8221;80%&#8221; global_colors_info=&#8221;{}&#8221;][et_pb_column type=&#8221;4_4&#8243; _builder_version=&#8221;4.16&#8243; _module_preset=&#8221;default&#8221; global_colors_info=&#8221;{}&#8221;][et_pb_text disabled_on=&#8221;on|on|on&#8221; _builder_version=&#8221;4.16&#8243; _module_preset=&#8221;default&#8221; disabled=&#8221;on&#8221; global_colors_info=&#8221;{}&#8221;]\n\n\t\t\t\t<p class=\"rs-p-wp-fix\"><\/p>\n\t\t\t\t<sr7-module data-alias=\"firma-1\" data-id=\"41\" id=\"SR7_41_1\" data-version=\"6.7.52\">\n\t\t\t\t\t<sr7-adjuster><\/sr7-adjuster>\n\t\t\t\t\t<sr7-content>\n\t\t\t\t\t\t<sr7-carousel>\n\t\t\t\t\t\t<sr7-slide id=\"SR7_41_1-165\" data-key=\"165\">\n\t\t\t\t\t\t\t<sr7-bg id=\"SR7_41_1-165-slidebg\" class=\"sr7-layer\"><noscript><img decoding=\"async\" src=\"https:\/\/sjoarafting.no\/wp-content\/uploads\/glad-jente-sjoa-rafting-as-scaled.jpg\" alt=\"Smilende jente med gul Sjoa Rafting hjelm\" title=\"glad-jente-sjoa-rafting-as\"><\/noscript><\/sr7-bg>\n\t\t\t\t\t\t<\/sr7-slide>\n\t\t\t\t\t\t<sr7-slide id=\"SR7_41_1-166\" data-key=\"166\">\n\t\t\t\t\t\t\t<sr7-bg id=\"SR7_41_1-166-slidebg\" class=\"sr7-layer\"><noscript><img decoding=\"async\" src=\"https:\/\/sjoarafting.no\/wp-content\/uploads\/2K3A4258-scaled.jpg\" alt=\"Person som svinger seg i brupendelen over\" title=\"Person som svinger seg i brupendelen over\"><\/noscript><\/sr7-bg>\n\t\t\t\t\t\t<\/sr7-slide>\n\t\t\t\t\t\t<sr7-slide id=\"SR7_41_1-173\" data-key=\"173\">\n\t\t\t\t\t\t<\/sr7-slide>\n\t\t\t\t\t\t<sr7-slide id=\"SR7_41_1-167\" data-key=\"167\">\n\t\t\t\t\t\t<\/sr7-slide>\n\t\t\t\t\t\t<sr7-slide id=\"SR7_41_1-172\" data-key=\"172\">\n\t\t\t\t\t\t<\/sr7-slide>\n\t\t\t\t\t\t<sr7-slide id=\"SR7_41_1-168\" data-key=\"168\">\n\t\t\t\t\t\t<\/sr7-slide>\n\t\t\t\t\t\t<sr7-slide id=\"SR7_41_1-189\" data-key=\"189\">\n\t\t\t\t\t\t<\/sr7-slide>\n\t\t\t\t\t\t<sr7-slide id=\"SR7_41_1-169\" data-key=\"169\">\n\t\t\t\t\t\t<\/sr7-slide>\n\t\t\t\t\t\t<sr7-slide id=\"SR7_41_1-174\" data-key=\"174\">\n\t\t\t\t\t\t<\/sr7-slide>\n\t\t\t\t\t\t<sr7-slide id=\"SR7_41_1-170\" data-key=\"170\">\n\t\t\t\t\t\t<\/sr7-slide>\n\t\t\t\t\t\t<sr7-slide id=\"SR7_41_1-171\" data-key=\"171\">\n\t\t\t\t\t\t<\/sr7-slide>\n\t\t\t\t\t\t<sr7-slide id=\"SR7_41_1-175\" data-key=\"175\">\n\t\t\t\t\t\t<\/sr7-slide>\n\t\t\t\t\t\t<sr7-slide id=\"SR7_41_1-176\" data-key=\"176\">\n\t\t\t\t\t\t<\/sr7-slide>\n\t\t\t\t\t\t<sr7-slide id=\"SR7_41_1-279\" data-key=\"279\">\n\t\t\t\t\t\t<\/sr7-slide>\n\t\t\t\t\t\t<\/sr7-carousel>\n\t\t\t\t\t<\/sr7-content>\n\t\t\t\t<\/sr7-module>\n\t\t\t\t<script>\n\t\t\t\t\twindow.SR7 ??={};SR7.PMH ??={}; SR7.PMH[\"SR7_41_1\"] = {cn:100,state:false,fn: function() { if (window._tpt!==undefined && window._tpt.prepareModuleHeight !== undefined) {  _tpt.prepareModuleHeight({id:\"SR7_41_1\",el:[380,380,340,280],type:'carousel',shdw:'0',gh:[380,380,340,280],gw:[300,300,250,200],vpt:['-200px'],size:{fullWidth:true, fullHeight:false},mh:'0',onh:0,onw:0,bg:{color:'transparent'},carousel:{pt:'0',pb:'0'}});   SR7.PMH[\"SR7_41_1\"].state=true;} else if(SR7.PMH[\"SR7_41_1\"].cn-->0)\tsetTimeout( SR7.PMH[\"SR7_41_1\"].fn,19);}};SR7.PMH[\"SR7_41_1\" ].fn();\n\t\t\t\t<\/script>\n\n[\/et_pb_text][\/et_pb_column][\/et_pb_row][\/et_pb_section]\n","protected":false},"excerpt":{"rendered":"<p>Litt s\u00f8r for Sjoa Rafting ligger Sjoa Familierafting ved naboelva L\u00e5gens bredder. Her finner du opplevelser for hele familien, med rafting og andre aktiviteter der barna blir satt i fokus og ekstra godt ivaretatt. P\u00e5 denne turen kan du og familien bli med p\u00e5 rafting i Gudbrandsdalasl\u00e5gen.<\/p>\n","protected":false},"author":4,"featured_media":0,"parent":4022,"menu_order":0,"comment_status":"closed","ping_status":"closed","template":"","meta":{"_acf_changed":false,"_et_pb_use_builder":"on","_et_pb_old_content":"[et_pb_section fb_built=\"1\" fullwidth=\"on\" admin_label=\"Tittelseksjon\" _builder_version=\"4.9.4\" _module_preset=\"default\" bottom_divider_style=\"arrow\" bottom_divider_color=\"#ebf6fa\" global_colors_info=\"{}\"][et_pb_fullwidth_header title=\"Familierafting\" header_scroll_down=\"on\" scroll_down_icon=\"%%3%%\" scroll_down_icon_color=\"#00BDF2\" scroll_down_icon_size=\"30px\" button_one_url=\"#insta\" logo_image_url=\"https:\/\/sjoarafting.no\/wp-content\/uploads\/Sjoa_rafting_logo_hvit_tekst-395x143-1.png\" disabled_on=\"off|off|off\" _builder_version=\"4.10.6\" _module_preset=\"default\" title_font=\"||||||||\" title_font_size=\"25px\" background_color=\"#0089B3\" background_image=\"https:\/\/sjoarafting.no\/wp-content\/uploads\/b8bf93_a816d51e9815424cbf517ee755a4fdf0_mv2.webp\" custom_margin=\"||||false|false\" custom_padding=\"||4em||false|false\" global_colors_info=\"{}\"][\/et_pb_fullwidth_header][\/et_pb_section][et_pb_section fb_built=\"1\" admin_label=\"Innholdsseksjon\" _builder_version=\"4.9.4\" background_color=\"#ebf6fa\" global_colors_info=\"{}\"][et_pb_row _builder_version=\"4.11.2\" _module_preset=\"default\" global_colors_info=\"{}\"][et_pb_column type=\"4_4\" _builder_version=\"4.10.6\" _module_preset=\"default\" global_colors_info=\"{}\"][et_pb_text _builder_version=\"4.11.2\" _module_preset=\"default\" width=\"100%\" max_width=\"100%\" module_alignment=\"center\" global_colors_info=\"{}\"]<h1 style=\"text-align: center;\">Aktivitets <span style=\"color: #00bdf2;\">elv<\/span>orado for barn<\/h1>[\/et_pb_text][et_pb_text admin_label=\"Faktatekst\" _builder_version=\"4.14.2\" _module_preset=\"default\" width=\"100%\" max_width=\"100%\" module_alignment=\"center\" global_colors_info=\"{}\"]<p>V\u00e5rt s\u00f8sterselskap, <span style=\"color: #008000;\"><a style=\"color: #008000;\" href=\"https:\/\/sjoafamilierafting.no\/\">Sjoa Familierafting<\/a><\/span> kan tilby rafting p\u00e5 L\u00e5gen for alle fra 6 \u00e5r. Samt andre spennende aktiviteter for barn som klatrepark (over 3 \u00e5r), opplevelsessti, familiejuving, SUP m.m.<\/p>\r\n<p><span style=\"color: #008000;\"><a style=\"color: #008000;\" href=\"https:\/\/sjoafamilierafting.no\/\">Sjoa Familierafting<\/a><\/span> ligger idyllisk til helt inntil L\u00e5gen i vakre omgivelser p\u00e5 Varphaugen fire kilometer nord for Sjoa og ca. syv kilometer s\u00f8r for Otta og danner en optimal ramme for barnevennlige naturopplevelser.<\/p>\r\n<p>Raftingturene starter direkte herfra, s\u00e5 det er minimalt med busstransport.<\/p>\r\n<p>S\u00f8sterselskapene, Sjoa Rafting AS og <span style=\"color: #008000;\"><a style=\"color: #008000;\" href=\"https:\/\/sjoafamilierafting.no\/\">Sjoa Familierafting<\/a><\/span> har mange \u00e5rs erfaring og samarbeider og styrker hverandre slik at vi kan gi v\u00e5re gjester de beste opplevelsene.<\/p>[\/et_pb_text][et_pb_image src=\"https:\/\/sjoarafting.no\/wp-content\/uploads\/Logo_SJOA-Familierafting_3-linjer_vektor_RGB-1.png\" url=\"https:\/\/sjoafamilierafting.no\/\" url_new_window=\"on\" align=\"center\" _builder_version=\"4.10.6\" _module_preset=\"default\" global_colors_info=\"{}\"][\/et_pb_image][et_pb_text _builder_version=\"4.11.2\" _module_preset=\"default\" text_orientation=\"center\" width=\"100%\" max_width=\"100%\" custom_padding=\"||||false|false\" global_colors_info=\"{}\"]<p>[contact-form-7 id=\"1708\" title=\"Kontaktskjema_familierafting\"]<\/p>[\/et_pb_text][\/et_pb_column][\/et_pb_row][\/et_pb_section][et_pb_section fb_built=\"1\" module_id=\"galleri\" _builder_version=\"4.12.0\" _module_preset=\"default\" background_color=\"gcid-91b3920f-8c20-402e-aad2-c8ac690c8052\" custom_padding=\"||2px|||\" global_colors_info=\"{%22gcid-91b3920f-8c20-402e-aad2-c8ac690c8052%22:%91%22background_color%22%93}\"][et_pb_row _builder_version=\"4.10.7\" _module_preset=\"default\" max_width=\"80%\" global_colors_info=\"{}\"][et_pb_column type=\"4_4\" _builder_version=\"4.10.7\" _module_preset=\"default\" global_colors_info=\"{}\"][et_pb_text disabled_on=\"on|on|on\" _builder_version=\"4.14.2\" _module_preset=\"default\" disabled=\"on\" global_colors_info=\"{}\"]<p>[rev_slider alias=\"firma-1\"][\/rev_slider]<\/p>[\/et_pb_text][\/et_pb_column][\/et_pb_row][\/et_pb_section]","_et_gb_content_width":"","footnotes":""},"class_list":["post-4038","page","type-page","status-publish","hentry"],"acf":[],"yoast_head":"<!-- This site is optimized with the Yoast SEO Premium plugin v27.3 (Yoast SEO v27.3) - https:\/\/yoast.com\/product\/yoast-seo-premium-wordpress\/ -->\n<title>Familierafting - Sjoa Rafting AS<\/title>\n<meta name=\"robots\" content=\"index, follow, max-snippet:-1, max-image-preview:large, max-video-preview:-1\" \/>\n<link rel=\"canonical\" href=\"https:\/\/sjoarafting.no\/en\/rafting\/familierafting\/\" \/>\n<meta property=\"og:locale\" content=\"en_US\" \/>\n<meta property=\"og:type\" content=\"article\" \/>\n<meta property=\"og:title\" content=\"Familierafting\" \/>\n<meta property=\"og:description\" content=\"Litt s\u00f8r for Sjoa Rafting ligger Sjoa Familierafting ved naboelva L\u00e5gens bredder. Her finner du opplevelser for hele familien, med rafting og andre aktiviteter der barna blir satt i fokus og ekstra godt ivaretatt. P\u00e5 denne turen kan du og familien bli med p\u00e5 rafting i Gudbrandsdalasl\u00e5gen.\" \/>\n<meta property=\"og:url\" content=\"https:\/\/sjoarafting.no\/en\/rafting\/familierafting\/\" \/>\n<meta property=\"og:site_name\" content=\"Sjoa Rafting AS\" \/>\n<meta property=\"article:modified_time\" content=\"2023-02-15T22:57:09+00:00\" \/>\n<meta property=\"og:image\" content=\"https:\/\/sjoarafting.no\/wp-content\/uploads\/sjoa-rafting-dronebilde-av-sjoa-rafting-camp-med-to-raftingbater-pa-vannet.jpg\" \/>\n\t<meta property=\"og:image:width\" content=\"1200\" \/>\n\t<meta property=\"og:image:height\" content=\"675\" \/>\n\t<meta property=\"og:image:type\" content=\"image\/jpeg\" \/>\n<meta name=\"twitter:card\" content=\"summary_large_image\" \/>\n<meta name=\"twitter:label1\" content=\"Est. reading time\" \/>\n\t<meta name=\"twitter:data1\" content=\"2 minutes\" \/>\n<script type=\"application\/ld+json\" class=\"yoast-schema-graph\">{\"@context\":\"https:\\\/\\\/schema.org\",\"@graph\":[{\"@type\":\"WebPage\",\"@id\":\"https:\\\/\\\/sjoarafting.no\\\/en\\\/rafting\\\/familierafting\\\/\",\"url\":\"https:\\\/\\\/sjoarafting.no\\\/en\\\/rafting\\\/familierafting\\\/\",\"name\":\"Familierafting - Sjoa Rafting AS\",\"isPartOf\":{\"@id\":\"https:\\\/\\\/sjoarafting.no\\\/#website\"},\"datePublished\":\"2022-02-03T08:39:54+00:00\",\"dateModified\":\"2023-02-15T22:57:09+00:00\",\"breadcrumb\":{\"@id\":\"https:\\\/\\\/sjoarafting.no\\\/en\\\/rafting\\\/familierafting\\\/#breadcrumb\"},\"inLanguage\":\"en-US\",\"potentialAction\":[{\"@type\":\"ReadAction\",\"target\":[\"https:\\\/\\\/sjoarafting.no\\\/en\\\/rafting\\\/familierafting\\\/\"]}]},{\"@type\":\"BreadcrumbList\",\"@id\":\"https:\\\/\\\/sjoarafting.no\\\/en\\\/rafting\\\/familierafting\\\/#breadcrumb\",\"itemListElement\":[{\"@type\":\"ListItem\",\"position\":1,\"name\":\"Hjem\",\"item\":\"https:\\\/\\\/sjoarafting.no\\\/\"},{\"@type\":\"ListItem\",\"position\":2,\"name\":\"Rafting\",\"item\":\"https:\\\/\\\/sjoarafting.no\\\/en\\\/rafting\\\/\"},{\"@type\":\"ListItem\",\"position\":3,\"name\":\"Familierafting\"}]},{\"@type\":\"WebSite\",\"@id\":\"https:\\\/\\\/sjoarafting.no\\\/#website\",\"url\":\"https:\\\/\\\/sjoarafting.no\\\/\",\"name\":\"Sjoa Rafting AS\",\"description\":\"Mer enn bare rafting\",\"potentialAction\":[{\"@type\":\"SearchAction\",\"target\":{\"@type\":\"EntryPoint\",\"urlTemplate\":\"https:\\\/\\\/sjoarafting.no\\\/?s={search_term_string}\"},\"query-input\":{\"@type\":\"PropertyValueSpecification\",\"valueRequired\":true,\"valueName\":\"search_term_string\"}}],\"inLanguage\":\"en-US\"}]}<\/script>\n<!-- \/ Yoast SEO Premium plugin. -->","yoast_head_json":{"title":"Familierafting - Sjoa Rafting AS","robots":{"index":"index","follow":"follow","max-snippet":"max-snippet:-1","max-image-preview":"max-image-preview:large","max-video-preview":"max-video-preview:-1"},"canonical":"https:\/\/sjoarafting.no\/en\/rafting\/familierafting\/","og_locale":"en_US","og_type":"article","og_title":"Familierafting","og_description":"Litt s\u00f8r for Sjoa Rafting ligger Sjoa Familierafting ved naboelva L\u00e5gens bredder. Her finner du opplevelser for hele familien, med rafting og andre aktiviteter der barna blir satt i fokus og ekstra godt ivaretatt. P\u00e5 denne turen kan du og familien bli med p\u00e5 rafting i Gudbrandsdalasl\u00e5gen.","og_url":"https:\/\/sjoarafting.no\/en\/rafting\/familierafting\/","og_site_name":"Sjoa Rafting AS","article_modified_time":"2023-02-15T22:57:09+00:00","og_image":[{"width":1200,"height":675,"url":"https:\/\/sjoarafting.no\/wp-content\/uploads\/sjoa-rafting-dronebilde-av-sjoa-rafting-camp-med-to-raftingbater-pa-vannet.jpg","type":"image\/jpeg"}],"twitter_card":"summary_large_image","twitter_misc":{"Est. reading time":"2 minutes"},"schema":{"@context":"https:\/\/schema.org","@graph":[{"@type":"WebPage","@id":"https:\/\/sjoarafting.no\/en\/rafting\/familierafting\/","url":"https:\/\/sjoarafting.no\/en\/rafting\/familierafting\/","name":"Familierafting - Sjoa Rafting AS","isPartOf":{"@id":"https:\/\/sjoarafting.no\/#website"},"datePublished":"2022-02-03T08:39:54+00:00","dateModified":"2023-02-15T22:57:09+00:00","breadcrumb":{"@id":"https:\/\/sjoarafting.no\/en\/rafting\/familierafting\/#breadcrumb"},"inLanguage":"en-US","potentialAction":[{"@type":"ReadAction","target":["https:\/\/sjoarafting.no\/en\/rafting\/familierafting\/"]}]},{"@type":"BreadcrumbList","@id":"https:\/\/sjoarafting.no\/en\/rafting\/familierafting\/#breadcrumb","itemListElement":[{"@type":"ListItem","position":1,"name":"Hjem","item":"https:\/\/sjoarafting.no\/"},{"@type":"ListItem","position":2,"name":"Rafting","item":"https:\/\/sjoarafting.no\/en\/rafting\/"},{"@type":"ListItem","position":3,"name":"Familierafting"}]},{"@type":"WebSite","@id":"https:\/\/sjoarafting.no\/#website","url":"https:\/\/sjoarafting.no\/","name":"Sjoa Rafting AS","description":"Mer enn bare rafting","potentialAction":[{"@type":"SearchAction","target":{"@type":"EntryPoint","urlTemplate":"https:\/\/sjoarafting.no\/?s={search_term_string}"},"query-input":{"@type":"PropertyValueSpecification","valueRequired":true,"valueName":"search_term_string"}}],"inLanguage":"en-US"}]}},"_links":{"self":[{"href":"https:\/\/sjoarafting.no\/en\/wp-json\/wp\/v2\/pages\/4038","targetHints":{"allow":["GET"]}}],"collection":[{"href":"https:\/\/sjoarafting.no\/en\/wp-json\/wp\/v2\/pages"}],"about":[{"href":"https:\/\/sjoarafting.no\/en\/wp-json\/wp\/v2\/types\/page"}],"author":[{"embeddable":true,"href":"https:\/\/sjoarafting.no\/en\/wp-json\/wp\/v2\/users\/4"}],"replies":[{"embeddable":true,"href":"https:\/\/sjoarafting.no\/en\/wp-json\/wp\/v2\/comments?post=4038"}],"version-history":[{"count":1,"href":"https:\/\/sjoarafting.no\/en\/wp-json\/wp\/v2\/pages\/4038\/revisions"}],"predecessor-version":[{"id":5551,"href":"https:\/\/sjoarafting.no\/en\/wp-json\/wp\/v2\/pages\/4038\/revisions\/5551"}],"up":[{"embeddable":true,"href":"https:\/\/sjoarafting.no\/en\/wp-json\/wp\/v2\/pages\/4022"}],"wp:attachment":[{"href":"https:\/\/sjoarafting.no\/en\/wp-json\/wp\/v2\/media?parent=4038"}],"curies":[{"name":"wp","href":"https:\/\/api.w.org\/{rel}","templated":true}]}}